{"id":3463,"date":"2025-06-04T18:23:25","date_gmt":"2025-06-04T18:23:25","guid":{"rendered":"https:\/\/test.fitnessworldgym27.com\/?post_type=product&#038;p=3463"},"modified":"2026-03-30T19:26:17","modified_gmt":"2026-03-30T19:26:17","slug":"e-l-f-tone-adjusting-face-primer-30ml","status":"publish","type":"product","link":"https:\/\/cosmeticstoredz.com\/ar\/product\/e-l-f-tone-adjusting-face-primer-30ml\/","title":{"rendered":"E.L.F TONE ADJUSTING FACE PRIMER 30ML"},"content":{"rendered":"","protected":false},"excerpt":{"rendered":"<p><strong>Un primer neutralisant avec une teinte verte l\u00e9g\u00e8re, con\u00e7u pour r\u00e9duire les rougeurs et uniformiser le teint.<\/strong><\/p>\n<p>\u2728 <strong>Pourquoi on l\u2019adore :<\/strong><br \/>\n\u2714 <strong>Teinte verte neutralisante<\/strong> pour minimiser les rougeurs.<br \/>\n\u2714 <strong>Formule cr\u00e9meuse soyeuse<\/strong> qui lisse le teint.<br \/>\n\u2714 <strong>Fini mat naturel<\/strong> pour un r\u00e9sultat impeccable.<br \/>\n\u2714 <strong>\u00c0 porter seul<\/strong> ou sous le maquillage pour une base parfaite.<\/p>","protected":false},"featured_media":17180,"comment_status":"open","ping_status":"closed","template":"","meta":[],"product_brand":[],"product_cat":[277,122,231,123],"product_tag":[],"class_list":{"0":"post-3463","1":"product","2":"type-product","3":"status-publish","4":"has-post-thumbnail","6":"product_cat-e-l-f","7":"product_cat-make-up","8":"product_cat-primer-base","9":"product_cat-teint","11":"first","12":"outofstock","13":"shipping-taxable","14":"purchasable","15":"product-type-simple"},"_links":{"self":[{"href":"https:\/\/cosmeticstoredz.com\/ar\/wp-json\/wp\/v2\/product\/3463","targetHints":{"allow":["GET"]}}],"collection":[{"href":"https:\/\/cosmeticstoredz.com\/ar\/wp-json\/wp\/v2\/product"}],"about":[{"href":"https:\/\/cosmeticstoredz.com\/ar\/wp-json\/wp\/v2\/types\/product"}],"replies":[{"embeddable":true,"href":"https:\/\/cosmeticstoredz.com\/ar\/wp-json\/wp\/v2\/comments?post=3463"}],"version-history":[{"count":1,"href":"https:\/\/cosmeticstoredz.com\/ar\/wp-json\/wp\/v2\/product\/3463\/revisions"}],"predecessor-version":[{"id":17181,"href":"https:\/\/cosmeticstoredz.com\/ar\/wp-json\/wp\/v2\/product\/3463\/revisions\/17181"}],"wp:featuredmedia":[{"embeddable":true,"href":"https:\/\/cosmeticstoredz.com\/ar\/wp-json\/wp\/v2\/media\/17180"}],"wp:attachment":[{"href":"https:\/\/cosmeticstoredz.com\/ar\/wp-json\/wp\/v2\/media?parent=3463"}],"wp:term":[{"taxonomy":"product_brand","embeddable":true,"href":"https:\/\/cosmeticstoredz.com\/ar\/wp-json\/wp\/v2\/product_brand?post=3463"},{"taxonomy":"product_cat","embeddable":true,"href":"https:\/\/cosmeticstoredz.com\/ar\/wp-json\/wp\/v2\/product_cat?post=3463"},{"taxonomy":"product_tag","embeddable":true,"href":"https:\/\/cosmeticstoredz.com\/ar\/wp-json\/wp\/v2\/product_tag?post=3463"}],"curies":[{"name":"wp","href":"https:\/\/api.w.org\/{rel}","templated":true}]}}