{"id":3403,"date":"2025-06-04T18:23:10","date_gmt":"2025-06-04T18:23:10","guid":{"rendered":"https:\/\/test.fitnessworldgym27.com\/?post_type=product&#038;p=3403"},"modified":"2026-04-08T22:28:59","modified_gmt":"2026-04-08T22:28:59","slug":"loreal-mascara-telescopic-lift","status":"publish","type":"product","link":"https:\/\/cosmeticstoredz.com\/ar\/product\/loreal-mascara-telescopic-lift\/","title":{"rendered":"L?OREAL MASCARA TELESCOPIC LIFT"},"content":{"rendered":"<ul class=\"product-points\">\n<li>Ascenseur \u00e0 cils instantan\u00e9s: Soulevez vos cils au niveau suivant avec le mascara \u00e9l\u00e9vateur t\u00e9lescopique. Le pinceau \u00e0 double crochet pour le poils attrape et charge chaque cil pour donner un ascenseur instantan\u00e9, un volume et jusqu&rsquo;\u00e0 5 mm de longueur visible avec jusqu&rsquo;\u00e0 36 heures d&rsquo;usure<\/li>\n<li>Tout sur les yeux: le mascara t\u00e9lescopique facile \u00e0 appliquer est pr\u00e9sent\u00e9 dans les nuances de mascara lavables 3 et la teinte de mascara imperm\u00e9able 1. Le mascara se retire facilement avec du savon et de l&rsquo;eau. Test\u00e9 par l&rsquo;ophtalmologiste et adapt\u00e9 aux yeux sensibles<\/li>\n<li>Maquillage facile \u00e0 appliquer: pour de meilleurs r\u00e9sultats de maquillage, proc\u00e9dez comme suit. Premi\u00e8re \u00e9tape &#8211; soulevez et chargez les cils \u00e0 l&rsquo;aide des poils du crochet avant pour allonger et volumiser les cils de la racine \u00e0 l&rsquo;extr\u00e9mit\u00e9. \u00c9tape 2 &#8211; utiliser le peigne de crochet lat\u00e9ral pour s\u00e9parer les cils<\/li>\n<li>Parce que vous en valez la peine: cr\u00e9ez le look que vous voulez avec notre gamme compl\u00e8te de maquillage, y compris les fondations, les cache-coureurs, le maquillage des surligneurs, les crayons \u00e0 front, les palettes de fards \u00e0 paupi\u00e8res, les rouges \u00e0 l\u00e8vres et bien plus encore<\/li>\n<li>L&rsquo;Or\u00e9al Paris Beauty: Entreprise de soins de beaut\u00e9 de premier plan bas\u00e9e \u00e0 Paris, nous proposons des produits innovants et une expertise unique d&rsquo;experts en beaut\u00e9 en maquillage, soins de la peau, soins capillaires, coiffage et coloration capillaire<\/li>\n<\/ul>","protected":false},"excerpt":{"rendered":"<p class=\"title\">Mascara L&rsquo;Or\u00e9al Paris Lift T\u00e9lescopique, Maquillage des Yeux Allongeant et Volumisant, Lash Lift avec Usure Jusqu&rsquo;\u00e0 36HR, Lavable, Noir le plus Noir, 0.33 Fl Oz<\/p>\n<div id=\"recommendedRating\" class=\"respondents b-2\"><\/div>","protected":false},"featured_media":17128,"comment_status":"open","ping_status":"closed","template":"","meta":[],"product_brand":[409],"product_cat":[75,153,122,186,126],"product_tag":[],"class_list":{"0":"post-3403","1":"product","2":"type-product","3":"status-publish","4":"has-post-thumbnail","6":"product_brand-loreal","7":"product_cat-femme","8":"product_cat-loreal","9":"product_cat-make-up","10":"product_cat-mascara","11":"product_cat-yeux","13":"first","14":"instock","15":"sale","16":"shipping-taxable","17":"purchasable","18":"product-type-simple"},"_links":{"self":[{"href":"https:\/\/cosmeticstoredz.com\/ar\/wp-json\/wp\/v2\/product\/3403","targetHints":{"allow":["GET"]}}],"collection":[{"href":"https:\/\/cosmeticstoredz.com\/ar\/wp-json\/wp\/v2\/product"}],"about":[{"href":"https:\/\/cosmeticstoredz.com\/ar\/wp-json\/wp\/v2\/types\/product"}],"replies":[{"embeddable":true,"href":"https:\/\/cosmeticstoredz.com\/ar\/wp-json\/wp\/v2\/comments?post=3403"}],"version-history":[{"count":2,"href":"https:\/\/cosmeticstoredz.com\/ar\/wp-json\/wp\/v2\/product\/3403\/revisions"}],"predecessor-version":[{"id":25488,"href":"https:\/\/cosmeticstoredz.com\/ar\/wp-json\/wp\/v2\/product\/3403\/revisions\/25488"}],"wp:featuredmedia":[{"embeddable":true,"href":"https:\/\/cosmeticstoredz.com\/ar\/wp-json\/wp\/v2\/media\/17128"}],"wp:attachment":[{"href":"https:\/\/cosmeticstoredz.com\/ar\/wp-json\/wp\/v2\/media?parent=3403"}],"wp:term":[{"taxonomy":"product_brand","embeddable":true,"href":"https:\/\/cosmeticstoredz.com\/ar\/wp-json\/wp\/v2\/product_brand?post=3403"},{"taxonomy":"product_cat","embeddable":true,"href":"https:\/\/cosmeticstoredz.com\/ar\/wp-json\/wp\/v2\/product_cat?post=3403"},{"taxonomy":"product_tag","embeddable":true,"href":"https:\/\/cosmeticstoredz.com\/ar\/wp-json\/wp\/v2\/product_tag?post=3403"}],"curies":[{"name":"wp","href":"https:\/\/api.w.org\/{rel}","templated":true}]}}