{"id":3393,"date":"2025-06-04T18:23:10","date_gmt":"2025-06-04T18:23:10","guid":{"rendered":"https:\/\/test.fitnessworldgym27.com\/?post_type=product&#038;p=3393"},"modified":"2026-04-18T19:23:05","modified_gmt":"2026-04-18T19:23:05","slug":"loreal-men-expert-hydra-energetic-anti-fatigue","status":"publish","type":"product","link":"https:\/\/cosmeticstoredz.com\/ar\/product\/loreal-men-expert-hydra-energetic-anti-fatigue\/","title":{"rendered":"L&rsquo;OREAL MEN EXPERT HYDRA ENERGETIC ANTI FATIGUE"},"content":{"rendered":"","protected":false},"excerpt":{"rendered":"<div data-js-product-section=\"\" data-js-section-id=\"pdp-section-product-tabs\">\n<section class=\"l-section h-no-margin\">\n<div class=\"l-section__row\" data-js-product-rich-tabs=\"\">\n<div class=\"c-section__content\">\n<div class=\"c-tabs m-pdp m-secondary\" data-component=\"global\/Tabs\" data-analytics=\"{}\" data-component-options=\"{&quot;stickyDesktopTabItems&quot;:false,&quot;stickyMobileTabItems&quot;:false,&quot;tabCssClass&quot;:&quot;&quot;,&quot;tabActiveCssClass&quot;:&quot;&quot;,&quot;scrollOffset&quot;:60}\" data-component-id=\"p_96my53dw7f6\">\n<div class=\"c-tabs__content\" data-js-tab-content=\"\">\n<div id=\"p_96my53dw7f6_panel_0\" class=\"c-tabs__panel h-text-no-wrap-content  m-active\" role=\"tabpanel\" data-js-tab-panel=\"\" data-tab-hash=\"description\" data-js-layout=\"\" data-analytics=\"{&quot;promoObject&quot;:{&quot;creative&quot;:&quot;Description&quot;},&quot;event&quot;:&quot;uaevent&quot;,&quot;category&quot;:&quot;product detail page&quot;,&quot;action&quot;:&quot;description&quot;,&quot;label&quot;:&quot;men expert hydra energetic    soin hydratant spf15 anti-fatigue::3600524041700&quot;,&quot;extraData&quot;:{&quot;event_name&quot;:&quot;product_info_click&quot;,&quot;product_tab&quot;:&quot;description&quot;,&quot;product_info&quot;:&quot;men expert hydra energetic    soin hydratant spf15 anti-fatigue::3600524041700&quot;}}\" aria-labelledby=\"p_96my53dw7f6_control_0\">\n<div class=\"c-content-tile       m-stack-for-small\"><\/p>\n<div class=\"c-content-tile__section c-content-tile__content\">D\u00e9couvrez le soin hydratant anti-fatigue SPF15 sp\u00e9cialement con\u00e7u pour les hommes \u00e0 la peau fatigu\u00e9e. Il \u00e9nergise, hydrate la peau et la prot\u00e8ge des rayons UV. Sa formule enrichie en Vitamine C, actif connue pour ses propri\u00e9t\u00e9s \u00e9nergisante, elle aide \u00e0 combattre les signes visibles de fatigue. Texture gel-cr\u00e8me ultra l\u00e9g\u00e8re, non grasse et non collante, pour une p\u00e9n\u00e9tration instantan\u00e9e.<\/div>\n<\/div>\n<\/div>\n<\/div>\n<\/div>\n<\/div>\n<\/div>\n<\/section>\n<\/div>","protected":false},"featured_media":17106,"comment_status":"open","ping_status":"closed","template":"","meta":[],"product_brand":[409],"product_cat":[74,72,153,73],"product_tag":[],"class_list":{"0":"post-3393","1":"product","2":"type-product","3":"status-publish","4":"has-post-thumbnail","6":"product_brand-loreal","7":"product_cat-gel-douche-h","8":"product_cat-homme","9":"product_cat-loreal","10":"product_cat-soin-corps-h","12":"first","13":"outofstock","14":"shipping-taxable","15":"purchasable","16":"product-type-simple"},"yoast_head":"<!-- This site is optimized with the Yoast SEO plugin v27.3 - https:\/\/yoast.com\/product\/yoast-seo-wordpress\/ -->\n<title>L&#039;OREAL MEN EXPERT HYDRA ENERGETIC ANTI FATIGUE - Cosmetic Store<\/title>\n<meta name=\"robots\" content=\"index, follow, max-snippet:-1, max-image-preview:large, max-video-preview:-1\" \/>\n<link rel=\"canonical\" href=\"https:\/\/cosmeticstoredz.com\/ar\/product\/loreal-men-expert-hydra-energetic-anti-fatigue\/\" \/>\n<meta property=\"og:locale\" content=\"ar_AR\" \/>\n<meta property=\"og:type\" content=\"article\" \/>\n<meta property=\"og:title\" content=\"L&#039;OREAL MEN EXPERT HYDRA ENERGETIC ANTI FATIGUE - Cosmetic Store\" \/>\n<meta property=\"og:description\" content=\"D\u00e9couvrez le soin hydratant anti-fatigue SPF15 sp\u00e9cialement con\u00e7u pour les hommes \u00e0 la peau fatigu\u00e9e. Il \u00e9nergise, hydrate la peau et la prot\u00e8ge des rayons UV. Sa formule enrichie en Vitamine C, actif connue pour ses propri\u00e9t\u00e9s \u00e9nergisante, elle aide \u00e0 combattre les signes visibles de fatigue. Texture gel-cr\u00e8me ultra l\u00e9g\u00e8re, non grasse et non collante, pour une p\u00e9n\u00e9tration instantan\u00e9e.\" \/>\n<meta property=\"og:url\" content=\"https:\/\/cosmeticstoredz.com\/ar\/product\/loreal-men-expert-hydra-energetic-anti-fatigue\/\" \/>\n<meta property=\"og:site_name\" content=\"Cosmetic Store\" \/>\n<meta property=\"article:publisher\" content=\"https:\/\/www.facebook.com\/profile.php?id=61564954260683\" \/>\n<meta property=\"article:modified_time\" content=\"2026-04-18T19:23:05+00:00\" \/>\n<meta property=\"og:image\" content=\"https:\/\/cosmeticstoredz.com\/wp-content\/uploads\/2026\/02\/Cosmetic-2025-03-02T120113.266.png\" \/>\n\t<meta property=\"og:image:width\" content=\"500\" \/>\n\t<meta property=\"og:image:height\" content=\"500\" \/>\n\t<meta property=\"og:image:type\" content=\"image\/png\" \/>\n<meta name=\"twitter:card\" content=\"summary_large_image\" \/>\n<script type=\"application\/ld+json\" class=\"yoast-schema-graph\">{\"@context\":\"https:\\\/\\\/schema.org\",\"@graph\":[{\"@type\":\"WebPage\",\"@id\":\"https:\\\/\\\/cosmeticstoredz.com\\\/produit\\\/loreal-men-expert-hydra-energetic-anti-fatigue\\\/\",\"url\":\"https:\\\/\\\/cosmeticstoredz.com\\\/produit\\\/loreal-men-expert-hydra-energetic-anti-fatigue\\\/\",\"name\":\"L'OREAL MEN EXPERT HYDRA ENERGETIC ANTI FATIGUE - Cosmetic Store\",\"isPartOf\":{\"@id\":\"https:\\\/\\\/cosmeticstoredz.com\\\/#website\"},\"primaryImageOfPage\":{\"@id\":\"https:\\\/\\\/cosmeticstoredz.com\\\/produit\\\/loreal-men-expert-hydra-energetic-anti-fatigue\\\/#primaryimage\"},\"image\":{\"@id\":\"https:\\\/\\\/cosmeticstoredz.com\\\/produit\\\/loreal-men-expert-hydra-energetic-anti-fatigue\\\/#primaryimage\"},\"thumbnailUrl\":\"https:\\\/\\\/cosmeticstoredz.com\\\/wp-content\\\/uploads\\\/2026\\\/02\\\/Cosmetic-2025-03-02T120113.266.png\",\"datePublished\":\"2025-06-04T18:23:10+00:00\",\"dateModified\":\"2026-04-18T19:23:05+00:00\",\"breadcrumb\":{\"@id\":\"https:\\\/\\\/cosmeticstoredz.com\\\/produit\\\/loreal-men-expert-hydra-energetic-anti-fatigue\\\/#breadcrumb\"},\"inLanguage\":\"ar\",\"potentialAction\":[{\"@type\":\"ReadAction\",\"target\":[\"https:\\\/\\\/cosmeticstoredz.com\\\/produit\\\/loreal-men-expert-hydra-energetic-anti-fatigue\\\/\"]}]},{\"@type\":\"ImageObject\",\"inLanguage\":\"ar\",\"@id\":\"https:\\\/\\\/cosmeticstoredz.com\\\/produit\\\/loreal-men-expert-hydra-energetic-anti-fatigue\\\/#primaryimage\",\"url\":\"https:\\\/\\\/cosmeticstoredz.com\\\/wp-content\\\/uploads\\\/2026\\\/02\\\/Cosmetic-2025-03-02T120113.266.png\",\"contentUrl\":\"https:\\\/\\\/cosmeticstoredz.com\\\/wp-content\\\/uploads\\\/2026\\\/02\\\/Cosmetic-2025-03-02T120113.266.png\",\"width\":500,\"height\":500},{\"@type\":\"BreadcrumbList\",\"@id\":\"https:\\\/\\\/cosmeticstoredz.com\\\/produit\\\/loreal-men-expert-hydra-energetic-anti-fatigue\\\/#breadcrumb\",\"itemListElement\":[{\"@type\":\"ListItem\",\"position\":1,\"name\":\"Accueil\",\"item\":\"https:\\\/\\\/cosmeticstoredz.com\\\/\"},{\"@type\":\"ListItem\",\"position\":2,\"name\":\"Boutique\",\"item\":\"https:\\\/\\\/cosmeticstoredz.com\\\/boutique\\\/\"},{\"@type\":\"ListItem\",\"position\":3,\"name\":\"L&rsquo;OREAL MEN EXPERT HYDRA ENERGETIC ANTI FATIGUE\"}]},{\"@type\":\"WebSite\",\"@id\":\"https:\\\/\\\/cosmeticstoredz.com\\\/#website\",\"url\":\"https:\\\/\\\/cosmeticstoredz.com\\\/\",\"name\":\"Cosmetic Store\",\"description\":\"\",\"publisher\":{\"@id\":\"https:\\\/\\\/cosmeticstoredz.com\\\/#organization\"},\"potentialAction\":[{\"@type\":\"SearchAction\",\"target\":{\"@type\":\"EntryPoint\",\"urlTemplate\":\"https:\\\/\\\/cosmeticstoredz.com\\\/?s={search_term_string}\"},\"query-input\":{\"@type\":\"PropertyValueSpecification\",\"valueRequired\":true,\"valueName\":\"search_term_string\"}}],\"inLanguage\":\"ar\"},{\"@type\":\"Organization\",\"@id\":\"https:\\\/\\\/cosmeticstoredz.com\\\/#organization\",\"name\":\"Cosmetic Store\",\"url\":\"https:\\\/\\\/cosmeticstoredz.com\\\/\",\"logo\":{\"@type\":\"ImageObject\",\"inLanguage\":\"ar\",\"@id\":\"https:\\\/\\\/cosmeticstoredz.com\\\/#\\\/schema\\\/logo\\\/image\\\/\",\"url\":\"https:\\\/\\\/cosmeticstoredz.com\\\/wp-content\\\/uploads\\\/2026\\\/02\\\/cropped-LOGO_CS-512x512-1-1-e1771275285345.webp\",\"contentUrl\":\"https:\\\/\\\/cosmeticstoredz.com\\\/wp-content\\\/uploads\\\/2026\\\/02\\\/cropped-LOGO_CS-512x512-1-1-e1771275285345.webp\",\"width\":265,\"height\":319,\"caption\":\"Cosmetic Store\"},\"image\":{\"@id\":\"https:\\\/\\\/cosmeticstoredz.com\\\/#\\\/schema\\\/logo\\\/image\\\/\"},\"sameAs\":[\"https:\\\/\\\/www.facebook.com\\\/profile.php?id=61564954260683\",\"https:\\\/\\\/www.instagram.com\\\/cosmetic.storedz\\\/\"]}]}<\/script>\n<!-- \/ Yoast SEO plugin. -->","yoast_head_json":{"title":"L'OREAL MEN EXPERT HYDRA ENERGETIC ANTI FATIGUE - Cosmetic Store","robots":{"index":"index","follow":"follow","max-snippet":"max-snippet:-1","max-image-preview":"max-image-preview:large","max-video-preview":"max-video-preview:-1"},"canonical":"https:\/\/cosmeticstoredz.com\/ar\/product\/loreal-men-expert-hydra-energetic-anti-fatigue\/","og_locale":"ar_AR","og_type":"article","og_title":"L'OREAL MEN EXPERT HYDRA ENERGETIC ANTI FATIGUE - Cosmetic Store","og_description":"D\u00e9couvrez le soin hydratant anti-fatigue SPF15 sp\u00e9cialement con\u00e7u pour les hommes \u00e0 la peau fatigu\u00e9e. Il \u00e9nergise, hydrate la peau et la prot\u00e8ge des rayons UV. Sa formule enrichie en Vitamine C, actif connue pour ses propri\u00e9t\u00e9s \u00e9nergisante, elle aide \u00e0 combattre les signes visibles de fatigue. Texture gel-cr\u00e8me ultra l\u00e9g\u00e8re, non grasse et non collante, pour une p\u00e9n\u00e9tration instantan\u00e9e.","og_url":"https:\/\/cosmeticstoredz.com\/ar\/product\/loreal-men-expert-hydra-energetic-anti-fatigue\/","og_site_name":"Cosmetic Store","article_publisher":"https:\/\/www.facebook.com\/profile.php?id=61564954260683","article_modified_time":"2026-04-18T19:23:05+00:00","og_image":[{"width":500,"height":500,"url":"https:\/\/cosmeticstoredz.com\/wp-content\/uploads\/2026\/02\/Cosmetic-2025-03-02T120113.266.png","type":"image\/png"}],"twitter_card":"summary_large_image","schema":{"@context":"https:\/\/schema.org","@graph":[{"@type":"WebPage","@id":"https:\/\/cosmeticstoredz.com\/produit\/loreal-men-expert-hydra-energetic-anti-fatigue\/","url":"https:\/\/cosmeticstoredz.com\/produit\/loreal-men-expert-hydra-energetic-anti-fatigue\/","name":"L'OREAL MEN EXPERT HYDRA ENERGETIC ANTI FATIGUE - Cosmetic Store","isPartOf":{"@id":"https:\/\/cosmeticstoredz.com\/#website"},"primaryImageOfPage":{"@id":"https:\/\/cosmeticstoredz.com\/produit\/loreal-men-expert-hydra-energetic-anti-fatigue\/#primaryimage"},"image":{"@id":"https:\/\/cosmeticstoredz.com\/produit\/loreal-men-expert-hydra-energetic-anti-fatigue\/#primaryimage"},"thumbnailUrl":"https:\/\/cosmeticstoredz.com\/wp-content\/uploads\/2026\/02\/Cosmetic-2025-03-02T120113.266.png","datePublished":"2025-06-04T18:23:10+00:00","dateModified":"2026-04-18T19:23:05+00:00","breadcrumb":{"@id":"https:\/\/cosmeticstoredz.com\/produit\/loreal-men-expert-hydra-energetic-anti-fatigue\/#breadcrumb"},"inLanguage":"ar","potentialAction":[{"@type":"ReadAction","target":["https:\/\/cosmeticstoredz.com\/produit\/loreal-men-expert-hydra-energetic-anti-fatigue\/"]}]},{"@type":"ImageObject","inLanguage":"ar","@id":"https:\/\/cosmeticstoredz.com\/produit\/loreal-men-expert-hydra-energetic-anti-fatigue\/#primaryimage","url":"https:\/\/cosmeticstoredz.com\/wp-content\/uploads\/2026\/02\/Cosmetic-2025-03-02T120113.266.png","contentUrl":"https:\/\/cosmeticstoredz.com\/wp-content\/uploads\/2026\/02\/Cosmetic-2025-03-02T120113.266.png","width":500,"height":500},{"@type":"BreadcrumbList","@id":"https:\/\/cosmeticstoredz.com\/produit\/loreal-men-expert-hydra-energetic-anti-fatigue\/#breadcrumb","itemListElement":[{"@type":"ListItem","position":1,"name":"Accueil","item":"https:\/\/cosmeticstoredz.com\/"},{"@type":"ListItem","position":2,"name":"Boutique","item":"https:\/\/cosmeticstoredz.com\/boutique\/"},{"@type":"ListItem","position":3,"name":"L&rsquo;OREAL MEN EXPERT HYDRA ENERGETIC ANTI FATIGUE"}]},{"@type":"WebSite","@id":"https:\/\/cosmeticstoredz.com\/#website","url":"https:\/\/cosmeticstoredz.com\/","name":"Cosmetic Store","description":"","publisher":{"@id":"https:\/\/cosmeticstoredz.com\/#organization"},"potentialAction":[{"@type":"SearchAction","target":{"@type":"EntryPoint","urlTemplate":"https:\/\/cosmeticstoredz.com\/?s={search_term_string}"},"query-input":{"@type":"PropertyValueSpecification","valueRequired":true,"valueName":"search_term_string"}}],"inLanguage":"ar"},{"@type":"Organization","@id":"https:\/\/cosmeticstoredz.com\/#organization","name":"Cosmetic Store","url":"https:\/\/cosmeticstoredz.com\/","logo":{"@type":"ImageObject","inLanguage":"ar","@id":"https:\/\/cosmeticstoredz.com\/#\/schema\/logo\/image\/","url":"https:\/\/cosmeticstoredz.com\/wp-content\/uploads\/2026\/02\/cropped-LOGO_CS-512x512-1-1-e1771275285345.webp","contentUrl":"https:\/\/cosmeticstoredz.com\/wp-content\/uploads\/2026\/02\/cropped-LOGO_CS-512x512-1-1-e1771275285345.webp","width":265,"height":319,"caption":"Cosmetic Store"},"image":{"@id":"https:\/\/cosmeticstoredz.com\/#\/schema\/logo\/image\/"},"sameAs":["https:\/\/www.facebook.com\/profile.php?id=61564954260683","https:\/\/www.instagram.com\/cosmetic.storedz\/"]}]}},"_links":{"self":[{"href":"https:\/\/cosmeticstoredz.com\/ar\/wp-json\/wp\/v2\/product\/3393","targetHints":{"allow":["GET"]}}],"collection":[{"href":"https:\/\/cosmeticstoredz.com\/ar\/wp-json\/wp\/v2\/product"}],"about":[{"href":"https:\/\/cosmeticstoredz.com\/ar\/wp-json\/wp\/v2\/types\/product"}],"replies":[{"embeddable":true,"href":"https:\/\/cosmeticstoredz.com\/ar\/wp-json\/wp\/v2\/comments?post=3393"}],"version-history":[{"count":1,"href":"https:\/\/cosmeticstoredz.com\/ar\/wp-json\/wp\/v2\/product\/3393\/revisions"}],"predecessor-version":[{"id":17107,"href":"https:\/\/cosmeticstoredz.com\/ar\/wp-json\/wp\/v2\/product\/3393\/revisions\/17107"}],"wp:featuredmedia":[{"embeddable":true,"href":"https:\/\/cosmeticstoredz.com\/ar\/wp-json\/wp\/v2\/media\/17106"}],"wp:attachment":[{"href":"https:\/\/cosmeticstoredz.com\/ar\/wp-json\/wp\/v2\/media?parent=3393"}],"wp:term":[{"taxonomy":"product_brand","embeddable":true,"href":"https:\/\/cosmeticstoredz.com\/ar\/wp-json\/wp\/v2\/product_brand?post=3393"},{"taxonomy":"product_cat","embeddable":true,"href":"https:\/\/cosmeticstoredz.com\/ar\/wp-json\/wp\/v2\/product_cat?post=3393"},{"taxonomy":"product_tag","embeddable":true,"href":"https:\/\/cosmeticstoredz.com\/ar\/wp-json\/wp\/v2\/product_tag?post=3393"}],"curies":[{"name":"wp","href":"https:\/\/api.w.org\/{rel}","templated":true}]}}