{"id":3337,"date":"2025-06-04T18:22:52","date_gmt":"2025-06-04T18:22:52","guid":{"rendered":"https:\/\/test.fitnessworldgym27.com\/?post_type=product&#038;p=3337"},"modified":"2026-03-30T19:24:28","modified_gmt":"2026-03-30T19:24:28","slug":"gliss-masque-protein-nutrition-mask","status":"publish","type":"product","link":"https:\/\/cosmeticstoredz.com\/ar\/product\/gliss-masque-protein-nutrition-mask\/","title":{"rendered":"GLISS MASQUE PROTEIN+ NUTRITION MASK"},"content":{"rendered":"<h1 class=\"product_title entry-title wd-entities-title\">GLISS MASQUE PROTEINE+<\/h1>\n<p>GLISS SOIN MIRACLE pour cheveux ab\u00eem\u00e9s et affaiblis.<br \/>\nSoin multiusage nourrissant \u00e0 la prot\u00e9ine et au beurre de Karit\u00e9.<br \/>\nEN PR\u00c9-SHAMPOOING : pour une nutrition l\u00e9g\u00e8re<br \/>\nEN APRES-SHAMPOOING : pour un d\u00e9m\u00ealage parfait<br \/>\nEN MASQUE : pour une nutrition intense<br \/>\nEN SOIN SANS RINCAGE : en finition sur les pointes<br \/>\n\u2013 NOURRIT ET RENFORCE LES CHEVEUX<br \/>\n\u2013 PROT\u00c8GE LES POINTES DES FOURCHES<br \/>\n\u2013 AVEC 96 % D\u2019INGR\u00c9DIENTS D\u2019ORIGINE NATURELLE*<br \/>\n\u2013 LES 4 % RESTANTS PARTICIPENT PRINCIPALEMENT \u00c0 LA SENSORIALIT\u00c9 ET \u00c0 LA BONNE<br \/>\nCONSERVATION DU PRODUIT<br \/>\n\u2013 FORMULE V\u00c9GANE<\/p>","protected":false},"excerpt":{"rendered":"<h1 class=\"product_title entry-title wd-entities-title\">GLISS MASQUE PROTEINE+<\/h1>\n<p>GLISS SOIN MIRACLE pour cheveux ab\u00eem\u00e9s et affaiblis.<br \/>\nSoin multiusage nourrissant \u00e0 la prot\u00e9ine et au beurre de Karit\u00e9.<\/p>","protected":false},"featured_media":17051,"comment_status":"open","ping_status":"closed","template":"","meta":[],"product_brand":[],"product_cat":[75,155,95],"product_tag":[],"class_list":{"0":"post-3337","1":"product","2":"type-product","3":"status-publish","4":"has-post-thumbnail","6":"product_cat-femme","7":"product_cat-masque","8":"product_cat-soin-cheveux-f","10":"first","11":"outofstock","12":"shipping-taxable","13":"purchasable","14":"product-type-simple"},"_links":{"self":[{"href":"https:\/\/cosmeticstoredz.com\/ar\/wp-json\/wp\/v2\/product\/3337","targetHints":{"allow":["GET"]}}],"collection":[{"href":"https:\/\/cosmeticstoredz.com\/ar\/wp-json\/wp\/v2\/product"}],"about":[{"href":"https:\/\/cosmeticstoredz.com\/ar\/wp-json\/wp\/v2\/types\/product"}],"replies":[{"embeddable":true,"href":"https:\/\/cosmeticstoredz.com\/ar\/wp-json\/wp\/v2\/comments?post=3337"}],"version-history":[{"count":1,"href":"https:\/\/cosmeticstoredz.com\/ar\/wp-json\/wp\/v2\/product\/3337\/revisions"}],"predecessor-version":[{"id":17052,"href":"https:\/\/cosmeticstoredz.com\/ar\/wp-json\/wp\/v2\/product\/3337\/revisions\/17052"}],"wp:featuredmedia":[{"embeddable":true,"href":"https:\/\/cosmeticstoredz.com\/ar\/wp-json\/wp\/v2\/media\/17051"}],"wp:attachment":[{"href":"https:\/\/cosmeticstoredz.com\/ar\/wp-json\/wp\/v2\/media?parent=3337"}],"wp:term":[{"taxonomy":"product_brand","embeddable":true,"href":"https:\/\/cosmeticstoredz.com\/ar\/wp-json\/wp\/v2\/product_brand?post=3337"},{"taxonomy":"product_cat","embeddable":true,"href":"https:\/\/cosmeticstoredz.com\/ar\/wp-json\/wp\/v2\/product_cat?post=3337"},{"taxonomy":"product_tag","embeddable":true,"href":"https:\/\/cosmeticstoredz.com\/ar\/wp-json\/wp\/v2\/product_tag?post=3337"}],"curies":[{"name":"wp","href":"https:\/\/api.w.org\/{rel}","templated":true}]}}