{"id":3335,"date":"2025-06-04T18:22:52","date_gmt":"2025-06-04T18:22:52","guid":{"rendered":"https:\/\/test.fitnessworldgym27.com\/?post_type=product&#038;p=3335"},"modified":"2026-03-30T19:27:02","modified_gmt":"2026-03-30T19:27:02","slug":"labello-pack-2-original-beurre-de-karite-et-huile-naturelle","status":"publish","type":"product","link":"https:\/\/cosmeticstoredz.com\/ar\/product\/labello-pack-2-original-beurre-de-karite-et-huile-naturelle\/","title":{"rendered":"LABELLO PACK 2 ORIGINAL BEURRE DE KARITE ET HUILE NATURELLE"},"content":{"rendered":"","protected":false},"excerpt":{"rendered":"<p>Le Labello Original garde vos l\u00e8vres hydrat\u00e9es pendant 24 heures. Sa formule \u00e0 base de beurre de karit\u00e9 et d&rsquo;huiles naturelles est compos\u00e9e \u00e0 99,6 % d&rsquo;origine naturelle.<\/p>\n<p>Ce baume \u00e0 l\u00e8vres gardera vos l\u00e8vres lisses et souples toute la journ\u00e9e.<\/p>\n<p>Sa formule unique a une texture onctueuse qui fond instantan\u00e9ment sur vos l\u00e8vres et les maintient hydrat\u00e9es. Tol\u00e9rance cutan\u00e9e test\u00e9e sous contr\u00f4le dermatologique.<\/p>","protected":false},"featured_media":17047,"comment_status":"open","ping_status":"closed","template":"","meta":[],"product_brand":[],"product_cat":[213,75,72,275],"product_tag":[],"class_list":{"0":"post-3335","1":"product","2":"type-product","3":"status-publish","4":"has-post-thumbnail","6":"product_cat-baume-a-levres","7":"product_cat-femme","8":"product_cat-homme","9":"product_cat-labello","11":"first","12":"instock","13":"shipping-taxable","14":"purchasable","15":"product-type-simple"},"_links":{"self":[{"href":"https:\/\/cosmeticstoredz.com\/ar\/wp-json\/wp\/v2\/product\/3335","targetHints":{"allow":["GET"]}}],"collection":[{"href":"https:\/\/cosmeticstoredz.com\/ar\/wp-json\/wp\/v2\/product"}],"about":[{"href":"https:\/\/cosmeticstoredz.com\/ar\/wp-json\/wp\/v2\/types\/product"}],"replies":[{"embeddable":true,"href":"https:\/\/cosmeticstoredz.com\/ar\/wp-json\/wp\/v2\/comments?post=3335"}],"version-history":[{"count":1,"href":"https:\/\/cosmeticstoredz.com\/ar\/wp-json\/wp\/v2\/product\/3335\/revisions"}],"predecessor-version":[{"id":17048,"href":"https:\/\/cosmeticstoredz.com\/ar\/wp-json\/wp\/v2\/product\/3335\/revisions\/17048"}],"wp:featuredmedia":[{"embeddable":true,"href":"https:\/\/cosmeticstoredz.com\/ar\/wp-json\/wp\/v2\/media\/17047"}],"wp:attachment":[{"href":"https:\/\/cosmeticstoredz.com\/ar\/wp-json\/wp\/v2\/media?parent=3335"}],"wp:term":[{"taxonomy":"product_brand","embeddable":true,"href":"https:\/\/cosmeticstoredz.com\/ar\/wp-json\/wp\/v2\/product_brand?post=3335"},{"taxonomy":"product_cat","embeddable":true,"href":"https:\/\/cosmeticstoredz.com\/ar\/wp-json\/wp\/v2\/product_cat?post=3335"},{"taxonomy":"product_tag","embeddable":true,"href":"https:\/\/cosmeticstoredz.com\/ar\/wp-json\/wp\/v2\/product_tag?post=3335"}],"curies":[{"name":"wp","href":"https:\/\/api.w.org\/{rel}","templated":true}]}}