{"id":3302,"date":"2025-06-04T18:22:31","date_gmt":"2025-06-04T18:22:31","guid":{"rendered":"https:\/\/test.fitnessworldgym27.com\/?post_type=product&#038;p=3302"},"modified":"2026-03-30T19:28:23","modified_gmt":"2026-03-30T19:28:23","slug":"whiskey-deo-homme-200ml-red","status":"publish","type":"product","link":"https:\/\/cosmeticstoredz.com\/ar\/product\/whiskey-deo-homme-200ml-red\/","title":{"rendered":"WHISKEY DEO 200ML RED"},"content":{"rendered":"<ul>\n<li data-start=\"415\" data-end=\"465\">\ud83d\udd34 <strong data-start=\"423\" data-end=\"463\">Une intensit\u00e9 qui marque les esprits : <\/strong>WHISKEY Red<span style=\"font-size: 16px;\"> est bien plus qu\u2019un simple d\u00e9odorant. C\u2019est une signature olfactive puissante, aux notes chaudes et bois\u00e9es, id\u00e9ale pour les hommes qui veulent affirmer leur pr\u00e9sence.<\/span><\/li>\n<li data-start=\"651\" data-end=\"704\">\ud83d\udee1\ufe0f <strong data-start=\"660\" data-end=\"702\">Protection efficace, fra\u00eecheur durable : <\/strong>Con\u00e7u pour offrir une protection 24h contre les mauvaises odeurs et l\u2019humidit\u00e9, il accompagne l\u2019homme actif du matin jusqu\u2019au soir, avec assurance.<\/li>\n<li data-start=\"854\" data-end=\"906\">\ud83d\udca8 <strong data-start=\"862\" data-end=\"904\">Application pratique, confort imm\u00e9diat : <\/strong>Sa formule en spray s\u00e8che rapidement, ne colle pas et ne laisse pas de traces sur les v\u00eatements. Un geste simple pour un effet intense et durable.<\/li>\n<li data-start=\"1055\" data-end=\"1111\">\ud83d\udca5 <strong data-start=\"1063\" data-end=\"1109\">Un parfum captivant pour l\u2019homme audacieux : <\/strong>WHISKEY Deo Red<span style=\"font-size: 16px;\"> combine virilit\u00e9, s\u00e9duction et puissance dans un seul produit. Id\u00e9al pour les journ\u00e9es intenses comme pour les soir\u00e9es marquantes.<\/span><\/li>\n<\/ul>","protected":false},"excerpt":{"rendered":"<p data-start=\"197\" data-end=\"362\">WHISKEY Deo Homme 200ML Red d\u00e9voile un parfum intense, chaud et s\u00e9duisant. Protection 24h et fra\u00eecheur explosive pour l\u2019homme passionn\u00e9, audacieux et s\u00fbr de lui.<\/p>","protected":false},"featured_media":0,"comment_status":"closed","ping_status":"closed","template":"","meta":[],"product_brand":[],"product_cat":[85,72,273],"product_tag":[90],"class_list":{"0":"post-3302","1":"product","2":"type-product","3":"status-publish","5":"product_cat-deodorant-h","6":"product_cat-homme","7":"product_cat-whiskey","8":"product_tag-made-in-algeria","10":"first","11":"instock","12":"shipping-taxable","13":"purchasable","14":"product-type-simple"},"_links":{"self":[{"href":"https:\/\/cosmeticstoredz.com\/ar\/wp-json\/wp\/v2\/product\/3302","targetHints":{"allow":["GET"]}}],"collection":[{"href":"https:\/\/cosmeticstoredz.com\/ar\/wp-json\/wp\/v2\/product"}],"about":[{"href":"https:\/\/cosmeticstoredz.com\/ar\/wp-json\/wp\/v2\/types\/product"}],"replies":[{"embeddable":true,"href":"https:\/\/cosmeticstoredz.com\/ar\/wp-json\/wp\/v2\/comments?post=3302"}],"version-history":[{"count":1,"href":"https:\/\/cosmeticstoredz.com\/ar\/wp-json\/wp\/v2\/product\/3302\/revisions"}],"predecessor-version":[{"id":17036,"href":"https:\/\/cosmeticstoredz.com\/ar\/wp-json\/wp\/v2\/product\/3302\/revisions\/17036"}],"wp:attachment":[{"href":"https:\/\/cosmeticstoredz.com\/ar\/wp-json\/wp\/v2\/media?parent=3302"}],"wp:term":[{"taxonomy":"product_brand","embeddable":true,"href":"https:\/\/cosmeticstoredz.com\/ar\/wp-json\/wp\/v2\/product_brand?post=3302"},{"taxonomy":"product_cat","embeddable":true,"href":"https:\/\/cosmeticstoredz.com\/ar\/wp-json\/wp\/v2\/product_cat?post=3302"},{"taxonomy":"product_tag","embeddable":true,"href":"https:\/\/cosmeticstoredz.com\/ar\/wp-json\/wp\/v2\/product_tag?post=3302"}],"curies":[{"name":"wp","href":"https:\/\/api.w.org\/{rel}","templated":true}]}}