{"id":3301,"date":"2025-06-04T18:22:31","date_gmt":"2025-06-04T18:22:31","guid":{"rendered":"https:\/\/test.fitnessworldgym27.com\/?post_type=product&#038;p=3301"},"modified":"2026-03-30T19:28:23","modified_gmt":"2026-03-30T19:28:23","slug":"whiskey-deo-homme-200ml-ness","status":"publish","type":"product","link":"https:\/\/cosmeticstoredz.com\/ar\/product\/whiskey-deo-homme-200ml-ness\/","title":{"rendered":"WHISKEY DEO 200ML NESS"},"content":{"rendered":"<ul>\n<li data-start=\"450\" data-end=\"498\">\ud83c\udf43 <strong data-start=\"458\" data-end=\"496\">Fra\u00eecheur naturelle et style \u00e9pur\u00e9 : <\/strong><strong style=\"font-size: 16px;\" data-start=\"499\" data-end=\"515\">WHISKEY NESS<\/strong><span style=\"font-size: 16px;\"> se distingue par son parfum l\u00e9ger, frais et v\u00e9g\u00e9tal, inspir\u00e9 de la nature. Il offre une sensation de puret\u00e9 et de bien-\u00eatre, id\u00e9ale pour les hommes \u00e0 l\u2019\u00e9l\u00e9gance discr\u00e8te et au style naturel.<\/span><\/li>\n<li data-start=\"708\" data-end=\"760\">\ud83d\udee1\ufe0f <strong data-start=\"717\" data-end=\"758\">Protection 24h, sensation de propret\u00e9 : <\/strong>Ce d\u00e9odorant neutralise efficacement les odeurs et prot\u00e8ge de l\u2019humidit\u00e9 tout au long de la journ\u00e9e. Il apporte fra\u00eecheur et assurance sans jamais \u00e9touffer la peau.<\/li>\n<li data-start=\"927\" data-end=\"977\">\ud83d\udca8 <strong data-start=\"935\" data-end=\"975\">Texture l\u00e9g\u00e8re et application rapide : <\/strong>Facile \u00e0 appliquer gr\u00e2ce \u00e0 son format spray, il s\u00e8che rapidement sans laisser de r\u00e9sidus ni de traces sur les v\u00eatements. Une fra\u00eecheur propre, imm\u00e9diate et confortable.<\/li>\n<li data-start=\"1148\" data-end=\"1198\">\ud83c\udf3f <strong data-start=\"1156\" data-end=\"1196\">L\u2019essence de la simplicit\u00e9 masculine : <\/strong>Avec <strong style=\"font-size: 16px;\" data-start=\"1204\" data-end=\"1224\">WHISKEY Deo NESS<\/strong><span style=\"font-size: 16px;\">, l\u2019homme se reconnecte \u00e0 l\u2019essentiel. Une fragrance subtile et propre, pour un quotidien actif, naturel et confiant.<\/span><\/li>\n<\/ul>","protected":false},"excerpt":{"rendered":"<p data-start=\"218\" data-end=\"397\">WHISKEY Deo Homme 200ML NESS associe fra\u00eecheur verte et \u00e9l\u00e9gance discr\u00e8te. Parfum subtil et naturel, protection 24h et confort longue dur\u00e9e pour un homme libre et authentique.<\/p>","protected":false},"featured_media":0,"comment_status":"closed","ping_status":"closed","template":"","meta":[],"product_brand":[],"product_cat":[85,72,273],"product_tag":[90],"class_list":{"0":"post-3301","1":"product","2":"type-product","3":"status-publish","5":"product_cat-deodorant-h","6":"product_cat-homme","7":"product_cat-whiskey","8":"product_tag-made-in-algeria","10":"first","11":"instock","12":"shipping-taxable","13":"purchasable","14":"product-type-simple"},"_links":{"self":[{"href":"https:\/\/cosmeticstoredz.com\/ar\/wp-json\/wp\/v2\/product\/3301","targetHints":{"allow":["GET"]}}],"collection":[{"href":"https:\/\/cosmeticstoredz.com\/ar\/wp-json\/wp\/v2\/product"}],"about":[{"href":"https:\/\/cosmeticstoredz.com\/ar\/wp-json\/wp\/v2\/types\/product"}],"replies":[{"embeddable":true,"href":"https:\/\/cosmeticstoredz.com\/ar\/wp-json\/wp\/v2\/comments?post=3301"}],"version-history":[{"count":1,"href":"https:\/\/cosmeticstoredz.com\/ar\/wp-json\/wp\/v2\/product\/3301\/revisions"}],"predecessor-version":[{"id":17035,"href":"https:\/\/cosmeticstoredz.com\/ar\/wp-json\/wp\/v2\/product\/3301\/revisions\/17035"}],"wp:attachment":[{"href":"https:\/\/cosmeticstoredz.com\/ar\/wp-json\/wp\/v2\/media?parent=3301"}],"wp:term":[{"taxonomy":"product_brand","embeddable":true,"href":"https:\/\/cosmeticstoredz.com\/ar\/wp-json\/wp\/v2\/product_brand?post=3301"},{"taxonomy":"product_cat","embeddable":true,"href":"https:\/\/cosmeticstoredz.com\/ar\/wp-json\/wp\/v2\/product_cat?post=3301"},{"taxonomy":"product_tag","embeddable":true,"href":"https:\/\/cosmeticstoredz.com\/ar\/wp-json\/wp\/v2\/product_tag?post=3301"}],"curies":[{"name":"wp","href":"https:\/\/api.w.org\/{rel}","templated":true}]}}