{"id":3296,"date":"2025-06-04T18:22:31","date_gmt":"2025-06-04T18:22:31","guid":{"rendered":"https:\/\/test.fitnessworldgym27.com\/?post_type=product&#038;p=3296"},"modified":"2026-03-30T19:25:48","modified_gmt":"2026-03-30T19:25:48","slug":"venus-ecran-total-60","status":"publish","type":"product","link":"https:\/\/cosmeticstoredz.com\/ar\/product\/venus-ecran-total-60\/","title":{"rendered":"VENUS ECRAN TOTAL 60"},"content":{"rendered":"<p>Gr\u00e2ce \u00e0 un complexe de filtres tr\u00e8s performant, la nouvelle\u00a0 cr\u00e8me solaire VIDERM\u00ae\u00a0 SPF\u00a0\u00a0<strong>50+<\/strong>\u00a0 des LABORATOIRES VENUS\u00ae apporte une tr\u00e8s haute protection contre les UVA, les UVB, les radicaux libres et pr\u00e9vient du vieillissement cutan\u00e9.<\/p>\n<p>Sa texture \u00a0 non grasse,\u00a0 p\u00e9n\u00e8tre rapidement votre peau, la pr\u00e9serve de la d\u00e9shydratation, des taches de pigmentation.<\/p>\n<p>Une formule hypoallerg\u00e9nique, non com\u00e9dog\u00e8ne et\u00a0 sans paraben,\u00a0 r\u00e9sistante \u00e0 l\u2019eau pour une peau mieux prot\u00e9g\u00e9e.<\/p>\n<p>Test\u00e9 sous contr\u00f4le dermatologique.<\/p>\n<ul>\n<li><strong>Une formule hypoallerg\u00e9nique,<\/strong><\/li>\n<li><strong>Non com\u00e9dog\u00e8ne,<\/strong><\/li>\n<li><strong>Sans paraben,<\/strong><\/li>\n<li><strong>Sans conservateur<\/strong><\/li>\n<li><strong>Sans huiles min\u00e9rales<\/strong><\/li>\n<li><strong>R\u00e9sistante \u00e0 l\u2019eau<\/strong><\/li>\n<li><strong>Test\u00e9 sous contr\u00f4le dermatologique.<\/strong><\/li>\n<\/ul>","protected":false},"excerpt":{"rendered":"<p>Gr\u00e2ce \u00e0 un complexe de filtres tr\u00e8s performant, la nouvelle\u00a0 cr\u00e8me solaire VIDERM\u00ae\u00a0 SPF\u00a0\u00a0<strong>50+<\/strong>\u00a0 des LABORATOIRES VENUS\u00ae apporte une tr\u00e8s haute protection contre les UVA, les UVB, les radicaux libres et pr\u00e9vient du vieillissement cutan\u00e9.<\/p>","protected":false},"featured_media":17026,"comment_status":"closed","ping_status":"closed","template":"","meta":[],"product_brand":[],"product_cat":[75,76,131,272],"product_tag":[90],"class_list":{"0":"post-3296","1":"product","2":"type-product","3":"status-publish","4":"has-post-thumbnail","6":"product_cat-femme","7":"product_cat-soin-visage-f","8":"product_cat-solaire","9":"product_cat-venus","10":"product_tag-made-in-algeria","12":"first","13":"instock","14":"shipping-taxable","15":"purchasable","16":"product-type-simple"},"_links":{"self":[{"href":"https:\/\/cosmeticstoredz.com\/ar\/wp-json\/wp\/v2\/product\/3296","targetHints":{"allow":["GET"]}}],"collection":[{"href":"https:\/\/cosmeticstoredz.com\/ar\/wp-json\/wp\/v2\/product"}],"about":[{"href":"https:\/\/cosmeticstoredz.com\/ar\/wp-json\/wp\/v2\/types\/product"}],"replies":[{"embeddable":true,"href":"https:\/\/cosmeticstoredz.com\/ar\/wp-json\/wp\/v2\/comments?post=3296"}],"version-history":[{"count":1,"href":"https:\/\/cosmeticstoredz.com\/ar\/wp-json\/wp\/v2\/product\/3296\/revisions"}],"predecessor-version":[{"id":17027,"href":"https:\/\/cosmeticstoredz.com\/ar\/wp-json\/wp\/v2\/product\/3296\/revisions\/17027"}],"wp:featuredmedia":[{"embeddable":true,"href":"https:\/\/cosmeticstoredz.com\/ar\/wp-json\/wp\/v2\/media\/17026"}],"wp:attachment":[{"href":"https:\/\/cosmeticstoredz.com\/ar\/wp-json\/wp\/v2\/media?parent=3296"}],"wp:term":[{"taxonomy":"product_brand","embeddable":true,"href":"https:\/\/cosmeticstoredz.com\/ar\/wp-json\/wp\/v2\/product_brand?post=3296"},{"taxonomy":"product_cat","embeddable":true,"href":"https:\/\/cosmeticstoredz.com\/ar\/wp-json\/wp\/v2\/product_cat?post=3296"},{"taxonomy":"product_tag","embeddable":true,"href":"https:\/\/cosmeticstoredz.com\/ar\/wp-json\/wp\/v2\/product_tag?post=3296"}],"curies":[{"name":"wp","href":"https:\/\/api.w.org\/{rel}","templated":true}]}}