{"id":3295,"date":"2025-06-04T18:22:31","date_gmt":"2025-06-04T18:22:31","guid":{"rendered":"https:\/\/test.fitnessworldgym27.com\/?post_type=product&#038;p=3295"},"modified":"2026-04-18T19:25:13","modified_gmt":"2026-04-18T19:25:13","slug":"veet-bande-de-cire-visage","status":"publish","type":"product","link":"https:\/\/cosmeticstoredz.com\/ar\/product\/veet-bande-de-cire-visage\/","title":{"rendered":"VEET BANDE DE CIRE VISAGE"},"content":{"rendered":"<p>Veet pr\u00e9sente les Bandes de Cire Visage Easy-Gelwax\u2122 Peaux Sensibles, id\u00e9ales pour les petites zones et les zones sensibles comme la l\u00e8vre sup\u00e9rieure, les joues ou le menton. Les bandes de cire Veet Easy-Gelwax\u2122 visage enrichies en Vitamine E et Huile d&rsquo;Amande Douce, reconnues pour leur action b\u00e9n\u00e9fique pour la peau, seront parfaites pour une \u00e9pilation rapide et efficace.<\/p>\n<p>Vous choisissez si et comment vous souhaitez supprimer les poils de votre visage. Si vous souhaitez \u00e9piler le visage, choisissez une cire froide\u00a0: la cire froide \u00e9vite les risques de br\u00fblure, et a un r\u00e9sultat durable. Avec des bandes de cire d\u00e9pilatoire con\u00e7ues sp\u00e9cifiquement pour l\u2019\u00e9pilation du visage, vous pouvez \u00e9piler les zones que vous souhaitez, avec pr\u00e9cision. Les zones du visage suivantes peuvent \u00eatre \u00e9pil\u00e9es de mani\u00e8re facile et rapide avec les Bandes de Cire Visage Easy-Gelwax\u2122 Peaux Sensibles \u00a0: la zone de la moustache, l\u2019aile du nez, entre les deux sourcils, ou encore le menton\u2026). En effet, leur formule vous fait gagner du temps avec une texture gel qui rend d\u00e9sormais inutile l\u2019\u00e9tape de r\u00e9chauffage des bandes d\u00e9pilatoires visage. Si vous souhaitez \u00e9piler \u00e9galement d\u2019autres zones de votre corps, vous pouvez utiliser les Perles de cire , par exemple, avec l\u2019appareil \u00e0 cire Spawax.<\/p>\n<p>Vous pouvez \u00e9galement choisir de faire de ce moment un rituel de bien-\u00eatre\u00a0: prendre un bain, \u00e9couter de la musique douce, faire un gommage du corps\u2026 et terminer ce moment rien qu\u2019\u00e0 vous en \u00e9pilant les zones du visage que vous souhaitez, sur une peau bien propre et s\u00e8che.<\/p>\n<p>Gr\u00e2ce \u00e0 la formule Easy-Gelwax\u2122, les bandes de cire visage enrobent le poil sans adh\u00e9rer \u00e0 la peau, pour une \u00e9pilation encore plus efficace sur les poils tr\u00e8s courts* et une douceur jusqu&rsquo;\u00e0 28 jours**.<\/p>\n<p>Et gr\u00e2ce \u00e0 leur texture gel, plus besoin de les frotter avant de les utiliser !<\/p>\n<p>* 1.5mm\/par rapport \u00e0 l&rsquo;ancienne formule** Etude clinique sur 30 femmes &#8211; 2016<\/p>\n<p>Cet \u00e9tui contient<\/p>\n<p>\u2022 20 Bandes de cire<br \/>\n\u2022 4 Lingettes Finition Parfaite<\/p>\n<p>Existe en format par 40 bandes<\/p>","protected":false},"excerpt":{"rendered":"<p>les Bandes de Cire Visage Easy-Gelwax\u2122 Peaux Sensibles, id\u00e9ales pour les petites zones et les zones sensibles comme la l\u00e8vre sup\u00e9rieure, les joues ou le menton.<\/p>","protected":false},"featured_media":0,"comment_status":"closed","ping_status":"closed","template":"","meta":[],"product_brand":[],"product_cat":[99,271],"product_tag":[125],"class_list":{"0":"post-3295","1":"product","2":"type-product","3":"status-publish","5":"product_cat-epilation","6":"product_cat-veet","7":"product_tag-made-in-france","9":"first","10":"outofstock","11":"shipping-taxable","12":"purchasable","13":"product-type-simple"},"yoast_head":"<!-- This site is optimized with the Yoast SEO plugin v27.3 - https:\/\/yoast.com\/product\/yoast-seo-wordpress\/ -->\n<title>VEET BANDE DE CIRE VISAGE - Cosmetic Store<\/title>\n<meta name=\"robots\" content=\"index, follow, max-snippet:-1, max-image-preview:large, max-video-preview:-1\" \/>\n<link rel=\"canonical\" href=\"https:\/\/cosmeticstoredz.com\/ar\/product\/veet-bande-de-cire-visage\/\" \/>\n<meta property=\"og:locale\" content=\"ar_AR\" \/>\n<meta property=\"og:type\" content=\"article\" \/>\n<meta property=\"og:title\" content=\"VEET BANDE DE CIRE VISAGE - Cosmetic Store\" \/>\n<meta property=\"og:description\" content=\"les Bandes de Cire Visage Easy-Gelwax\u2122 Peaux Sensibles, id\u00e9ales pour les petites zones et les zones sensibles comme la l\u00e8vre sup\u00e9rieure, les joues ou le menton.\" \/>\n<meta property=\"og:url\" content=\"https:\/\/cosmeticstoredz.com\/ar\/product\/veet-bande-de-cire-visage\/\" \/>\n<meta property=\"og:site_name\" content=\"Cosmetic Store\" \/>\n<meta property=\"article:publisher\" content=\"https:\/\/www.facebook.com\/profile.php?id=61564954260683\" \/>\n<meta property=\"article:modified_time\" content=\"2026-04-18T19:25:13+00:00\" \/>\n<meta name=\"twitter:card\" content=\"summary_large_image\" \/>\n<meta name=\"twitter:label1\" content=\"\u0648\u0642\u062a \u0627\u0644\u0642\u0631\u0627\u0621\u0629 \u0627\u0644\u0645\u064f\u0642\u062f\u0651\u0631\" \/>\n\t<meta name=\"twitter:data1\" content=\"\u062f\u0642\u064a\u0642\u062a\u0627\u0646\" \/>\n<script type=\"application\/ld+json\" class=\"yoast-schema-graph\">{\"@context\":\"https:\\\/\\\/schema.org\",\"@graph\":[{\"@type\":\"WebPage\",\"@id\":\"https:\\\/\\\/cosmeticstoredz.com\\\/produit\\\/veet-bande-de-cire-visage\\\/\",\"url\":\"https:\\\/\\\/cosmeticstoredz.com\\\/produit\\\/veet-bande-de-cire-visage\\\/\",\"name\":\"VEET BANDE DE CIRE VISAGE - Cosmetic Store\",\"isPartOf\":{\"@id\":\"https:\\\/\\\/cosmeticstoredz.com\\\/#website\"},\"datePublished\":\"2025-06-04T18:22:31+00:00\",\"dateModified\":\"2026-04-18T19:25:13+00:00\",\"breadcrumb\":{\"@id\":\"https:\\\/\\\/cosmeticstoredz.com\\\/produit\\\/veet-bande-de-cire-visage\\\/#breadcrumb\"},\"inLanguage\":\"ar\",\"potentialAction\":[{\"@type\":\"ReadAction\",\"target\":[\"https:\\\/\\\/cosmeticstoredz.com\\\/produit\\\/veet-bande-de-cire-visage\\\/\"]}]},{\"@type\":\"BreadcrumbList\",\"@id\":\"https:\\\/\\\/cosmeticstoredz.com\\\/produit\\\/veet-bande-de-cire-visage\\\/#breadcrumb\",\"itemListElement\":[{\"@type\":\"ListItem\",\"position\":1,\"name\":\"Accueil\",\"item\":\"https:\\\/\\\/cosmeticstoredz.com\\\/\"},{\"@type\":\"ListItem\",\"position\":2,\"name\":\"Boutique\",\"item\":\"https:\\\/\\\/cosmeticstoredz.com\\\/boutique\\\/\"},{\"@type\":\"ListItem\",\"position\":3,\"name\":\"VEET BANDE DE CIRE VISAGE\"}]},{\"@type\":\"WebSite\",\"@id\":\"https:\\\/\\\/cosmeticstoredz.com\\\/#website\",\"url\":\"https:\\\/\\\/cosmeticstoredz.com\\\/\",\"name\":\"Cosmetic Store\",\"description\":\"\",\"publisher\":{\"@id\":\"https:\\\/\\\/cosmeticstoredz.com\\\/#organization\"},\"potentialAction\":[{\"@type\":\"SearchAction\",\"target\":{\"@type\":\"EntryPoint\",\"urlTemplate\":\"https:\\\/\\\/cosmeticstoredz.com\\\/?s={search_term_string}\"},\"query-input\":{\"@type\":\"PropertyValueSpecification\",\"valueRequired\":true,\"valueName\":\"search_term_string\"}}],\"inLanguage\":\"ar\"},{\"@type\":\"Organization\",\"@id\":\"https:\\\/\\\/cosmeticstoredz.com\\\/#organization\",\"name\":\"Cosmetic Store\",\"url\":\"https:\\\/\\\/cosmeticstoredz.com\\\/\",\"logo\":{\"@type\":\"ImageObject\",\"inLanguage\":\"ar\",\"@id\":\"https:\\\/\\\/cosmeticstoredz.com\\\/#\\\/schema\\\/logo\\\/image\\\/\",\"url\":\"https:\\\/\\\/cosmeticstoredz.com\\\/wp-content\\\/uploads\\\/2026\\\/02\\\/cropped-LOGO_CS-512x512-1-1-e1771275285345.webp\",\"contentUrl\":\"https:\\\/\\\/cosmeticstoredz.com\\\/wp-content\\\/uploads\\\/2026\\\/02\\\/cropped-LOGO_CS-512x512-1-1-e1771275285345.webp\",\"width\":265,\"height\":319,\"caption\":\"Cosmetic Store\"},\"image\":{\"@id\":\"https:\\\/\\\/cosmeticstoredz.com\\\/#\\\/schema\\\/logo\\\/image\\\/\"},\"sameAs\":[\"https:\\\/\\\/www.facebook.com\\\/profile.php?id=61564954260683\",\"https:\\\/\\\/www.instagram.com\\\/cosmetic.storedz\\\/\"]}]}<\/script>\n<!-- \/ Yoast SEO plugin. -->","yoast_head_json":{"title":"VEET BANDE DE CIRE VISAGE - Cosmetic Store","robots":{"index":"index","follow":"follow","max-snippet":"max-snippet:-1","max-image-preview":"max-image-preview:large","max-video-preview":"max-video-preview:-1"},"canonical":"https:\/\/cosmeticstoredz.com\/ar\/product\/veet-bande-de-cire-visage\/","og_locale":"ar_AR","og_type":"article","og_title":"VEET BANDE DE CIRE VISAGE - Cosmetic Store","og_description":"les Bandes de Cire Visage Easy-Gelwax\u2122 Peaux Sensibles, id\u00e9ales pour les petites zones et les zones sensibles comme la l\u00e8vre sup\u00e9rieure, les joues ou le menton.","og_url":"https:\/\/cosmeticstoredz.com\/ar\/product\/veet-bande-de-cire-visage\/","og_site_name":"Cosmetic Store","article_publisher":"https:\/\/www.facebook.com\/profile.php?id=61564954260683","article_modified_time":"2026-04-18T19:25:13+00:00","twitter_card":"summary_large_image","twitter_misc":{"\u0648\u0642\u062a \u0627\u0644\u0642\u0631\u0627\u0621\u0629 \u0627\u0644\u0645\u064f\u0642\u062f\u0651\u0631":"\u062f\u0642\u064a\u0642\u062a\u0627\u0646"},"schema":{"@context":"https:\/\/schema.org","@graph":[{"@type":"WebPage","@id":"https:\/\/cosmeticstoredz.com\/produit\/veet-bande-de-cire-visage\/","url":"https:\/\/cosmeticstoredz.com\/produit\/veet-bande-de-cire-visage\/","name":"VEET BANDE DE CIRE VISAGE - Cosmetic Store","isPartOf":{"@id":"https:\/\/cosmeticstoredz.com\/#website"},"datePublished":"2025-06-04T18:22:31+00:00","dateModified":"2026-04-18T19:25:13+00:00","breadcrumb":{"@id":"https:\/\/cosmeticstoredz.com\/produit\/veet-bande-de-cire-visage\/#breadcrumb"},"inLanguage":"ar","potentialAction":[{"@type":"ReadAction","target":["https:\/\/cosmeticstoredz.com\/produit\/veet-bande-de-cire-visage\/"]}]},{"@type":"BreadcrumbList","@id":"https:\/\/cosmeticstoredz.com\/produit\/veet-bande-de-cire-visage\/#breadcrumb","itemListElement":[{"@type":"ListItem","position":1,"name":"Accueil","item":"https:\/\/cosmeticstoredz.com\/"},{"@type":"ListItem","position":2,"name":"Boutique","item":"https:\/\/cosmeticstoredz.com\/boutique\/"},{"@type":"ListItem","position":3,"name":"VEET BANDE DE CIRE VISAGE"}]},{"@type":"WebSite","@id":"https:\/\/cosmeticstoredz.com\/#website","url":"https:\/\/cosmeticstoredz.com\/","name":"Cosmetic Store","description":"","publisher":{"@id":"https:\/\/cosmeticstoredz.com\/#organization"},"potentialAction":[{"@type":"SearchAction","target":{"@type":"EntryPoint","urlTemplate":"https:\/\/cosmeticstoredz.com\/?s={search_term_string}"},"query-input":{"@type":"PropertyValueSpecification","valueRequired":true,"valueName":"search_term_string"}}],"inLanguage":"ar"},{"@type":"Organization","@id":"https:\/\/cosmeticstoredz.com\/#organization","name":"Cosmetic Store","url":"https:\/\/cosmeticstoredz.com\/","logo":{"@type":"ImageObject","inLanguage":"ar","@id":"https:\/\/cosmeticstoredz.com\/#\/schema\/logo\/image\/","url":"https:\/\/cosmeticstoredz.com\/wp-content\/uploads\/2026\/02\/cropped-LOGO_CS-512x512-1-1-e1771275285345.webp","contentUrl":"https:\/\/cosmeticstoredz.com\/wp-content\/uploads\/2026\/02\/cropped-LOGO_CS-512x512-1-1-e1771275285345.webp","width":265,"height":319,"caption":"Cosmetic Store"},"image":{"@id":"https:\/\/cosmeticstoredz.com\/#\/schema\/logo\/image\/"},"sameAs":["https:\/\/www.facebook.com\/profile.php?id=61564954260683","https:\/\/www.instagram.com\/cosmetic.storedz\/"]}]}},"_links":{"self":[{"href":"https:\/\/cosmeticstoredz.com\/ar\/wp-json\/wp\/v2\/product\/3295","targetHints":{"allow":["GET"]}}],"collection":[{"href":"https:\/\/cosmeticstoredz.com\/ar\/wp-json\/wp\/v2\/product"}],"about":[{"href":"https:\/\/cosmeticstoredz.com\/ar\/wp-json\/wp\/v2\/types\/product"}],"replies":[{"embeddable":true,"href":"https:\/\/cosmeticstoredz.com\/ar\/wp-json\/wp\/v2\/comments?post=3295"}],"version-history":[{"count":1,"href":"https:\/\/cosmeticstoredz.com\/ar\/wp-json\/wp\/v2\/product\/3295\/revisions"}],"predecessor-version":[{"id":17025,"href":"https:\/\/cosmeticstoredz.com\/ar\/wp-json\/wp\/v2\/product\/3295\/revisions\/17025"}],"wp:attachment":[{"href":"https:\/\/cosmeticstoredz.com\/ar\/wp-json\/wp\/v2\/media?parent=3295"}],"wp:term":[{"taxonomy":"product_brand","embeddable":true,"href":"https:\/\/cosmeticstoredz.com\/ar\/wp-json\/wp\/v2\/product_brand?post=3295"},{"taxonomy":"product_cat","embeddable":true,"href":"https:\/\/cosmeticstoredz.com\/ar\/wp-json\/wp\/v2\/product_cat?post=3295"},{"taxonomy":"product_tag","embeddable":true,"href":"https:\/\/cosmeticstoredz.com\/ar\/wp-json\/wp\/v2\/product_tag?post=3295"}],"curies":[{"name":"wp","href":"https:\/\/api.w.org\/{rel}","templated":true}]}}