{"id":3270,"date":"2025-06-04T18:22:10","date_gmt":"2025-06-04T18:22:10","guid":{"rendered":"https:\/\/test.fitnessworldgym27.com\/?post_type=product&#038;p=3270"},"modified":"2026-04-18T19:25:13","modified_gmt":"2026-04-18T19:25:13","slug":"veet-bande-de-cire-bikini-aisselles","status":"publish","type":"product","link":"https:\/\/cosmeticstoredz.com\/ar\/product\/veet-bande-de-cire-bikini-aisselles\/","title":{"rendered":"VEET BANDE DE CIRE BIKINI AISSELLES"},"content":{"rendered":"<p>Faciles \u00e0 utiliser, les bandes de Cire Froide Maillot Veet Easy-Gelwax\u2122 ont \u00e9t\u00e9 sp\u00e9cialement con\u00e7ues pour l&rsquo;\u00e9pilation de vos zones les plus sensibles. Gr\u00e2ce \u00e0 leur formule Veet Easy-Gelwax\u2122 elles sont aussi efficaces sur les poils tr\u00e8s courts*. Avec leur texture gel, les bandes Veet Easy-Gelwax\u2122 enrobent les poils sans adh\u00e9rer \u00e0 la peau. Enrichies en huile d\u2019Amande Douce, reconnue pour ses propri\u00e9t\u00e9s b\u00e9n\u00e9fiques pour les peaux sensibles, les bandes de cire Maillot vous offriront jusqu&rsquo;\u00e0 28 jours de douceur** et laisseront votre peau hydrat\u00e9e et exfoli\u00e9e.<\/p>\n<p>Utiliser une cire sp\u00e9ciale pour le maillot comporte divers avantages\u00a0: avec les bandes de cires, vous ciblez la zone d\u00e9sir\u00e9e et retirez exactement les poils que vous souhaitez. La zone du maillot \u00e9tant sensible, il est plus adapt\u00e9 d\u2019utiliser un produit d\u00e9pilatoire qui ne risque pas de couper ou d\u2019irriter la peau. Par ailleurs, la cire sp\u00e9ciale pour maillot permet une douceur longue dur\u00e9e Pour que l\u2019\u00e9pilation du maillot \u00e0 la cire soit la plus efficace, pensez \u00e0 exfolier la peau au pr\u00e9alable, avec un produit doux. Une fois les bandes de cire utilis\u00e9es, vous pouvez hydrater la peau. Avec une cr\u00e8me hydratante, ou bien avec notre Huile Miraculous, qui permettra de faire dispara\u00eetre rapidement les derni\u00e8res traces de cire qui auraient pu rester coll\u00e9es \u00e0 la peau. Si vous pr\u00e9f\u00e9rez utiliser de la cire chaude sans bandes, vous pouvez utiliser les Perles de cire, par exemple, avec l\u2019appareil \u00e0 cire Spawax.<\/p>\n<p>&nbsp;<\/p>","protected":false},"excerpt":{"rendered":"<p>Les bandes de Cire Froide Maillot Veet Easy-Gelwax\u2122 ont \u00e9t\u00e9 sp\u00e9cialement con\u00e7ues pour l&rsquo;\u00e9pilation de vos zones les plus sensibles<\/p>","protected":false},"featured_media":17019,"comment_status":"open","ping_status":"closed","template":"","meta":[],"product_brand":[],"product_cat":[99,75,271],"product_tag":[125],"class_list":{"0":"post-3270","1":"product","2":"type-product","3":"status-publish","4":"has-post-thumbnail","6":"product_cat-epilation","7":"product_cat-femme","8":"product_cat-veet","9":"product_tag-made-in-france","11":"first","12":"outofstock","13":"shipping-taxable","14":"purchasable","15":"product-type-simple"},"yoast_head":"<!-- This site is optimized with the Yoast SEO plugin v27.3 - https:\/\/yoast.com\/product\/yoast-seo-wordpress\/ -->\n<title>VEET BANDE DE CIRE BIKINI AISSELLES - Cosmetic Store<\/title>\n<meta name=\"robots\" content=\"index, follow, max-snippet:-1, max-image-preview:large, max-video-preview:-1\" \/>\n<link rel=\"canonical\" href=\"https:\/\/cosmeticstoredz.com\/ar\/product\/veet-bande-de-cire-bikini-aisselles\/\" \/>\n<meta property=\"og:locale\" content=\"ar_AR\" \/>\n<meta property=\"og:type\" content=\"article\" \/>\n<meta property=\"og:title\" content=\"VEET BANDE DE CIRE BIKINI AISSELLES - Cosmetic Store\" \/>\n<meta property=\"og:description\" content=\"Les bandes de Cire Froide Maillot Veet Easy-Gelwax\u2122 ont \u00e9t\u00e9 sp\u00e9cialement con\u00e7ues pour l&#039;\u00e9pilation de vos zones les plus sensibles\" \/>\n<meta property=\"og:url\" content=\"https:\/\/cosmeticstoredz.com\/ar\/product\/veet-bande-de-cire-bikini-aisselles\/\" \/>\n<meta property=\"og:site_name\" content=\"Cosmetic Store\" \/>\n<meta property=\"article:publisher\" content=\"https:\/\/www.facebook.com\/profile.php?id=61564954260683\" \/>\n<meta property=\"article:modified_time\" content=\"2026-04-18T19:25:13+00:00\" \/>\n<meta property=\"og:image\" content=\"https:\/\/cosmeticstoredz.com\/wp-content\/uploads\/2026\/02\/CC-349.png\" \/>\n\t<meta property=\"og:image:width\" content=\"500\" \/>\n\t<meta property=\"og:image:height\" content=\"500\" \/>\n\t<meta property=\"og:image:type\" content=\"image\/png\" \/>\n<meta name=\"twitter:card\" content=\"summary_large_image\" \/>\n<meta name=\"twitter:label1\" content=\"\u0648\u0642\u062a \u0627\u0644\u0642\u0631\u0627\u0621\u0629 \u0627\u0644\u0645\u064f\u0642\u062f\u0651\u0631\" \/>\n\t<meta name=\"twitter:data1\" content=\"\u062f\u0642\u064a\u0642\u0629 \u0648\u0627\u062d\u062f\u0629\" \/>\n<script type=\"application\/ld+json\" class=\"yoast-schema-graph\">{\"@context\":\"https:\\\/\\\/schema.org\",\"@graph\":[{\"@type\":\"WebPage\",\"@id\":\"https:\\\/\\\/cosmeticstoredz.com\\\/produit\\\/veet-bande-de-cire-bikini-aisselles\\\/\",\"url\":\"https:\\\/\\\/cosmeticstoredz.com\\\/produit\\\/veet-bande-de-cire-bikini-aisselles\\\/\",\"name\":\"VEET BANDE DE CIRE BIKINI AISSELLES - Cosmetic Store\",\"isPartOf\":{\"@id\":\"https:\\\/\\\/cosmeticstoredz.com\\\/#website\"},\"primaryImageOfPage\":{\"@id\":\"https:\\\/\\\/cosmeticstoredz.com\\\/produit\\\/veet-bande-de-cire-bikini-aisselles\\\/#primaryimage\"},\"image\":{\"@id\":\"https:\\\/\\\/cosmeticstoredz.com\\\/produit\\\/veet-bande-de-cire-bikini-aisselles\\\/#primaryimage\"},\"thumbnailUrl\":\"https:\\\/\\\/cosmeticstoredz.com\\\/wp-content\\\/uploads\\\/2026\\\/02\\\/CC-349.png\",\"datePublished\":\"2025-06-04T18:22:10+00:00\",\"dateModified\":\"2026-04-18T19:25:13+00:00\",\"breadcrumb\":{\"@id\":\"https:\\\/\\\/cosmeticstoredz.com\\\/produit\\\/veet-bande-de-cire-bikini-aisselles\\\/#breadcrumb\"},\"inLanguage\":\"ar\",\"potentialAction\":[{\"@type\":\"ReadAction\",\"target\":[\"https:\\\/\\\/cosmeticstoredz.com\\\/produit\\\/veet-bande-de-cire-bikini-aisselles\\\/\"]}]},{\"@type\":\"ImageObject\",\"inLanguage\":\"ar\",\"@id\":\"https:\\\/\\\/cosmeticstoredz.com\\\/produit\\\/veet-bande-de-cire-bikini-aisselles\\\/#primaryimage\",\"url\":\"https:\\\/\\\/cosmeticstoredz.com\\\/wp-content\\\/uploads\\\/2026\\\/02\\\/CC-349.png\",\"contentUrl\":\"https:\\\/\\\/cosmeticstoredz.com\\\/wp-content\\\/uploads\\\/2026\\\/02\\\/CC-349.png\",\"width\":500,\"height\":500},{\"@type\":\"BreadcrumbList\",\"@id\":\"https:\\\/\\\/cosmeticstoredz.com\\\/produit\\\/veet-bande-de-cire-bikini-aisselles\\\/#breadcrumb\",\"itemListElement\":[{\"@type\":\"ListItem\",\"position\":1,\"name\":\"Accueil\",\"item\":\"https:\\\/\\\/cosmeticstoredz.com\\\/\"},{\"@type\":\"ListItem\",\"position\":2,\"name\":\"Boutique\",\"item\":\"https:\\\/\\\/cosmeticstoredz.com\\\/boutique\\\/\"},{\"@type\":\"ListItem\",\"position\":3,\"name\":\"VEET BANDE DE CIRE BIKINI AISSELLES\"}]},{\"@type\":\"WebSite\",\"@id\":\"https:\\\/\\\/cosmeticstoredz.com\\\/#website\",\"url\":\"https:\\\/\\\/cosmeticstoredz.com\\\/\",\"name\":\"Cosmetic Store\",\"description\":\"\",\"publisher\":{\"@id\":\"https:\\\/\\\/cosmeticstoredz.com\\\/#organization\"},\"potentialAction\":[{\"@type\":\"SearchAction\",\"target\":{\"@type\":\"EntryPoint\",\"urlTemplate\":\"https:\\\/\\\/cosmeticstoredz.com\\\/?s={search_term_string}\"},\"query-input\":{\"@type\":\"PropertyValueSpecification\",\"valueRequired\":true,\"valueName\":\"search_term_string\"}}],\"inLanguage\":\"ar\"},{\"@type\":\"Organization\",\"@id\":\"https:\\\/\\\/cosmeticstoredz.com\\\/#organization\",\"name\":\"Cosmetic Store\",\"url\":\"https:\\\/\\\/cosmeticstoredz.com\\\/\",\"logo\":{\"@type\":\"ImageObject\",\"inLanguage\":\"ar\",\"@id\":\"https:\\\/\\\/cosmeticstoredz.com\\\/#\\\/schema\\\/logo\\\/image\\\/\",\"url\":\"https:\\\/\\\/cosmeticstoredz.com\\\/wp-content\\\/uploads\\\/2026\\\/02\\\/cropped-LOGO_CS-512x512-1-1-e1771275285345.webp\",\"contentUrl\":\"https:\\\/\\\/cosmeticstoredz.com\\\/wp-content\\\/uploads\\\/2026\\\/02\\\/cropped-LOGO_CS-512x512-1-1-e1771275285345.webp\",\"width\":265,\"height\":319,\"caption\":\"Cosmetic Store\"},\"image\":{\"@id\":\"https:\\\/\\\/cosmeticstoredz.com\\\/#\\\/schema\\\/logo\\\/image\\\/\"},\"sameAs\":[\"https:\\\/\\\/www.facebook.com\\\/profile.php?id=61564954260683\",\"https:\\\/\\\/www.instagram.com\\\/cosmetic.storedz\\\/\"]}]}<\/script>\n<!-- \/ Yoast SEO plugin. -->","yoast_head_json":{"title":"VEET BANDE DE CIRE BIKINI AISSELLES - Cosmetic Store","robots":{"index":"index","follow":"follow","max-snippet":"max-snippet:-1","max-image-preview":"max-image-preview:large","max-video-preview":"max-video-preview:-1"},"canonical":"https:\/\/cosmeticstoredz.com\/ar\/product\/veet-bande-de-cire-bikini-aisselles\/","og_locale":"ar_AR","og_type":"article","og_title":"VEET BANDE DE CIRE BIKINI AISSELLES - Cosmetic Store","og_description":"Les bandes de Cire Froide Maillot Veet Easy-Gelwax\u2122 ont \u00e9t\u00e9 sp\u00e9cialement con\u00e7ues pour l'\u00e9pilation de vos zones les plus sensibles","og_url":"https:\/\/cosmeticstoredz.com\/ar\/product\/veet-bande-de-cire-bikini-aisselles\/","og_site_name":"Cosmetic Store","article_publisher":"https:\/\/www.facebook.com\/profile.php?id=61564954260683","article_modified_time":"2026-04-18T19:25:13+00:00","og_image":[{"width":500,"height":500,"url":"https:\/\/cosmeticstoredz.com\/wp-content\/uploads\/2026\/02\/CC-349.png","type":"image\/png"}],"twitter_card":"summary_large_image","twitter_misc":{"\u0648\u0642\u062a \u0627\u0644\u0642\u0631\u0627\u0621\u0629 \u0627\u0644\u0645\u064f\u0642\u062f\u0651\u0631":"\u062f\u0642\u064a\u0642\u0629 \u0648\u0627\u062d\u062f\u0629"},"schema":{"@context":"https:\/\/schema.org","@graph":[{"@type":"WebPage","@id":"https:\/\/cosmeticstoredz.com\/produit\/veet-bande-de-cire-bikini-aisselles\/","url":"https:\/\/cosmeticstoredz.com\/produit\/veet-bande-de-cire-bikini-aisselles\/","name":"VEET BANDE DE CIRE BIKINI AISSELLES - Cosmetic Store","isPartOf":{"@id":"https:\/\/cosmeticstoredz.com\/#website"},"primaryImageOfPage":{"@id":"https:\/\/cosmeticstoredz.com\/produit\/veet-bande-de-cire-bikini-aisselles\/#primaryimage"},"image":{"@id":"https:\/\/cosmeticstoredz.com\/produit\/veet-bande-de-cire-bikini-aisselles\/#primaryimage"},"thumbnailUrl":"https:\/\/cosmeticstoredz.com\/wp-content\/uploads\/2026\/02\/CC-349.png","datePublished":"2025-06-04T18:22:10+00:00","dateModified":"2026-04-18T19:25:13+00:00","breadcrumb":{"@id":"https:\/\/cosmeticstoredz.com\/produit\/veet-bande-de-cire-bikini-aisselles\/#breadcrumb"},"inLanguage":"ar","potentialAction":[{"@type":"ReadAction","target":["https:\/\/cosmeticstoredz.com\/produit\/veet-bande-de-cire-bikini-aisselles\/"]}]},{"@type":"ImageObject","inLanguage":"ar","@id":"https:\/\/cosmeticstoredz.com\/produit\/veet-bande-de-cire-bikini-aisselles\/#primaryimage","url":"https:\/\/cosmeticstoredz.com\/wp-content\/uploads\/2026\/02\/CC-349.png","contentUrl":"https:\/\/cosmeticstoredz.com\/wp-content\/uploads\/2026\/02\/CC-349.png","width":500,"height":500},{"@type":"BreadcrumbList","@id":"https:\/\/cosmeticstoredz.com\/produit\/veet-bande-de-cire-bikini-aisselles\/#breadcrumb","itemListElement":[{"@type":"ListItem","position":1,"name":"Accueil","item":"https:\/\/cosmeticstoredz.com\/"},{"@type":"ListItem","position":2,"name":"Boutique","item":"https:\/\/cosmeticstoredz.com\/boutique\/"},{"@type":"ListItem","position":3,"name":"VEET BANDE DE CIRE BIKINI AISSELLES"}]},{"@type":"WebSite","@id":"https:\/\/cosmeticstoredz.com\/#website","url":"https:\/\/cosmeticstoredz.com\/","name":"Cosmetic Store","description":"","publisher":{"@id":"https:\/\/cosmeticstoredz.com\/#organization"},"potentialAction":[{"@type":"SearchAction","target":{"@type":"EntryPoint","urlTemplate":"https:\/\/cosmeticstoredz.com\/?s={search_term_string}"},"query-input":{"@type":"PropertyValueSpecification","valueRequired":true,"valueName":"search_term_string"}}],"inLanguage":"ar"},{"@type":"Organization","@id":"https:\/\/cosmeticstoredz.com\/#organization","name":"Cosmetic Store","url":"https:\/\/cosmeticstoredz.com\/","logo":{"@type":"ImageObject","inLanguage":"ar","@id":"https:\/\/cosmeticstoredz.com\/#\/schema\/logo\/image\/","url":"https:\/\/cosmeticstoredz.com\/wp-content\/uploads\/2026\/02\/cropped-LOGO_CS-512x512-1-1-e1771275285345.webp","contentUrl":"https:\/\/cosmeticstoredz.com\/wp-content\/uploads\/2026\/02\/cropped-LOGO_CS-512x512-1-1-e1771275285345.webp","width":265,"height":319,"caption":"Cosmetic Store"},"image":{"@id":"https:\/\/cosmeticstoredz.com\/#\/schema\/logo\/image\/"},"sameAs":["https:\/\/www.facebook.com\/profile.php?id=61564954260683","https:\/\/www.instagram.com\/cosmetic.storedz\/"]}]}},"_links":{"self":[{"href":"https:\/\/cosmeticstoredz.com\/ar\/wp-json\/wp\/v2\/product\/3270","targetHints":{"allow":["GET"]}}],"collection":[{"href":"https:\/\/cosmeticstoredz.com\/ar\/wp-json\/wp\/v2\/product"}],"about":[{"href":"https:\/\/cosmeticstoredz.com\/ar\/wp-json\/wp\/v2\/types\/product"}],"replies":[{"embeddable":true,"href":"https:\/\/cosmeticstoredz.com\/ar\/wp-json\/wp\/v2\/comments?post=3270"}],"version-history":[{"count":1,"href":"https:\/\/cosmeticstoredz.com\/ar\/wp-json\/wp\/v2\/product\/3270\/revisions"}],"predecessor-version":[{"id":17020,"href":"https:\/\/cosmeticstoredz.com\/ar\/wp-json\/wp\/v2\/product\/3270\/revisions\/17020"}],"wp:featuredmedia":[{"embeddable":true,"href":"https:\/\/cosmeticstoredz.com\/ar\/wp-json\/wp\/v2\/media\/17019"}],"wp:attachment":[{"href":"https:\/\/cosmeticstoredz.com\/ar\/wp-json\/wp\/v2\/media?parent=3270"}],"wp:term":[{"taxonomy":"product_brand","embeddable":true,"href":"https:\/\/cosmeticstoredz.com\/ar\/wp-json\/wp\/v2\/product_brand?post=3270"},{"taxonomy":"product_cat","embeddable":true,"href":"https:\/\/cosmeticstoredz.com\/ar\/wp-json\/wp\/v2\/product_cat?post=3270"},{"taxonomy":"product_tag","embeddable":true,"href":"https:\/\/cosmeticstoredz.com\/ar\/wp-json\/wp\/v2\/product_tag?post=3270"}],"curies":[{"name":"wp","href":"https:\/\/api.w.org\/{rel}","templated":true}]}}