{"id":3263,"date":"2025-06-04T18:22:09","date_gmt":"2025-06-04T18:22:09","guid":{"rendered":"https:\/\/test.fitnessworldgym27.com\/?post_type=product&#038;p=3263"},"modified":"2026-04-18T19:25:11","modified_gmt":"2026-04-18T19:25:11","slug":"vatika-a-shp-200ml-black-seed","status":"publish","type":"product","link":"https:\/\/cosmeticstoredz.com\/ar\/product\/vatika-a-shp-200ml-black-seed\/","title":{"rendered":"VATIKA  A\/SHP 200ML BLACK SEED"},"content":{"rendered":"<p>L&rsquo;apr\u00e8s-shampooing Vatika Black Seed utilise un ingr\u00e9dient puissant connu sous le nom de \u00ab\u00a0graine de b\u00e9n\u00e9diction\u00a0\u00bb dans l&rsquo;Islam. La graine noire ajoute force et brillance et offre une protection compl\u00e8te contre les cheveux ab\u00eem\u00e9s, tombants et ternes.\u00a0Nous avons s\u00e9lectionn\u00e9 les meilleures graines noires du monde, provenant notamment de Turquie !\u00a0Le shampooing et les revitalisants Black Seed sont sp\u00e9cialement formul\u00e9s avec des extraits de baies noires et de henn\u00e9 en plus des extraits de graines noires, ce qui donne une meilleure force et brillance aux cheveux.\u00a0Type de cheveux : pour cheveux ab\u00eem\u00e9s, tombants et ternes.\u00a0Avantages &#8211; Force et brillance<\/p>","protected":false},"excerpt":{"rendered":"<p>L&rsquo;apr\u00e8s-shampooing Vatika Black Seed utilise un ingr\u00e9dient puissant connu sous le nom de \u00ab\u00a0graine de b\u00e9n\u00e9diction\u00a0\u00bb dans l&rsquo;Islam. La graine noire ajoute force et brillance et offre une protection compl\u00e8te contre les cheveux ab\u00eem\u00e9s, tombants et ternes.\u00a0Nous avons s\u00e9lectionn\u00e9 les meilleures graines noires du monde, provenant notamment de Turquie !\u00a0Le shampooing et les revitalisants Black Seed sont sp\u00e9cialement formul\u00e9s avec des extraits de baies noires et de henn\u00e9 en plus des extraits de graines noires, ce qui donne une meilleure force et brillance aux cheveux.\u00a0Type de cheveux : pour cheveux ab\u00eem\u00e9s, tombants et ternes.\u00a0Avantages &#8211; Force et brillance<\/p>","protected":false},"featured_media":17007,"comment_status":"open","ping_status":"closed","template":"","meta":[],"product_brand":[],"product_cat":[111,159,270],"product_tag":[112],"class_list":{"0":"post-3263","1":"product","2":"type-product","3":"status-publish","4":"has-post-thumbnail","6":"product_cat-shampoing-f","7":"product_cat-shampoing-h","8":"product_cat-vatika","9":"product_tag-made-in-uae","11":"first","12":"outofstock","13":"shipping-taxable","14":"purchasable","15":"product-type-simple"},"yoast_head":"<!-- This site is optimized with the Yoast SEO plugin v27.3 - https:\/\/yoast.com\/product\/yoast-seo-wordpress\/ -->\n<title>VATIKA A\/SHP 200ML BLACK SEED - Cosmetic Store<\/title>\n<meta name=\"robots\" content=\"index, follow, max-snippet:-1, max-image-preview:large, max-video-preview:-1\" \/>\n<link rel=\"canonical\" href=\"https:\/\/cosmeticstoredz.com\/ar\/product\/vatika-a-shp-200ml-black-seed\/\" \/>\n<meta property=\"og:locale\" content=\"ar_AR\" \/>\n<meta property=\"og:type\" content=\"article\" \/>\n<meta property=\"og:title\" content=\"VATIKA A\/SHP 200ML BLACK SEED - Cosmetic Store\" \/>\n<meta property=\"og:description\" content=\"L&#039;apr\u00e8s-shampooing Vatika Black Seed utilise un ingr\u00e9dient puissant connu sous le nom de \u00ab\u00a0graine de b\u00e9n\u00e9diction\u00a0\u00bb dans l&#039;Islam. La graine noire ajoute force et brillance et offre une protection compl\u00e8te contre les cheveux ab\u00eem\u00e9s, tombants et ternes.\u00a0Nous avons s\u00e9lectionn\u00e9 les meilleures graines noires du monde, provenant notamment de Turquie !\u00a0Le shampooing et les revitalisants Black Seed sont sp\u00e9cialement formul\u00e9s avec des extraits de baies noires et de henn\u00e9 en plus des extraits de graines noires, ce qui donne une meilleure force et brillance aux cheveux.\u00a0Type de cheveux : pour cheveux ab\u00eem\u00e9s, tombants et ternes.\u00a0Avantages - Force et brillance\" \/>\n<meta property=\"og:url\" content=\"https:\/\/cosmeticstoredz.com\/ar\/product\/vatika-a-shp-200ml-black-seed\/\" \/>\n<meta property=\"og:site_name\" content=\"Cosmetic Store\" \/>\n<meta property=\"article:publisher\" content=\"https:\/\/www.facebook.com\/profile.php?id=61564954260683\" \/>\n<meta property=\"article:modified_time\" content=\"2026-04-18T19:25:11+00:00\" \/>\n<meta property=\"og:image\" content=\"https:\/\/cosmeticstoredz.com\/wp-content\/uploads\/2026\/02\/CC-346.png\" \/>\n\t<meta property=\"og:image:width\" content=\"500\" \/>\n\t<meta property=\"og:image:height\" content=\"500\" \/>\n\t<meta property=\"og:image:type\" content=\"image\/png\" \/>\n<meta name=\"twitter:card\" content=\"summary_large_image\" \/>\n<meta name=\"twitter:label1\" content=\"\u0648\u0642\u062a \u0627\u0644\u0642\u0631\u0627\u0621\u0629 \u0627\u0644\u0645\u064f\u0642\u062f\u0651\u0631\" \/>\n\t<meta name=\"twitter:data1\" content=\"\u062f\u0642\u064a\u0642\u0629 \u0648\u0627\u062d\u062f\u0629\" \/>\n<script type=\"application\/ld+json\" class=\"yoast-schema-graph\">{\"@context\":\"https:\\\/\\\/schema.org\",\"@graph\":[{\"@type\":\"WebPage\",\"@id\":\"https:\\\/\\\/cosmeticstoredz.com\\\/produit\\\/vatika-a-shp-200ml-black-seed\\\/\",\"url\":\"https:\\\/\\\/cosmeticstoredz.com\\\/produit\\\/vatika-a-shp-200ml-black-seed\\\/\",\"name\":\"VATIKA A\\\/SHP 200ML BLACK SEED - Cosmetic Store\",\"isPartOf\":{\"@id\":\"https:\\\/\\\/cosmeticstoredz.com\\\/#website\"},\"primaryImageOfPage\":{\"@id\":\"https:\\\/\\\/cosmeticstoredz.com\\\/produit\\\/vatika-a-shp-200ml-black-seed\\\/#primaryimage\"},\"image\":{\"@id\":\"https:\\\/\\\/cosmeticstoredz.com\\\/produit\\\/vatika-a-shp-200ml-black-seed\\\/#primaryimage\"},\"thumbnailUrl\":\"https:\\\/\\\/cosmeticstoredz.com\\\/wp-content\\\/uploads\\\/2026\\\/02\\\/CC-346.png\",\"datePublished\":\"2025-06-04T18:22:09+00:00\",\"dateModified\":\"2026-04-18T19:25:11+00:00\",\"breadcrumb\":{\"@id\":\"https:\\\/\\\/cosmeticstoredz.com\\\/produit\\\/vatika-a-shp-200ml-black-seed\\\/#breadcrumb\"},\"inLanguage\":\"ar\",\"potentialAction\":[{\"@type\":\"ReadAction\",\"target\":[\"https:\\\/\\\/cosmeticstoredz.com\\\/produit\\\/vatika-a-shp-200ml-black-seed\\\/\"]}]},{\"@type\":\"ImageObject\",\"inLanguage\":\"ar\",\"@id\":\"https:\\\/\\\/cosmeticstoredz.com\\\/produit\\\/vatika-a-shp-200ml-black-seed\\\/#primaryimage\",\"url\":\"https:\\\/\\\/cosmeticstoredz.com\\\/wp-content\\\/uploads\\\/2026\\\/02\\\/CC-346.png\",\"contentUrl\":\"https:\\\/\\\/cosmeticstoredz.com\\\/wp-content\\\/uploads\\\/2026\\\/02\\\/CC-346.png\",\"width\":500,\"height\":500},{\"@type\":\"BreadcrumbList\",\"@id\":\"https:\\\/\\\/cosmeticstoredz.com\\\/produit\\\/vatika-a-shp-200ml-black-seed\\\/#breadcrumb\",\"itemListElement\":[{\"@type\":\"ListItem\",\"position\":1,\"name\":\"Accueil\",\"item\":\"https:\\\/\\\/cosmeticstoredz.com\\\/\"},{\"@type\":\"ListItem\",\"position\":2,\"name\":\"Boutique\",\"item\":\"https:\\\/\\\/cosmeticstoredz.com\\\/boutique\\\/\"},{\"@type\":\"ListItem\",\"position\":3,\"name\":\"VATIKA A\\\/SHP 200ML BLACK SEED\"}]},{\"@type\":\"WebSite\",\"@id\":\"https:\\\/\\\/cosmeticstoredz.com\\\/#website\",\"url\":\"https:\\\/\\\/cosmeticstoredz.com\\\/\",\"name\":\"Cosmetic Store\",\"description\":\"\",\"publisher\":{\"@id\":\"https:\\\/\\\/cosmeticstoredz.com\\\/#organization\"},\"potentialAction\":[{\"@type\":\"SearchAction\",\"target\":{\"@type\":\"EntryPoint\",\"urlTemplate\":\"https:\\\/\\\/cosmeticstoredz.com\\\/?s={search_term_string}\"},\"query-input\":{\"@type\":\"PropertyValueSpecification\",\"valueRequired\":true,\"valueName\":\"search_term_string\"}}],\"inLanguage\":\"ar\"},{\"@type\":\"Organization\",\"@id\":\"https:\\\/\\\/cosmeticstoredz.com\\\/#organization\",\"name\":\"Cosmetic Store\",\"url\":\"https:\\\/\\\/cosmeticstoredz.com\\\/\",\"logo\":{\"@type\":\"ImageObject\",\"inLanguage\":\"ar\",\"@id\":\"https:\\\/\\\/cosmeticstoredz.com\\\/#\\\/schema\\\/logo\\\/image\\\/\",\"url\":\"https:\\\/\\\/cosmeticstoredz.com\\\/wp-content\\\/uploads\\\/2026\\\/02\\\/cropped-LOGO_CS-512x512-1-1-e1771275285345.webp\",\"contentUrl\":\"https:\\\/\\\/cosmeticstoredz.com\\\/wp-content\\\/uploads\\\/2026\\\/02\\\/cropped-LOGO_CS-512x512-1-1-e1771275285345.webp\",\"width\":265,\"height\":319,\"caption\":\"Cosmetic Store\"},\"image\":{\"@id\":\"https:\\\/\\\/cosmeticstoredz.com\\\/#\\\/schema\\\/logo\\\/image\\\/\"},\"sameAs\":[\"https:\\\/\\\/www.facebook.com\\\/profile.php?id=61564954260683\",\"https:\\\/\\\/www.instagram.com\\\/cosmetic.storedz\\\/\"]}]}<\/script>\n<!-- \/ Yoast SEO plugin. -->","yoast_head_json":{"title":"VATIKA A\/SHP 200ML BLACK SEED - Cosmetic Store","robots":{"index":"index","follow":"follow","max-snippet":"max-snippet:-1","max-image-preview":"max-image-preview:large","max-video-preview":"max-video-preview:-1"},"canonical":"https:\/\/cosmeticstoredz.com\/ar\/product\/vatika-a-shp-200ml-black-seed\/","og_locale":"ar_AR","og_type":"article","og_title":"VATIKA A\/SHP 200ML BLACK SEED - Cosmetic Store","og_description":"L'apr\u00e8s-shampooing Vatika Black Seed utilise un ingr\u00e9dient puissant connu sous le nom de \u00ab\u00a0graine de b\u00e9n\u00e9diction\u00a0\u00bb dans l'Islam. La graine noire ajoute force et brillance et offre une protection compl\u00e8te contre les cheveux ab\u00eem\u00e9s, tombants et ternes.\u00a0Nous avons s\u00e9lectionn\u00e9 les meilleures graines noires du monde, provenant notamment de Turquie !\u00a0Le shampooing et les revitalisants Black Seed sont sp\u00e9cialement formul\u00e9s avec des extraits de baies noires et de henn\u00e9 en plus des extraits de graines noires, ce qui donne une meilleure force et brillance aux cheveux.\u00a0Type de cheveux : pour cheveux ab\u00eem\u00e9s, tombants et ternes.\u00a0Avantages - Force et brillance","og_url":"https:\/\/cosmeticstoredz.com\/ar\/product\/vatika-a-shp-200ml-black-seed\/","og_site_name":"Cosmetic Store","article_publisher":"https:\/\/www.facebook.com\/profile.php?id=61564954260683","article_modified_time":"2026-04-18T19:25:11+00:00","og_image":[{"width":500,"height":500,"url":"https:\/\/cosmeticstoredz.com\/wp-content\/uploads\/2026\/02\/CC-346.png","type":"image\/png"}],"twitter_card":"summary_large_image","twitter_misc":{"\u0648\u0642\u062a \u0627\u0644\u0642\u0631\u0627\u0621\u0629 \u0627\u0644\u0645\u064f\u0642\u062f\u0651\u0631":"\u062f\u0642\u064a\u0642\u0629 \u0648\u0627\u062d\u062f\u0629"},"schema":{"@context":"https:\/\/schema.org","@graph":[{"@type":"WebPage","@id":"https:\/\/cosmeticstoredz.com\/produit\/vatika-a-shp-200ml-black-seed\/","url":"https:\/\/cosmeticstoredz.com\/produit\/vatika-a-shp-200ml-black-seed\/","name":"VATIKA A\/SHP 200ML BLACK SEED - Cosmetic Store","isPartOf":{"@id":"https:\/\/cosmeticstoredz.com\/#website"},"primaryImageOfPage":{"@id":"https:\/\/cosmeticstoredz.com\/produit\/vatika-a-shp-200ml-black-seed\/#primaryimage"},"image":{"@id":"https:\/\/cosmeticstoredz.com\/produit\/vatika-a-shp-200ml-black-seed\/#primaryimage"},"thumbnailUrl":"https:\/\/cosmeticstoredz.com\/wp-content\/uploads\/2026\/02\/CC-346.png","datePublished":"2025-06-04T18:22:09+00:00","dateModified":"2026-04-18T19:25:11+00:00","breadcrumb":{"@id":"https:\/\/cosmeticstoredz.com\/produit\/vatika-a-shp-200ml-black-seed\/#breadcrumb"},"inLanguage":"ar","potentialAction":[{"@type":"ReadAction","target":["https:\/\/cosmeticstoredz.com\/produit\/vatika-a-shp-200ml-black-seed\/"]}]},{"@type":"ImageObject","inLanguage":"ar","@id":"https:\/\/cosmeticstoredz.com\/produit\/vatika-a-shp-200ml-black-seed\/#primaryimage","url":"https:\/\/cosmeticstoredz.com\/wp-content\/uploads\/2026\/02\/CC-346.png","contentUrl":"https:\/\/cosmeticstoredz.com\/wp-content\/uploads\/2026\/02\/CC-346.png","width":500,"height":500},{"@type":"BreadcrumbList","@id":"https:\/\/cosmeticstoredz.com\/produit\/vatika-a-shp-200ml-black-seed\/#breadcrumb","itemListElement":[{"@type":"ListItem","position":1,"name":"Accueil","item":"https:\/\/cosmeticstoredz.com\/"},{"@type":"ListItem","position":2,"name":"Boutique","item":"https:\/\/cosmeticstoredz.com\/boutique\/"},{"@type":"ListItem","position":3,"name":"VATIKA A\/SHP 200ML BLACK SEED"}]},{"@type":"WebSite","@id":"https:\/\/cosmeticstoredz.com\/#website","url":"https:\/\/cosmeticstoredz.com\/","name":"Cosmetic Store","description":"","publisher":{"@id":"https:\/\/cosmeticstoredz.com\/#organization"},"potentialAction":[{"@type":"SearchAction","target":{"@type":"EntryPoint","urlTemplate":"https:\/\/cosmeticstoredz.com\/?s={search_term_string}"},"query-input":{"@type":"PropertyValueSpecification","valueRequired":true,"valueName":"search_term_string"}}],"inLanguage":"ar"},{"@type":"Organization","@id":"https:\/\/cosmeticstoredz.com\/#organization","name":"Cosmetic Store","url":"https:\/\/cosmeticstoredz.com\/","logo":{"@type":"ImageObject","inLanguage":"ar","@id":"https:\/\/cosmeticstoredz.com\/#\/schema\/logo\/image\/","url":"https:\/\/cosmeticstoredz.com\/wp-content\/uploads\/2026\/02\/cropped-LOGO_CS-512x512-1-1-e1771275285345.webp","contentUrl":"https:\/\/cosmeticstoredz.com\/wp-content\/uploads\/2026\/02\/cropped-LOGO_CS-512x512-1-1-e1771275285345.webp","width":265,"height":319,"caption":"Cosmetic Store"},"image":{"@id":"https:\/\/cosmeticstoredz.com\/#\/schema\/logo\/image\/"},"sameAs":["https:\/\/www.facebook.com\/profile.php?id=61564954260683","https:\/\/www.instagram.com\/cosmetic.storedz\/"]}]}},"_links":{"self":[{"href":"https:\/\/cosmeticstoredz.com\/ar\/wp-json\/wp\/v2\/product\/3263","targetHints":{"allow":["GET"]}}],"collection":[{"href":"https:\/\/cosmeticstoredz.com\/ar\/wp-json\/wp\/v2\/product"}],"about":[{"href":"https:\/\/cosmeticstoredz.com\/ar\/wp-json\/wp\/v2\/types\/product"}],"replies":[{"embeddable":true,"href":"https:\/\/cosmeticstoredz.com\/ar\/wp-json\/wp\/v2\/comments?post=3263"}],"version-history":[{"count":1,"href":"https:\/\/cosmeticstoredz.com\/ar\/wp-json\/wp\/v2\/product\/3263\/revisions"}],"predecessor-version":[{"id":17008,"href":"https:\/\/cosmeticstoredz.com\/ar\/wp-json\/wp\/v2\/product\/3263\/revisions\/17008"}],"wp:featuredmedia":[{"embeddable":true,"href":"https:\/\/cosmeticstoredz.com\/ar\/wp-json\/wp\/v2\/media\/17007"}],"wp:attachment":[{"href":"https:\/\/cosmeticstoredz.com\/ar\/wp-json\/wp\/v2\/media?parent=3263"}],"wp:term":[{"taxonomy":"product_brand","embeddable":true,"href":"https:\/\/cosmeticstoredz.com\/ar\/wp-json\/wp\/v2\/product_brand?post=3263"},{"taxonomy":"product_cat","embeddable":true,"href":"https:\/\/cosmeticstoredz.com\/ar\/wp-json\/wp\/v2\/product_cat?post=3263"},{"taxonomy":"product_tag","embeddable":true,"href":"https:\/\/cosmeticstoredz.com\/ar\/wp-json\/wp\/v2\/product_tag?post=3263"}],"curies":[{"name":"wp","href":"https:\/\/api.w.org\/{rel}","templated":true}]}}