{"id":3261,"date":"2025-06-04T18:22:09","date_gmt":"2025-06-04T18:22:09","guid":{"rendered":"https:\/\/test.fitnessworldgym27.com\/?post_type=product&#038;p=3261"},"modified":"2026-04-04T14:57:17","modified_gmt":"2026-04-04T14:57:17","slug":"vaseline-corps-200ml","status":"publish","type":"product","link":"https:\/\/cosmeticstoredz.com\/ar\/product\/vaseline-corps-200ml\/","title":{"rendered":"VASELINE CORPS 200ML"},"content":{"rendered":"<p>Les lotions pour le corps Vaseline Intensive Care p\u00e9n\u00e8trent rapidement et assurent une sensation non grasse<br \/>\nLa lotion pour le corps Aloe Soothe contient des micro-gouttes de gel\u00e9e de vaseline pour retenir l&rsquo;humidit\u00e9 et fournir un soin de la peau en profondeur<br \/>\nCette cr\u00e8me pour le corps contient de l&rsquo;aloe, connue pour apaiser et apaiser les peaux s\u00e8ches et irrit\u00e9es<br \/>\nNotre lotion pour le corps fonctionne le mieux pour les personnes ayant une peau s\u00e8che, rugueuse et irrit\u00e9e<\/p>\n<p>Ingr\u00e9dients :<\/p>\n<p>AQUA, GLYCERIN, STEARIC ACID, PALMATIC ACID, ISOPROPYL MYRISTATE, PARAFFINUM LIQUIDUM, PETROLATUM, ALOE BARBADENSIS LEAF JUICE POWDER, DIMETHICONE, DIHYDROXYPROPYLTRIMONIUM CHLORIDE, HYDROXYETHYL UREA, LACTIC ACID,GLYCERYL STEARATE, GLYCOL STEARATE, PEG-100 STEARATE, CETYL ALCOHOL, STEARAMIDE AMP, SODIUM HYDROXYDE, TAPIOCA STARCH, MAGNESIUM ALIMUNIUM SILICATE, ACRYLATES\/C10-30 ALKYL ACRYLATE CROSSPOLYMER, XANTHAN GUM, DISODIUM EDTA, PARFUM, METHYLPARABEN, PHENOXYETHANOL, PROPYLPARABEN, BENZYL ALCOHOL, BENZYL SALICYLATE, BUTYLPHENYL METHYLPROPIONAL, GERANIOL, HEXYL CINNAMAL, LINALOOL<\/p>","protected":false},"excerpt":{"rendered":"<p>Les lotions pour le corps Vaseline Intensive Care p\u00e9n\u00e8trent rapidement et assurent une sensation non grasse<\/p>","protected":false},"featured_media":17003,"comment_status":"closed","ping_status":"closed","template":"","meta":[],"product_brand":[],"product_cat":[75,72,81,73],"product_tag":[209],"class_list":{"0":"post-3261","1":"product","2":"type-product","3":"status-publish","4":"has-post-thumbnail","6":"product_cat-femme","7":"product_cat-homme","8":"product_cat-soin-corps-f","9":"product_cat-soin-corps-h","10":"product_tag-made-in-pays-bas","12":"first","13":"outofstock","14":"shipping-taxable","15":"purchasable","16":"product-type-simple"},"_links":{"self":[{"href":"https:\/\/cosmeticstoredz.com\/ar\/wp-json\/wp\/v2\/product\/3261","targetHints":{"allow":["GET"]}}],"collection":[{"href":"https:\/\/cosmeticstoredz.com\/ar\/wp-json\/wp\/v2\/product"}],"about":[{"href":"https:\/\/cosmeticstoredz.com\/ar\/wp-json\/wp\/v2\/types\/product"}],"replies":[{"embeddable":true,"href":"https:\/\/cosmeticstoredz.com\/ar\/wp-json\/wp\/v2\/comments?post=3261"}],"version-history":[{"count":2,"href":"https:\/\/cosmeticstoredz.com\/ar\/wp-json\/wp\/v2\/product\/3261\/revisions"}],"predecessor-version":[{"id":25798,"href":"https:\/\/cosmeticstoredz.com\/ar\/wp-json\/wp\/v2\/product\/3261\/revisions\/25798"}],"wp:featuredmedia":[{"embeddable":true,"href":"https:\/\/cosmeticstoredz.com\/ar\/wp-json\/wp\/v2\/media\/17003"}],"wp:attachment":[{"href":"https:\/\/cosmeticstoredz.com\/ar\/wp-json\/wp\/v2\/media?parent=3261"}],"wp:term":[{"taxonomy":"product_brand","embeddable":true,"href":"https:\/\/cosmeticstoredz.com\/ar\/wp-json\/wp\/v2\/product_brand?post=3261"},{"taxonomy":"product_cat","embeddable":true,"href":"https:\/\/cosmeticstoredz.com\/ar\/wp-json\/wp\/v2\/product_cat?post=3261"},{"taxonomy":"product_tag","embeddable":true,"href":"https:\/\/cosmeticstoredz.com\/ar\/wp-json\/wp\/v2\/product_tag?post=3261"}],"curies":[{"name":"wp","href":"https:\/\/api.w.org\/{rel}","templated":true}]}}