{"id":3253,"date":"2025-06-04T18:22:09","date_gmt":"2025-06-04T18:22:09","guid":{"rendered":"https:\/\/test.fitnessworldgym27.com\/?post_type=product&#038;p=3253"},"modified":"2026-04-18T19:18:52","modified_gmt":"2026-04-18T19:18:52","slug":"uriage-hyseac-peaux-grasse-fluide-50-spf","status":"publish","type":"product","link":"https:\/\/cosmeticstoredz.com\/ar\/product\/uriage-hyseac-peaux-grasse-fluide-50-spf\/","title":{"rendered":"URIAGE HYSEAC PEAUX GRASSE FLUIDE +50 SPF"},"content":{"rendered":"<p>Le Fluide HYS\u00c9AC SPF50+ associe une protection solaire efficace aux propri\u00e9t\u00e9s adapt\u00e9es aux peaux mixtes \u00e0 grasses. Il dispose d&rsquo;une tr\u00e8s haute protection UVA-UVB gr\u00e2ce \u00e0 un nouveau complexe filtrant ultra\u2013performant sans octocryl\u00e8ne. Sa texture est non collante et non grasse.<\/p>\n<p>Tr\u00e8s hydratant, il d\u00e9tient des actfifs limitant la d\u00e9shydratation. Il apporte un effet matifiant durable gr\u00e2ce \u00e0 l\u2019extrait de Licorice qui limite l\u2019exc\u00e8s de s\u00e9bum et pr\u00e9vient ainsi l\u2019apparition de nouvelles imperfections.<\/p>","protected":false},"excerpt":{"rendered":"<p>Le Fluide HYS\u00c9AC SPF50+ associe une protection solaire efficace aux propri\u00e9t\u00e9s adapt\u00e9es aux peaux mixtes \u00e0 grasses.<\/p>","protected":false},"featured_media":0,"comment_status":"closed","ping_status":"closed","template":"","meta":[],"product_brand":[],"product_cat":[129,75,76,131,268],"product_tag":[125],"class_list":{"0":"post-3253","1":"product","2":"type-product","3":"status-publish","5":"product_cat-creme-hydratante-fv","6":"product_cat-femme","7":"product_cat-soin-visage-f","8":"product_cat-solaire","9":"product_cat-uriage","10":"product_tag-made-in-france","12":"first","13":"outofstock","14":"shipping-taxable","15":"purchasable","16":"product-type-simple"},"yoast_head":"<!-- This site is optimized with the Yoast SEO plugin v27.3 - https:\/\/yoast.com\/product\/yoast-seo-wordpress\/ -->\n<title>URIAGE HYSEAC PEAUX GRASSE FLUIDE +50 SPF - Cosmetic Store<\/title>\n<meta name=\"robots\" content=\"index, follow, max-snippet:-1, max-image-preview:large, max-video-preview:-1\" \/>\n<link rel=\"canonical\" href=\"https:\/\/cosmeticstoredz.com\/ar\/product\/uriage-hyseac-peaux-grasse-fluide-50-spf\/\" \/>\n<meta property=\"og:locale\" content=\"ar_AR\" \/>\n<meta property=\"og:type\" content=\"article\" \/>\n<meta property=\"og:title\" content=\"URIAGE HYSEAC PEAUX GRASSE FLUIDE +50 SPF - Cosmetic Store\" \/>\n<meta property=\"og:description\" content=\"Le Fluide HYS\u00c9AC SPF50+ associe une protection solaire efficace aux propri\u00e9t\u00e9s adapt\u00e9es aux peaux mixtes \u00e0 grasses.\" \/>\n<meta property=\"og:url\" content=\"https:\/\/cosmeticstoredz.com\/ar\/product\/uriage-hyseac-peaux-grasse-fluide-50-spf\/\" \/>\n<meta property=\"og:site_name\" content=\"Cosmetic Store\" \/>\n<meta property=\"article:publisher\" content=\"https:\/\/www.facebook.com\/profile.php?id=61564954260683\" \/>\n<meta property=\"article:modified_time\" content=\"2026-04-18T19:18:52+00:00\" \/>\n<meta name=\"twitter:card\" content=\"summary_large_image\" \/>\n<script type=\"application\/ld+json\" class=\"yoast-schema-graph\">{\"@context\":\"https:\\\/\\\/schema.org\",\"@graph\":[{\"@type\":\"WebPage\",\"@id\":\"https:\\\/\\\/cosmeticstoredz.com\\\/produit\\\/uriage-hyseac-peaux-grasse-fluide-50-spf\\\/\",\"url\":\"https:\\\/\\\/cosmeticstoredz.com\\\/produit\\\/uriage-hyseac-peaux-grasse-fluide-50-spf\\\/\",\"name\":\"URIAGE HYSEAC PEAUX GRASSE FLUIDE +50 SPF - Cosmetic Store\",\"isPartOf\":{\"@id\":\"https:\\\/\\\/cosmeticstoredz.com\\\/#website\"},\"datePublished\":\"2025-06-04T18:22:09+00:00\",\"dateModified\":\"2026-04-18T19:18:52+00:00\",\"breadcrumb\":{\"@id\":\"https:\\\/\\\/cosmeticstoredz.com\\\/produit\\\/uriage-hyseac-peaux-grasse-fluide-50-spf\\\/#breadcrumb\"},\"inLanguage\":\"ar\",\"potentialAction\":[{\"@type\":\"ReadAction\",\"target\":[\"https:\\\/\\\/cosmeticstoredz.com\\\/produit\\\/uriage-hyseac-peaux-grasse-fluide-50-spf\\\/\"]}]},{\"@type\":\"BreadcrumbList\",\"@id\":\"https:\\\/\\\/cosmeticstoredz.com\\\/produit\\\/uriage-hyseac-peaux-grasse-fluide-50-spf\\\/#breadcrumb\",\"itemListElement\":[{\"@type\":\"ListItem\",\"position\":1,\"name\":\"Accueil\",\"item\":\"https:\\\/\\\/cosmeticstoredz.com\\\/\"},{\"@type\":\"ListItem\",\"position\":2,\"name\":\"Boutique\",\"item\":\"https:\\\/\\\/cosmeticstoredz.com\\\/boutique\\\/\"},{\"@type\":\"ListItem\",\"position\":3,\"name\":\"URIAGE HYSEAC PEAUX GRASSE FLUIDE +50 SPF\"}]},{\"@type\":\"WebSite\",\"@id\":\"https:\\\/\\\/cosmeticstoredz.com\\\/#website\",\"url\":\"https:\\\/\\\/cosmeticstoredz.com\\\/\",\"name\":\"Cosmetic Store\",\"description\":\"\",\"publisher\":{\"@id\":\"https:\\\/\\\/cosmeticstoredz.com\\\/#organization\"},\"potentialAction\":[{\"@type\":\"SearchAction\",\"target\":{\"@type\":\"EntryPoint\",\"urlTemplate\":\"https:\\\/\\\/cosmeticstoredz.com\\\/?s={search_term_string}\"},\"query-input\":{\"@type\":\"PropertyValueSpecification\",\"valueRequired\":true,\"valueName\":\"search_term_string\"}}],\"inLanguage\":\"ar\"},{\"@type\":\"Organization\",\"@id\":\"https:\\\/\\\/cosmeticstoredz.com\\\/#organization\",\"name\":\"Cosmetic Store\",\"url\":\"https:\\\/\\\/cosmeticstoredz.com\\\/\",\"logo\":{\"@type\":\"ImageObject\",\"inLanguage\":\"ar\",\"@id\":\"https:\\\/\\\/cosmeticstoredz.com\\\/#\\\/schema\\\/logo\\\/image\\\/\",\"url\":\"https:\\\/\\\/cosmeticstoredz.com\\\/wp-content\\\/uploads\\\/2026\\\/02\\\/cropped-LOGO_CS-512x512-1-1-e1771275285345.webp\",\"contentUrl\":\"https:\\\/\\\/cosmeticstoredz.com\\\/wp-content\\\/uploads\\\/2026\\\/02\\\/cropped-LOGO_CS-512x512-1-1-e1771275285345.webp\",\"width\":265,\"height\":319,\"caption\":\"Cosmetic Store\"},\"image\":{\"@id\":\"https:\\\/\\\/cosmeticstoredz.com\\\/#\\\/schema\\\/logo\\\/image\\\/\"},\"sameAs\":[\"https:\\\/\\\/www.facebook.com\\\/profile.php?id=61564954260683\",\"https:\\\/\\\/www.instagram.com\\\/cosmetic.storedz\\\/\"]}]}<\/script>\n<!-- \/ Yoast SEO plugin. -->","yoast_head_json":{"title":"URIAGE HYSEAC PEAUX GRASSE FLUIDE +50 SPF - Cosmetic Store","robots":{"index":"index","follow":"follow","max-snippet":"max-snippet:-1","max-image-preview":"max-image-preview:large","max-video-preview":"max-video-preview:-1"},"canonical":"https:\/\/cosmeticstoredz.com\/ar\/product\/uriage-hyseac-peaux-grasse-fluide-50-spf\/","og_locale":"ar_AR","og_type":"article","og_title":"URIAGE HYSEAC PEAUX GRASSE FLUIDE +50 SPF - Cosmetic Store","og_description":"Le Fluide HYS\u00c9AC SPF50+ associe une protection solaire efficace aux propri\u00e9t\u00e9s adapt\u00e9es aux peaux mixtes \u00e0 grasses.","og_url":"https:\/\/cosmeticstoredz.com\/ar\/product\/uriage-hyseac-peaux-grasse-fluide-50-spf\/","og_site_name":"Cosmetic Store","article_publisher":"https:\/\/www.facebook.com\/profile.php?id=61564954260683","article_modified_time":"2026-04-18T19:18:52+00:00","twitter_card":"summary_large_image","schema":{"@context":"https:\/\/schema.org","@graph":[{"@type":"WebPage","@id":"https:\/\/cosmeticstoredz.com\/produit\/uriage-hyseac-peaux-grasse-fluide-50-spf\/","url":"https:\/\/cosmeticstoredz.com\/produit\/uriage-hyseac-peaux-grasse-fluide-50-spf\/","name":"URIAGE HYSEAC PEAUX GRASSE FLUIDE +50 SPF - Cosmetic Store","isPartOf":{"@id":"https:\/\/cosmeticstoredz.com\/#website"},"datePublished":"2025-06-04T18:22:09+00:00","dateModified":"2026-04-18T19:18:52+00:00","breadcrumb":{"@id":"https:\/\/cosmeticstoredz.com\/produit\/uriage-hyseac-peaux-grasse-fluide-50-spf\/#breadcrumb"},"inLanguage":"ar","potentialAction":[{"@type":"ReadAction","target":["https:\/\/cosmeticstoredz.com\/produit\/uriage-hyseac-peaux-grasse-fluide-50-spf\/"]}]},{"@type":"BreadcrumbList","@id":"https:\/\/cosmeticstoredz.com\/produit\/uriage-hyseac-peaux-grasse-fluide-50-spf\/#breadcrumb","itemListElement":[{"@type":"ListItem","position":1,"name":"Accueil","item":"https:\/\/cosmeticstoredz.com\/"},{"@type":"ListItem","position":2,"name":"Boutique","item":"https:\/\/cosmeticstoredz.com\/boutique\/"},{"@type":"ListItem","position":3,"name":"URIAGE HYSEAC PEAUX GRASSE FLUIDE +50 SPF"}]},{"@type":"WebSite","@id":"https:\/\/cosmeticstoredz.com\/#website","url":"https:\/\/cosmeticstoredz.com\/","name":"Cosmetic Store","description":"","publisher":{"@id":"https:\/\/cosmeticstoredz.com\/#organization"},"potentialAction":[{"@type":"SearchAction","target":{"@type":"EntryPoint","urlTemplate":"https:\/\/cosmeticstoredz.com\/?s={search_term_string}"},"query-input":{"@type":"PropertyValueSpecification","valueRequired":true,"valueName":"search_term_string"}}],"inLanguage":"ar"},{"@type":"Organization","@id":"https:\/\/cosmeticstoredz.com\/#organization","name":"Cosmetic Store","url":"https:\/\/cosmeticstoredz.com\/","logo":{"@type":"ImageObject","inLanguage":"ar","@id":"https:\/\/cosmeticstoredz.com\/#\/schema\/logo\/image\/","url":"https:\/\/cosmeticstoredz.com\/wp-content\/uploads\/2026\/02\/cropped-LOGO_CS-512x512-1-1-e1771275285345.webp","contentUrl":"https:\/\/cosmeticstoredz.com\/wp-content\/uploads\/2026\/02\/cropped-LOGO_CS-512x512-1-1-e1771275285345.webp","width":265,"height":319,"caption":"Cosmetic Store"},"image":{"@id":"https:\/\/cosmeticstoredz.com\/#\/schema\/logo\/image\/"},"sameAs":["https:\/\/www.facebook.com\/profile.php?id=61564954260683","https:\/\/www.instagram.com\/cosmetic.storedz\/"]}]}},"_links":{"self":[{"href":"https:\/\/cosmeticstoredz.com\/ar\/wp-json\/wp\/v2\/product\/3253","targetHints":{"allow":["GET"]}}],"collection":[{"href":"https:\/\/cosmeticstoredz.com\/ar\/wp-json\/wp\/v2\/product"}],"about":[{"href":"https:\/\/cosmeticstoredz.com\/ar\/wp-json\/wp\/v2\/types\/product"}],"replies":[{"embeddable":true,"href":"https:\/\/cosmeticstoredz.com\/ar\/wp-json\/wp\/v2\/comments?post=3253"}],"version-history":[{"count":1,"href":"https:\/\/cosmeticstoredz.com\/ar\/wp-json\/wp\/v2\/product\/3253\/revisions"}],"predecessor-version":[{"id":16991,"href":"https:\/\/cosmeticstoredz.com\/ar\/wp-json\/wp\/v2\/product\/3253\/revisions\/16991"}],"wp:attachment":[{"href":"https:\/\/cosmeticstoredz.com\/ar\/wp-json\/wp\/v2\/media?parent=3253"}],"wp:term":[{"taxonomy":"product_brand","embeddable":true,"href":"https:\/\/cosmeticstoredz.com\/ar\/wp-json\/wp\/v2\/product_brand?post=3253"},{"taxonomy":"product_cat","embeddable":true,"href":"https:\/\/cosmeticstoredz.com\/ar\/wp-json\/wp\/v2\/product_cat?post=3253"},{"taxonomy":"product_tag","embeddable":true,"href":"https:\/\/cosmeticstoredz.com\/ar\/wp-json\/wp\/v2\/product_tag?post=3253"}],"curies":[{"name":"wp","href":"https:\/\/api.w.org\/{rel}","templated":true}]}}