{"id":3230,"date":"2025-06-04T18:21:46","date_gmt":"2025-06-04T18:21:46","guid":{"rendered":"https:\/\/test.fitnessworldgym27.com\/?post_type=product&#038;p=3230"},"modified":"2026-03-30T19:24:12","modified_gmt":"2026-03-30T19:24:12","slug":"udv-coffret-wild","status":"publish","type":"product","link":"https:\/\/cosmeticstoredz.com\/ar\/product\/udv-coffret-wild\/","title":{"rendered":"UDV COFFRET WILD"},"content":{"rendered":"<p>un parfum d&rsquo;aventure, Il s\u2019ouvre sur une explosion de fra\u00eecheur, o\u00f9 les accents fruit\u00e9s d\u2019une bergamote fusante et d\u2019une pomme croquante se m\u00ealent \u00e0 une feuille de cannelier verte et \u00e9pic\u00e9e. En c\u0153ur, la force du romarin rencontre la lumi\u00e8re dor\u00e9e d\u2019un duo ciste &#8211; \u00e9l\u00e9mi, chatoyant et myst\u00e9rieux. Enfin, la douceur des muscs contraste avec l\u2019intensit\u00e9 vibrante et sauvage du patchouli et du bois de santal. Foug\u00e8re, Oriental, Bois\u00e9<\/p>","protected":false},"excerpt":{"rendered":"<p><strong>Coffret Eau de Toilette 100ml, D\u00e9odorant 200ml<\/strong><\/p>\n<p>&nbsp;<\/p>","protected":false},"featured_media":16983,"comment_status":"open","ping_status":"closed","template":"","meta":[],"product_brand":[],"product_cat":[85,133,72,84,267],"product_tag":[125],"class_list":{"0":"post-3230","1":"product","2":"type-product","3":"status-publish","4":"has-post-thumbnail","6":"product_cat-deodorant-h","7":"product_cat-eau-de-toilette-h","8":"product_cat-homme","9":"product_cat-parfum-h","10":"product_cat-ulric-de-varens","11":"product_tag-made-in-france","13":"first","14":"instock","15":"sale","16":"shipping-taxable","17":"purchasable","18":"product-type-simple"},"_links":{"self":[{"href":"https:\/\/cosmeticstoredz.com\/ar\/wp-json\/wp\/v2\/product\/3230","targetHints":{"allow":["GET"]}}],"collection":[{"href":"https:\/\/cosmeticstoredz.com\/ar\/wp-json\/wp\/v2\/product"}],"about":[{"href":"https:\/\/cosmeticstoredz.com\/ar\/wp-json\/wp\/v2\/types\/product"}],"replies":[{"embeddable":true,"href":"https:\/\/cosmeticstoredz.com\/ar\/wp-json\/wp\/v2\/comments?post=3230"}],"version-history":[{"count":1,"href":"https:\/\/cosmeticstoredz.com\/ar\/wp-json\/wp\/v2\/product\/3230\/revisions"}],"predecessor-version":[{"id":16986,"href":"https:\/\/cosmeticstoredz.com\/ar\/wp-json\/wp\/v2\/product\/3230\/revisions\/16986"}],"wp:featuredmedia":[{"embeddable":true,"href":"https:\/\/cosmeticstoredz.com\/ar\/wp-json\/wp\/v2\/media\/16983"}],"wp:attachment":[{"href":"https:\/\/cosmeticstoredz.com\/ar\/wp-json\/wp\/v2\/media?parent=3230"}],"wp:term":[{"taxonomy":"product_brand","embeddable":true,"href":"https:\/\/cosmeticstoredz.com\/ar\/wp-json\/wp\/v2\/product_brand?post=3230"},{"taxonomy":"product_cat","embeddable":true,"href":"https:\/\/cosmeticstoredz.com\/ar\/wp-json\/wp\/v2\/product_cat?post=3230"},{"taxonomy":"product_tag","embeddable":true,"href":"https:\/\/cosmeticstoredz.com\/ar\/wp-json\/wp\/v2\/product_tag?post=3230"}],"curies":[{"name":"wp","href":"https:\/\/api.w.org\/{rel}","templated":true}]}}