{"id":3226,"date":"2025-06-04T18:21:46","date_gmt":"2025-06-04T18:21:46","guid":{"rendered":"https:\/\/test.fitnessworldgym27.com\/?post_type=product&#038;p=3226"},"modified":"2026-03-30T19:24:12","modified_gmt":"2026-03-30T19:24:12","slug":"udv-coffret-chic-issime","status":"publish","type":"product","link":"https:\/\/cosmeticstoredz.com\/ar\/product\/udv-coffret-chic-issime\/","title":{"rendered":"UDV COFFRET CHIC ISSIME"},"content":{"rendered":"<section id=\"wrapper\">\n<div class=\"container\">\n<div class=\"row\">\n<div id=\"content-wrapper\">\n<section id=\"main\">\n<div class=\"tabs\">\n<div id=\"tab-content\" class=\"tab-content\">\n<div id=\"description\" class=\"tab-pane fade in active\" role=\"tabpanel\">\n<div class=\"product-description\">\n<p>Un flacon glamour, r\u00e9solument f\u00e9minin. Irr\u00e9sistiblement voluptueux, le lys et le jasmin parfument le c\u0153ur de la nuit et s\u2019abandonnent aux muscs et \u00e0 l\u2019ambre blanc. A l\u2019aube, les roses th\u00e9 vaporeuses s\u2019\u00e9panouissent. Floral Blanc.<\/p>\n<\/div>\n<\/div>\n<\/div>\n<\/div>\n<footer class=\"page-footer\"><\/footer>\n<\/section>\n<\/div>\n<\/div>\n<\/div>\n<\/section>\n<footer id=\"footer\">\n<div class=\"container\">Coffret eau de parfum + vaporisateur Chic-Issime pour elle<br \/>\nEau de parfum vaporisateur 75 ml 79% : alcohol denat., parfum (fragrance), aqua (water), ethylhexyl methoxycinnamate, butyl methoxydibenzoylmethan\u2026<\/div>\n<\/footer>","protected":false},"excerpt":{"rendered":"<p>Un flacon glamour, r\u00e9solument f\u00e9minin. Irr\u00e9sistiblement voluptueux, le lys et le jasmin parfument le c\u0153ur de la nuit et s\u2019abandonnent aux muscs et \u00e0 l\u2019ambre blanc. A l\u2019aube, les roses th\u00e9 vaporeuses s\u2019\u00e9panouissent. Floral Blanc.<\/p>","protected":false},"featured_media":16969,"comment_status":"open","ping_status":"closed","template":"","meta":[],"product_brand":[],"product_cat":[109,75,78,267],"product_tag":[125],"class_list":{"0":"post-3226","1":"product","2":"type-product","3":"status-publish","4":"has-post-thumbnail","6":"product_cat-eau-de-parfum-f","7":"product_cat-femme","8":"product_cat-parfum-f","9":"product_cat-ulric-de-varens","10":"product_tag-made-in-france","12":"first","13":"outofstock","14":"sale","15":"shipping-taxable","16":"purchasable","17":"product-type-simple"},"_links":{"self":[{"href":"https:\/\/cosmeticstoredz.com\/ar\/wp-json\/wp\/v2\/product\/3226","targetHints":{"allow":["GET"]}}],"collection":[{"href":"https:\/\/cosmeticstoredz.com\/ar\/wp-json\/wp\/v2\/product"}],"about":[{"href":"https:\/\/cosmeticstoredz.com\/ar\/wp-json\/wp\/v2\/types\/product"}],"replies":[{"embeddable":true,"href":"https:\/\/cosmeticstoredz.com\/ar\/wp-json\/wp\/v2\/comments?post=3226"}],"version-history":[{"count":1,"href":"https:\/\/cosmeticstoredz.com\/ar\/wp-json\/wp\/v2\/product\/3226\/revisions"}],"predecessor-version":[{"id":16972,"href":"https:\/\/cosmeticstoredz.com\/ar\/wp-json\/wp\/v2\/product\/3226\/revisions\/16972"}],"wp:featuredmedia":[{"embeddable":true,"href":"https:\/\/cosmeticstoredz.com\/ar\/wp-json\/wp\/v2\/media\/16969"}],"wp:attachment":[{"href":"https:\/\/cosmeticstoredz.com\/ar\/wp-json\/wp\/v2\/media?parent=3226"}],"wp:term":[{"taxonomy":"product_brand","embeddable":true,"href":"https:\/\/cosmeticstoredz.com\/ar\/wp-json\/wp\/v2\/product_brand?post=3226"},{"taxonomy":"product_cat","embeddable":true,"href":"https:\/\/cosmeticstoredz.com\/ar\/wp-json\/wp\/v2\/product_cat?post=3226"},{"taxonomy":"product_tag","embeddable":true,"href":"https:\/\/cosmeticstoredz.com\/ar\/wp-json\/wp\/v2\/product_tag?post=3226"}],"curies":[{"name":"wp","href":"https:\/\/api.w.org\/{rel}","templated":true}]}}