{"id":3225,"date":"2025-06-04T18:21:45","date_gmt":"2025-06-04T18:21:45","guid":{"rendered":"https:\/\/test.fitnessworldgym27.com\/?post_type=product&#038;p=3225"},"modified":"2026-03-30T19:24:12","modified_gmt":"2026-03-30T19:24:12","slug":"udv-coffret-bleu","status":"publish","type":"product","link":"https:\/\/cosmeticstoredz.com\/ar\/product\/udv-coffret-bleu\/","title":{"rendered":"UDV COFFRET BLEU"},"content":{"rendered":"<div class=\"ProductMeta__Description\">\n<div class=\"Rte\">\n<p>La lavande sublime cette cascade de fra\u00eecheur avant d\u2019accueillir la modernit\u00e9 d\u2019un subtil bouquet floral. Les bois pr\u00e9cieux ponctu\u00e9s d\u2019ambre r\u00e9v\u00e8lent un sillage d\u00e9licieux et intense.<\/p>\n<\/div>\n<\/div>","protected":false},"excerpt":{"rendered":"<p>Un parfum frais avec un bouquet floral subtil, il provoque le bien-\u00eatre et se combine avec des hommes actifs en esprit et en mouvement constant.<\/p>","protected":false},"featured_media":16967,"comment_status":"open","ping_status":"closed","template":"","meta":[],"product_brand":[],"product_cat":[85,133,72,84,267],"product_tag":[125],"class_list":{"0":"post-3225","1":"product","2":"type-product","3":"status-publish","4":"has-post-thumbnail","6":"product_cat-deodorant-h","7":"product_cat-eau-de-toilette-h","8":"product_cat-homme","9":"product_cat-parfum-h","10":"product_cat-ulric-de-varens","11":"product_tag-made-in-france","13":"first","14":"instock","15":"shipping-taxable","16":"purchasable","17":"product-type-simple"},"_links":{"self":[{"href":"https:\/\/cosmeticstoredz.com\/ar\/wp-json\/wp\/v2\/product\/3225","targetHints":{"allow":["GET"]}}],"collection":[{"href":"https:\/\/cosmeticstoredz.com\/ar\/wp-json\/wp\/v2\/product"}],"about":[{"href":"https:\/\/cosmeticstoredz.com\/ar\/wp-json\/wp\/v2\/types\/product"}],"replies":[{"embeddable":true,"href":"https:\/\/cosmeticstoredz.com\/ar\/wp-json\/wp\/v2\/comments?post=3225"}],"version-history":[{"count":1,"href":"https:\/\/cosmeticstoredz.com\/ar\/wp-json\/wp\/v2\/product\/3225\/revisions"}],"predecessor-version":[{"id":16968,"href":"https:\/\/cosmeticstoredz.com\/ar\/wp-json\/wp\/v2\/product\/3225\/revisions\/16968"}],"wp:featuredmedia":[{"embeddable":true,"href":"https:\/\/cosmeticstoredz.com\/ar\/wp-json\/wp\/v2\/media\/16967"}],"wp:attachment":[{"href":"https:\/\/cosmeticstoredz.com\/ar\/wp-json\/wp\/v2\/media?parent=3225"}],"wp:term":[{"taxonomy":"product_brand","embeddable":true,"href":"https:\/\/cosmeticstoredz.com\/ar\/wp-json\/wp\/v2\/product_brand?post=3225"},{"taxonomy":"product_cat","embeddable":true,"href":"https:\/\/cosmeticstoredz.com\/ar\/wp-json\/wp\/v2\/product_cat?post=3225"},{"taxonomy":"product_tag","embeddable":true,"href":"https:\/\/cosmeticstoredz.com\/ar\/wp-json\/wp\/v2\/product_tag?post=3225"}],"curies":[{"name":"wp","href":"https:\/\/api.w.org\/{rel}","templated":true}]}}