{"id":3224,"date":"2025-06-04T18:21:45","date_gmt":"2025-06-04T18:21:45","guid":{"rendered":"https:\/\/test.fitnessworldgym27.com\/?post_type=product&#038;p=3224"},"modified":"2026-03-30T19:24:12","modified_gmt":"2026-03-30T19:24:12","slug":"udv-coffret-black","status":"publish","type":"product","link":"https:\/\/cosmeticstoredz.com\/ar\/product\/udv-coffret-black\/","title":{"rendered":"UDV COFFRET BLACK"},"content":{"rendered":"<div class=\"ProductMeta__Description\">\n<div class=\"Rte\">\n<p>\u00a0 \u00a0La pomme verte r\u00e9v\u00e8le toute la fra\u00eecheur de ce parfum avant de s\u2019enrichir de touches aromatiques, pin, romarin. Le g\u00e9ranium se d\u00e9voile d\u00e9licatement devant les effets sophistiqu\u00e9s des muscs et du tabac.<\/p>\n<\/div>\n<\/div>\n<div class=\"Product__QuickNav hidden-pocket\">\n<div class=\"Product__QuickNavWrapper\"><\/div>\n<\/div>","protected":false},"excerpt":{"rendered":"<p>Un vrai parfum masculin est celui qui vous laisse une sensation de fra\u00eecheur et d&rsquo;\u00e9nergie, sans imposer vos sens.\u00a0Flatter votre nez avec cette impressionnante gourmandise olfactive de la maison Ulric de Varens.<\/p>","protected":false},"featured_media":16963,"comment_status":"open","ping_status":"closed","template":"","meta":[],"product_brand":[],"product_cat":[85,133,72,84,267],"product_tag":[125],"class_list":{"0":"post-3224","1":"product","2":"type-product","3":"status-publish","4":"has-post-thumbnail","6":"product_cat-deodorant-h","7":"product_cat-eau-de-toilette-h","8":"product_cat-homme","9":"product_cat-parfum-h","10":"product_cat-ulric-de-varens","11":"product_tag-made-in-france","13":"first","14":"instock","15":"sale","16":"shipping-taxable","17":"purchasable","18":"product-type-simple"},"_links":{"self":[{"href":"https:\/\/cosmeticstoredz.com\/ar\/wp-json\/wp\/v2\/product\/3224","targetHints":{"allow":["GET"]}}],"collection":[{"href":"https:\/\/cosmeticstoredz.com\/ar\/wp-json\/wp\/v2\/product"}],"about":[{"href":"https:\/\/cosmeticstoredz.com\/ar\/wp-json\/wp\/v2\/types\/product"}],"replies":[{"embeddable":true,"href":"https:\/\/cosmeticstoredz.com\/ar\/wp-json\/wp\/v2\/comments?post=3224"}],"version-history":[{"count":1,"href":"https:\/\/cosmeticstoredz.com\/ar\/wp-json\/wp\/v2\/product\/3224\/revisions"}],"predecessor-version":[{"id":16966,"href":"https:\/\/cosmeticstoredz.com\/ar\/wp-json\/wp\/v2\/product\/3224\/revisions\/16966"}],"wp:featuredmedia":[{"embeddable":true,"href":"https:\/\/cosmeticstoredz.com\/ar\/wp-json\/wp\/v2\/media\/16963"}],"wp:attachment":[{"href":"https:\/\/cosmeticstoredz.com\/ar\/wp-json\/wp\/v2\/media?parent=3224"}],"wp:term":[{"taxonomy":"product_brand","embeddable":true,"href":"https:\/\/cosmeticstoredz.com\/ar\/wp-json\/wp\/v2\/product_brand?post=3224"},{"taxonomy":"product_cat","embeddable":true,"href":"https:\/\/cosmeticstoredz.com\/ar\/wp-json\/wp\/v2\/product_cat?post=3224"},{"taxonomy":"product_tag","embeddable":true,"href":"https:\/\/cosmeticstoredz.com\/ar\/wp-json\/wp\/v2\/product_tag?post=3224"}],"curies":[{"name":"wp","href":"https:\/\/api.w.org\/{rel}","templated":true}]}}