{"id":3218,"date":"2025-06-04T18:21:45","date_gmt":"2025-06-04T18:21:45","guid":{"rendered":"https:\/\/test.fitnessworldgym27.com\/?post_type=product&#038;p=3218"},"modified":"2026-04-18T19:18:51","modified_gmt":"2026-04-18T19:18:51","slug":"the-ordinary-ritinol-0-2","status":"publish","type":"product","link":"https:\/\/cosmeticstoredz.com\/ar\/product\/the-ordinary-ritinol-0-2\/","title":{"rendered":"THE ORDINARY RITINOL 0.2"},"content":{"rendered":"<p><strong>The Ordinary \u2013 R\u00e9tinol 0,2% dans Squalane<\/strong><\/p>\n<p>S\u00e9rum avec 0,2% de r\u00e9tinol dans du squalane<\/p>\n<p><strong>Capacit\u00e9<\/strong>: 30ml<\/p>\n<p>The Ordinary &#8211; R\u00e9tinol 0,2% dans Squalane &#8211; solution anhydre \u00e0 consistance l\u00e9g\u00e8rement grasse, contient de la vitamine A sous forme de R\u00e9tinol \u00e0 une concentration de 0,2%, qui a un effet anti-rides, lisse les ridules, am\u00e9liore la tension et l&rsquo;\u00e9lasticit\u00e9 de la peau, et \u00e9claircit la d\u00e9coloration.<\/p>\n<p>Le squalane augmente la p\u00e9n\u00e9tration des principes actifs et hydrate et am\u00e9liore l&rsquo;\u00e9lasticit\u00e9 de la peau, l&rsquo;extrait de tomate apaise et apaise les irritations, et l&rsquo;extrait de feuille de romarin a des propri\u00e9t\u00e9s anti-inflammatoires et r\u00e9gule le travail des glandes s\u00e9bac\u00e9es.<\/p>\n<p>Le cosm\u00e9tique ne contient pas d&rsquo;eau, d&rsquo;alcool et de silicones. C&rsquo;est v\u00e9g\u00e9talien.<\/p>\n<p><strong>Le produit comprend :<\/strong><br \/>\nvitamine A (sous forme de r\u00e9tinol) \u2013 anti-rides, \u00e9claircit la d\u00e9coloration et r\u00e9gule le processus d&rsquo;exfoliation de l&rsquo;\u00e9piderme,<br \/>\nsqualane \u2013 augmente la p\u00e9n\u00e9tration des principes actifs, hydrate, adoucit et am\u00e9liore l&rsquo;\u00e9lasticit\u00e9 de la peau,<br \/>\nextrait de tomate \u2013 un puissant antioxydant, illumine la peau et apaise et apaise les irritations,<br \/>\nextrait de feuille de romarin \u2013 poss\u00e8de des propri\u00e9t\u00e9s anti-inflammatoires, antibact\u00e9riennes et antioxydantes et r\u00e9gule le travail des glandes s\u00e9bac\u00e9es.<\/p>\n<p><strong>Fonctionnement du produit\u00a0:<\/strong><br \/>\nlisse et att\u00e9nue les ridules,<br \/>\nr\u00e9duit les sympt\u00f4mes du photovieillissement cutan\u00e9,<br \/>\n\u00e9claircir la d\u00e9coloration due au soleil, la d\u00e9coloration hormonale et les cicatrices d&rsquo;acn\u00e9,<br \/>\nam\u00e9liore l&rsquo;hydratation de la peau,<br \/>\nraffermit et tonifie la peau,<br \/>\nr\u00e9duit la visibilit\u00e9 des glandes s\u00e9bac\u00e9es.<\/p>\n<p><strong>Le fabricant recommande ce produit pour les types de peaux et d\u00e9fauts esth\u00e9tiques suivants :<\/strong><br \/>\npeau mature,<br \/>\npeau pr\u00e9sentant des signes visibles de vieillissement.<\/p>\n<p><strong>Notre cosm\u00e9tologue recommande \u00e9galement ce produit pour :<\/strong><br \/>\npeau mixte,<br \/>\nla peau grasse,<br \/>\npeau avec d\u00e9coloration.<\/p>\n<p><strong>Proc\u00e9d\u00e9 d&rsquo;application:<\/strong><\/p>\n<p>Appliquer une petite quantit\u00e9 sur la peau nettoy\u00e9e du visage dans le cadre du soin du soir. Ne pas utiliser avec d&rsquo;autres pr\u00e9parations contenant des r\u00e9tino\u00efdes. A conserver au r\u00e9frig\u00e9rateur apr\u00e8s ouverture.<\/p>\n<p>Avant la premi\u00e8re utilisation, effectuez un test d&rsquo;allergie.<\/p>\n<p><strong>Note<\/strong>: Les r\u00e9tino\u00efdes peuvent rendre la peau plus sensible aux rayons UV, utilisez donc un \u00e9cran solaire pendant le traitement<\/p>","protected":false},"excerpt":{"rendered":"<p>The Ordinary &#8211; R\u00e9tinol 0,2% dans Squalane &#8211; solution anhydre \u00e0 consistance l\u00e9g\u00e8rement grasse, contient de la vitamine A sous forme de R\u00e9tinol \u00e0 une concentration de 0,2%, qui a un effet anti-rides, lisse les ridules, am\u00e9liore la tension et l&rsquo;\u00e9lasticit\u00e9 de la peau, et \u00e9claircit la d\u00e9coloration.<\/p>\n<p>Le squalane augmente la p\u00e9n\u00e9tration des principes actifs et hydrate et am\u00e9liore l&rsquo;\u00e9lasticit\u00e9 de la peau, l&rsquo;extrait de tomate apaise et apaise les irritations, et l&rsquo;extrait de feuille de romarin a des propri\u00e9t\u00e9s anti-inflammatoires et r\u00e9gule le travail des glandes s\u00e9bac\u00e9es.<\/p>\n<p>Le cosm\u00e9tique ne contient pas d&rsquo;eau, d&rsquo;alcool et de silicones. C&rsquo;est v\u00e9g\u00e9talien<\/p>","protected":false},"featured_media":0,"comment_status":"closed","ping_status":"closed","template":"","meta":[],"product_brand":[405],"product_cat":[75,200,77,76,263],"product_tag":[264],"class_list":{"0":"post-3218","1":"product","2":"type-product","3":"status-publish","5":"product_brand-the-ordinary","6":"product_cat-femme","7":"product_cat-serum","8":"product_cat-serum-fv","9":"product_cat-soin-visage-f","10":"product_cat-the-ordinary","11":"product_tag-made-in-suisse","13":"first","14":"outofstock","15":"shipping-taxable","16":"purchasable","17":"product-type-simple"},"yoast_head":"<!-- This site is optimized with the Yoast SEO plugin v27.3 - https:\/\/yoast.com\/product\/yoast-seo-wordpress\/ -->\n<title>THE ORDINARY RITINOL 0.2 - Cosmetic Store<\/title>\n<meta name=\"robots\" content=\"index, follow, max-snippet:-1, max-image-preview:large, max-video-preview:-1\" \/>\n<link rel=\"canonical\" href=\"https:\/\/cosmeticstoredz.com\/ar\/product\/the-ordinary-ritinol-0-2\/\" \/>\n<meta property=\"og:locale\" content=\"ar_AR\" \/>\n<meta property=\"og:type\" content=\"article\" \/>\n<meta property=\"og:title\" content=\"THE ORDINARY RITINOL 0.2 - Cosmetic Store\" \/>\n<meta property=\"og:description\" content=\"The Ordinary - R\u00e9tinol 0,2% dans Squalane - solution anhydre \u00e0 consistance l\u00e9g\u00e8rement grasse, contient de la vitamine A sous forme de R\u00e9tinol \u00e0 une concentration de 0,2%, qui a un effet anti-rides, lisse les ridules, am\u00e9liore la tension et l&#039;\u00e9lasticit\u00e9 de la peau, et \u00e9claircit la d\u00e9coloration.  Le squalane augmente la p\u00e9n\u00e9tration des principes actifs et hydrate et am\u00e9liore l&#039;\u00e9lasticit\u00e9 de la peau, l&#039;extrait de tomate apaise et apaise les irritations, et l&#039;extrait de feuille de romarin a des propri\u00e9t\u00e9s anti-inflammatoires et r\u00e9gule le travail des glandes s\u00e9bac\u00e9es.  Le cosm\u00e9tique ne contient pas d&#039;eau, d&#039;alcool et de silicones. C&#039;est v\u00e9g\u00e9talien\" \/>\n<meta property=\"og:url\" content=\"https:\/\/cosmeticstoredz.com\/ar\/product\/the-ordinary-ritinol-0-2\/\" \/>\n<meta property=\"og:site_name\" content=\"Cosmetic Store\" \/>\n<meta property=\"article:publisher\" content=\"https:\/\/www.facebook.com\/profile.php?id=61564954260683\" \/>\n<meta property=\"article:modified_time\" content=\"2026-04-18T19:18:51+00:00\" \/>\n<meta name=\"twitter:card\" content=\"summary_large_image\" \/>\n<meta name=\"twitter:label1\" content=\"\u0648\u0642\u062a \u0627\u0644\u0642\u0631\u0627\u0621\u0629 \u0627\u0644\u0645\u064f\u0642\u062f\u0651\u0631\" \/>\n\t<meta name=\"twitter:data1\" content=\"\u062f\u0642\u064a\u0642\u062a\u0627\u0646\" \/>\n<script type=\"application\/ld+json\" class=\"yoast-schema-graph\">{\"@context\":\"https:\\\/\\\/schema.org\",\"@graph\":[{\"@type\":\"WebPage\",\"@id\":\"https:\\\/\\\/cosmeticstoredz.com\\\/produit\\\/the-ordinary-ritinol-0-2\\\/\",\"url\":\"https:\\\/\\\/cosmeticstoredz.com\\\/produit\\\/the-ordinary-ritinol-0-2\\\/\",\"name\":\"THE ORDINARY RITINOL 0.2 - Cosmetic Store\",\"isPartOf\":{\"@id\":\"https:\\\/\\\/cosmeticstoredz.com\\\/#website\"},\"datePublished\":\"2025-06-04T18:21:45+00:00\",\"dateModified\":\"2026-04-18T19:18:51+00:00\",\"breadcrumb\":{\"@id\":\"https:\\\/\\\/cosmeticstoredz.com\\\/produit\\\/the-ordinary-ritinol-0-2\\\/#breadcrumb\"},\"inLanguage\":\"ar\",\"potentialAction\":[{\"@type\":\"ReadAction\",\"target\":[\"https:\\\/\\\/cosmeticstoredz.com\\\/produit\\\/the-ordinary-ritinol-0-2\\\/\"]}]},{\"@type\":\"BreadcrumbList\",\"@id\":\"https:\\\/\\\/cosmeticstoredz.com\\\/produit\\\/the-ordinary-ritinol-0-2\\\/#breadcrumb\",\"itemListElement\":[{\"@type\":\"ListItem\",\"position\":1,\"name\":\"Accueil\",\"item\":\"https:\\\/\\\/cosmeticstoredz.com\\\/\"},{\"@type\":\"ListItem\",\"position\":2,\"name\":\"Boutique\",\"item\":\"https:\\\/\\\/cosmeticstoredz.com\\\/boutique\\\/\"},{\"@type\":\"ListItem\",\"position\":3,\"name\":\"THE ORDINARY RITINOL 0.2\"}]},{\"@type\":\"WebSite\",\"@id\":\"https:\\\/\\\/cosmeticstoredz.com\\\/#website\",\"url\":\"https:\\\/\\\/cosmeticstoredz.com\\\/\",\"name\":\"Cosmetic Store\",\"description\":\"\",\"publisher\":{\"@id\":\"https:\\\/\\\/cosmeticstoredz.com\\\/#organization\"},\"potentialAction\":[{\"@type\":\"SearchAction\",\"target\":{\"@type\":\"EntryPoint\",\"urlTemplate\":\"https:\\\/\\\/cosmeticstoredz.com\\\/?s={search_term_string}\"},\"query-input\":{\"@type\":\"PropertyValueSpecification\",\"valueRequired\":true,\"valueName\":\"search_term_string\"}}],\"inLanguage\":\"ar\"},{\"@type\":\"Organization\",\"@id\":\"https:\\\/\\\/cosmeticstoredz.com\\\/#organization\",\"name\":\"Cosmetic Store\",\"url\":\"https:\\\/\\\/cosmeticstoredz.com\\\/\",\"logo\":{\"@type\":\"ImageObject\",\"inLanguage\":\"ar\",\"@id\":\"https:\\\/\\\/cosmeticstoredz.com\\\/#\\\/schema\\\/logo\\\/image\\\/\",\"url\":\"https:\\\/\\\/cosmeticstoredz.com\\\/wp-content\\\/uploads\\\/2026\\\/02\\\/cropped-LOGO_CS-512x512-1-1-e1771275285345.webp\",\"contentUrl\":\"https:\\\/\\\/cosmeticstoredz.com\\\/wp-content\\\/uploads\\\/2026\\\/02\\\/cropped-LOGO_CS-512x512-1-1-e1771275285345.webp\",\"width\":265,\"height\":319,\"caption\":\"Cosmetic Store\"},\"image\":{\"@id\":\"https:\\\/\\\/cosmeticstoredz.com\\\/#\\\/schema\\\/logo\\\/image\\\/\"},\"sameAs\":[\"https:\\\/\\\/www.facebook.com\\\/profile.php?id=61564954260683\",\"https:\\\/\\\/www.instagram.com\\\/cosmetic.storedz\\\/\"]}]}<\/script>\n<!-- \/ Yoast SEO plugin. -->","yoast_head_json":{"title":"THE ORDINARY RITINOL 0.2 - Cosmetic Store","robots":{"index":"index","follow":"follow","max-snippet":"max-snippet:-1","max-image-preview":"max-image-preview:large","max-video-preview":"max-video-preview:-1"},"canonical":"https:\/\/cosmeticstoredz.com\/ar\/product\/the-ordinary-ritinol-0-2\/","og_locale":"ar_AR","og_type":"article","og_title":"THE ORDINARY RITINOL 0.2 - Cosmetic Store","og_description":"The Ordinary - R\u00e9tinol 0,2% dans Squalane - solution anhydre \u00e0 consistance l\u00e9g\u00e8rement grasse, contient de la vitamine A sous forme de R\u00e9tinol \u00e0 une concentration de 0,2%, qui a un effet anti-rides, lisse les ridules, am\u00e9liore la tension et l'\u00e9lasticit\u00e9 de la peau, et \u00e9claircit la d\u00e9coloration.  Le squalane augmente la p\u00e9n\u00e9tration des principes actifs et hydrate et am\u00e9liore l'\u00e9lasticit\u00e9 de la peau, l'extrait de tomate apaise et apaise les irritations, et l'extrait de feuille de romarin a des propri\u00e9t\u00e9s anti-inflammatoires et r\u00e9gule le travail des glandes s\u00e9bac\u00e9es.  Le cosm\u00e9tique ne contient pas d'eau, d'alcool et de silicones. C'est v\u00e9g\u00e9talien","og_url":"https:\/\/cosmeticstoredz.com\/ar\/product\/the-ordinary-ritinol-0-2\/","og_site_name":"Cosmetic Store","article_publisher":"https:\/\/www.facebook.com\/profile.php?id=61564954260683","article_modified_time":"2026-04-18T19:18:51+00:00","twitter_card":"summary_large_image","twitter_misc":{"\u0648\u0642\u062a \u0627\u0644\u0642\u0631\u0627\u0621\u0629 \u0627\u0644\u0645\u064f\u0642\u062f\u0651\u0631":"\u062f\u0642\u064a\u0642\u062a\u0627\u0646"},"schema":{"@context":"https:\/\/schema.org","@graph":[{"@type":"WebPage","@id":"https:\/\/cosmeticstoredz.com\/produit\/the-ordinary-ritinol-0-2\/","url":"https:\/\/cosmeticstoredz.com\/produit\/the-ordinary-ritinol-0-2\/","name":"THE ORDINARY RITINOL 0.2 - Cosmetic Store","isPartOf":{"@id":"https:\/\/cosmeticstoredz.com\/#website"},"datePublished":"2025-06-04T18:21:45+00:00","dateModified":"2026-04-18T19:18:51+00:00","breadcrumb":{"@id":"https:\/\/cosmeticstoredz.com\/produit\/the-ordinary-ritinol-0-2\/#breadcrumb"},"inLanguage":"ar","potentialAction":[{"@type":"ReadAction","target":["https:\/\/cosmeticstoredz.com\/produit\/the-ordinary-ritinol-0-2\/"]}]},{"@type":"BreadcrumbList","@id":"https:\/\/cosmeticstoredz.com\/produit\/the-ordinary-ritinol-0-2\/#breadcrumb","itemListElement":[{"@type":"ListItem","position":1,"name":"Accueil","item":"https:\/\/cosmeticstoredz.com\/"},{"@type":"ListItem","position":2,"name":"Boutique","item":"https:\/\/cosmeticstoredz.com\/boutique\/"},{"@type":"ListItem","position":3,"name":"THE ORDINARY RITINOL 0.2"}]},{"@type":"WebSite","@id":"https:\/\/cosmeticstoredz.com\/#website","url":"https:\/\/cosmeticstoredz.com\/","name":"Cosmetic Store","description":"","publisher":{"@id":"https:\/\/cosmeticstoredz.com\/#organization"},"potentialAction":[{"@type":"SearchAction","target":{"@type":"EntryPoint","urlTemplate":"https:\/\/cosmeticstoredz.com\/?s={search_term_string}"},"query-input":{"@type":"PropertyValueSpecification","valueRequired":true,"valueName":"search_term_string"}}],"inLanguage":"ar"},{"@type":"Organization","@id":"https:\/\/cosmeticstoredz.com\/#organization","name":"Cosmetic Store","url":"https:\/\/cosmeticstoredz.com\/","logo":{"@type":"ImageObject","inLanguage":"ar","@id":"https:\/\/cosmeticstoredz.com\/#\/schema\/logo\/image\/","url":"https:\/\/cosmeticstoredz.com\/wp-content\/uploads\/2026\/02\/cropped-LOGO_CS-512x512-1-1-e1771275285345.webp","contentUrl":"https:\/\/cosmeticstoredz.com\/wp-content\/uploads\/2026\/02\/cropped-LOGO_CS-512x512-1-1-e1771275285345.webp","width":265,"height":319,"caption":"Cosmetic Store"},"image":{"@id":"https:\/\/cosmeticstoredz.com\/#\/schema\/logo\/image\/"},"sameAs":["https:\/\/www.facebook.com\/profile.php?id=61564954260683","https:\/\/www.instagram.com\/cosmetic.storedz\/"]}]}},"_links":{"self":[{"href":"https:\/\/cosmeticstoredz.com\/ar\/wp-json\/wp\/v2\/product\/3218","targetHints":{"allow":["GET"]}}],"collection":[{"href":"https:\/\/cosmeticstoredz.com\/ar\/wp-json\/wp\/v2\/product"}],"about":[{"href":"https:\/\/cosmeticstoredz.com\/ar\/wp-json\/wp\/v2\/types\/product"}],"replies":[{"embeddable":true,"href":"https:\/\/cosmeticstoredz.com\/ar\/wp-json\/wp\/v2\/comments?post=3218"}],"version-history":[{"count":1,"href":"https:\/\/cosmeticstoredz.com\/ar\/wp-json\/wp\/v2\/product\/3218\/revisions"}],"predecessor-version":[{"id":16954,"href":"https:\/\/cosmeticstoredz.com\/ar\/wp-json\/wp\/v2\/product\/3218\/revisions\/16954"}],"wp:attachment":[{"href":"https:\/\/cosmeticstoredz.com\/ar\/wp-json\/wp\/v2\/media?parent=3218"}],"wp:term":[{"taxonomy":"product_brand","embeddable":true,"href":"https:\/\/cosmeticstoredz.com\/ar\/wp-json\/wp\/v2\/product_brand?post=3218"},{"taxonomy":"product_cat","embeddable":true,"href":"https:\/\/cosmeticstoredz.com\/ar\/wp-json\/wp\/v2\/product_cat?post=3218"},{"taxonomy":"product_tag","embeddable":true,"href":"https:\/\/cosmeticstoredz.com\/ar\/wp-json\/wp\/v2\/product_tag?post=3218"}],"curies":[{"name":"wp","href":"https:\/\/api.w.org\/{rel}","templated":true}]}}