{"id":3216,"date":"2025-06-04T18:21:45","date_gmt":"2025-06-04T18:21:45","guid":{"rendered":"https:\/\/test.fitnessworldgym27.com\/?post_type=product&#038;p=3216"},"modified":"2026-04-18T19:18:49","modified_gmt":"2026-04-18T19:18:49","slug":"the-ordinary-glycolic-acide-7-toning-solution","status":"publish","type":"product","link":"https:\/\/cosmeticstoredz.com\/ar\/product\/the-ordinary-glycolic-acide-7-toning-solution\/","title":{"rendered":"THE ORDINARY GLYCOLIC ACIDE 7% TONING SOLUTION"},"content":{"rendered":"<p><strong>Flacon 240ml<\/strong><\/p>\n<p>Solution Tonifiante \u00e0 base d&rsquo;Acide Glycolique<\/p>\n<p>L&rsquo;Acide Glycolique est un Acide Alpha-Hydroxyl\u00e9 (AHA) qui exfolie la peau. Cette solution tonifiante concentr\u00e9e \u00e0 7% offre une exfoliation l\u00e9g\u00e8re \u00e0 la peau pour am\u00e9liorer l&rsquo;\u00e9clat et la clart\u00e9 du teint. Cette formule am\u00e9liore \u00e9galement la texture de la peau sur le long terme. Ce produit contient un d\u00e9riv\u00e9 de baie poivr\u00e9e de Tasmanie pour r\u00e9duire l&rsquo;irritation souvent associ\u00e9e \u00e0 l&rsquo;utilisation d&rsquo;acides de fruits. Ce d\u00e9riv\u00e9 est d&rsquo;origine v\u00e9g\u00e9tale et sa couleur varie selon la saison. Cette variation de couleur peut \u00eatre apparente dans la formule de temps \u00e0 autre. La Solution Tonifiante \u00e0 l&rsquo;Acide Glycolique 7% contient \u00e9galement de la racine de Ginseng et de l&rsquo;Aloe Vera pour booster l&rsquo;\u00e9clat de la peau et l&rsquo;apaiser. Le pH de cette formule est d&rsquo;environ 3.6. L&rsquo;Acide Glycolique a un pKa. de 3,6. Le pKa est l&rsquo;indicateur le plus important \u00e0 consid\u00e9rer dans la formulation d&rsquo;acides. Lorsque le pKa est proche du pH, il y a un parfait \u00e9quilibre entre le sel et l&rsquo;acidit\u00e9 ce qui optimise l&rsquo;efficacit\u00e9 de l&rsquo;acide et r\u00e9duit l&rsquo;irritation. Contrindication : Cette formule ne doit pas \u00eatre utilis\u00e9e sur une peau sensible, abim\u00e9e ou une peau qui p\u00e8le. Alerte coups de soleil : Ce produit contient un Acide Alpha-Hydroxyl\u00e9 (AHA) qui peut augmenter la sensibilit\u00e9 de la peau au soleil, et le risque de coups de soleil. Utiliser un \u00e9cran solaire la journ\u00e9e et \u00e9viter l&rsquo;exposition au soleil lors de l&rsquo;utilisation de ce produit, et pendant une semaine suivant l&rsquo;utilisation.<\/p>","protected":false},"excerpt":{"rendered":"<p>L&rsquo;Acide Glycolique est un Acide Alpha-Hydroxyl\u00e9 (AHA) qui exfolie la peau. Cette solution tonifiante concentr\u00e9e \u00e0 7% offre une exfoliation l\u00e9g\u00e8re \u00e0 la peau pour am\u00e9liorer l&rsquo;\u00e9clat et la clart\u00e9 du teint. Cette formule am\u00e9liore \u00e9galement la texture de la peau sur le long terme.<\/p>","protected":false},"featured_media":16950,"comment_status":"closed","ping_status":"closed","template":"","meta":[],"product_brand":[405],"product_cat":[75,77,76,263],"product_tag":[264],"class_list":{"0":"post-3216","1":"product","2":"type-product","3":"status-publish","4":"has-post-thumbnail","6":"product_brand-the-ordinary","7":"product_cat-femme","8":"product_cat-serum-fv","9":"product_cat-soin-visage-f","10":"product_cat-the-ordinary","11":"product_tag-made-in-suisse","13":"first","14":"outofstock","15":"shipping-taxable","16":"purchasable","17":"product-type-simple"},"yoast_head":"<!-- This site is optimized with the Yoast SEO plugin v27.3 - https:\/\/yoast.com\/product\/yoast-seo-wordpress\/ -->\n<title>THE ORDINARY GLYCOLIC ACIDE 7% TONING SOLUTION - Cosmetic Store<\/title>\n<meta name=\"robots\" content=\"index, follow, max-snippet:-1, max-image-preview:large, max-video-preview:-1\" \/>\n<link rel=\"canonical\" href=\"https:\/\/cosmeticstoredz.com\/ar\/product\/the-ordinary-glycolic-acide-7-toning-solution\/\" \/>\n<meta property=\"og:locale\" content=\"ar_AR\" \/>\n<meta property=\"og:type\" content=\"article\" \/>\n<meta property=\"og:title\" content=\"THE ORDINARY GLYCOLIC ACIDE 7% TONING SOLUTION - Cosmetic Store\" \/>\n<meta property=\"og:description\" content=\"L&#039;Acide Glycolique est un Acide Alpha-Hydroxyl\u00e9 (AHA) qui exfolie la peau. Cette solution tonifiante concentr\u00e9e \u00e0 7% offre une exfoliation l\u00e9g\u00e8re \u00e0 la peau pour am\u00e9liorer l&#039;\u00e9clat et la clart\u00e9 du teint. Cette formule am\u00e9liore \u00e9galement la texture de la peau sur le long terme.\" \/>\n<meta property=\"og:url\" content=\"https:\/\/cosmeticstoredz.com\/ar\/product\/the-ordinary-glycolic-acide-7-toning-solution\/\" \/>\n<meta property=\"og:site_name\" content=\"Cosmetic Store\" \/>\n<meta property=\"article:publisher\" content=\"https:\/\/www.facebook.com\/profile.php?id=61564954260683\" \/>\n<meta property=\"article:modified_time\" content=\"2026-04-18T19:18:49+00:00\" \/>\n<meta property=\"og:image\" content=\"https:\/\/cosmeticstoredz.com\/wp-content\/uploads\/2026\/02\/CC-1072.png\" \/>\n\t<meta property=\"og:image:width\" content=\"1563\" \/>\n\t<meta property=\"og:image:height\" content=\"1563\" \/>\n\t<meta property=\"og:image:type\" content=\"image\/png\" \/>\n<meta name=\"twitter:card\" content=\"summary_large_image\" \/>\n<meta name=\"twitter:label1\" content=\"\u0648\u0642\u062a \u0627\u0644\u0642\u0631\u0627\u0621\u0629 \u0627\u0644\u0645\u064f\u0642\u062f\u0651\u0631\" \/>\n\t<meta name=\"twitter:data1\" content=\"\u062f\u0642\u064a\u0642\u0629 \u0648\u0627\u062d\u062f\u0629\" \/>\n<script type=\"application\/ld+json\" class=\"yoast-schema-graph\">{\"@context\":\"https:\\\/\\\/schema.org\",\"@graph\":[{\"@type\":\"WebPage\",\"@id\":\"https:\\\/\\\/cosmeticstoredz.com\\\/produit\\\/the-ordinary-glycolic-acide-7-toning-solution\\\/\",\"url\":\"https:\\\/\\\/cosmeticstoredz.com\\\/produit\\\/the-ordinary-glycolic-acide-7-toning-solution\\\/\",\"name\":\"THE ORDINARY GLYCOLIC ACIDE 7% TONING SOLUTION - Cosmetic Store\",\"isPartOf\":{\"@id\":\"https:\\\/\\\/cosmeticstoredz.com\\\/#website\"},\"primaryImageOfPage\":{\"@id\":\"https:\\\/\\\/cosmeticstoredz.com\\\/produit\\\/the-ordinary-glycolic-acide-7-toning-solution\\\/#primaryimage\"},\"image\":{\"@id\":\"https:\\\/\\\/cosmeticstoredz.com\\\/produit\\\/the-ordinary-glycolic-acide-7-toning-solution\\\/#primaryimage\"},\"thumbnailUrl\":\"https:\\\/\\\/cosmeticstoredz.com\\\/wp-content\\\/uploads\\\/2026\\\/02\\\/CC-1072.png\",\"datePublished\":\"2025-06-04T18:21:45+00:00\",\"dateModified\":\"2026-04-18T19:18:49+00:00\",\"breadcrumb\":{\"@id\":\"https:\\\/\\\/cosmeticstoredz.com\\\/produit\\\/the-ordinary-glycolic-acide-7-toning-solution\\\/#breadcrumb\"},\"inLanguage\":\"ar\",\"potentialAction\":[{\"@type\":\"ReadAction\",\"target\":[\"https:\\\/\\\/cosmeticstoredz.com\\\/produit\\\/the-ordinary-glycolic-acide-7-toning-solution\\\/\"]}]},{\"@type\":\"ImageObject\",\"inLanguage\":\"ar\",\"@id\":\"https:\\\/\\\/cosmeticstoredz.com\\\/produit\\\/the-ordinary-glycolic-acide-7-toning-solution\\\/#primaryimage\",\"url\":\"https:\\\/\\\/cosmeticstoredz.com\\\/wp-content\\\/uploads\\\/2026\\\/02\\\/CC-1072.png\",\"contentUrl\":\"https:\\\/\\\/cosmeticstoredz.com\\\/wp-content\\\/uploads\\\/2026\\\/02\\\/CC-1072.png\",\"width\":1563,\"height\":1563},{\"@type\":\"BreadcrumbList\",\"@id\":\"https:\\\/\\\/cosmeticstoredz.com\\\/produit\\\/the-ordinary-glycolic-acide-7-toning-solution\\\/#breadcrumb\",\"itemListElement\":[{\"@type\":\"ListItem\",\"position\":1,\"name\":\"Accueil\",\"item\":\"https:\\\/\\\/cosmeticstoredz.com\\\/\"},{\"@type\":\"ListItem\",\"position\":2,\"name\":\"Boutique\",\"item\":\"https:\\\/\\\/cosmeticstoredz.com\\\/boutique\\\/\"},{\"@type\":\"ListItem\",\"position\":3,\"name\":\"THE ORDINARY GLYCOLIC ACIDE 7% TONING SOLUTION\"}]},{\"@type\":\"WebSite\",\"@id\":\"https:\\\/\\\/cosmeticstoredz.com\\\/#website\",\"url\":\"https:\\\/\\\/cosmeticstoredz.com\\\/\",\"name\":\"Cosmetic Store\",\"description\":\"\",\"publisher\":{\"@id\":\"https:\\\/\\\/cosmeticstoredz.com\\\/#organization\"},\"potentialAction\":[{\"@type\":\"SearchAction\",\"target\":{\"@type\":\"EntryPoint\",\"urlTemplate\":\"https:\\\/\\\/cosmeticstoredz.com\\\/?s={search_term_string}\"},\"query-input\":{\"@type\":\"PropertyValueSpecification\",\"valueRequired\":true,\"valueName\":\"search_term_string\"}}],\"inLanguage\":\"ar\"},{\"@type\":\"Organization\",\"@id\":\"https:\\\/\\\/cosmeticstoredz.com\\\/#organization\",\"name\":\"Cosmetic Store\",\"url\":\"https:\\\/\\\/cosmeticstoredz.com\\\/\",\"logo\":{\"@type\":\"ImageObject\",\"inLanguage\":\"ar\",\"@id\":\"https:\\\/\\\/cosmeticstoredz.com\\\/#\\\/schema\\\/logo\\\/image\\\/\",\"url\":\"https:\\\/\\\/cosmeticstoredz.com\\\/wp-content\\\/uploads\\\/2026\\\/02\\\/cropped-LOGO_CS-512x512-1-1-e1771275285345.webp\",\"contentUrl\":\"https:\\\/\\\/cosmeticstoredz.com\\\/wp-content\\\/uploads\\\/2026\\\/02\\\/cropped-LOGO_CS-512x512-1-1-e1771275285345.webp\",\"width\":265,\"height\":319,\"caption\":\"Cosmetic Store\"},\"image\":{\"@id\":\"https:\\\/\\\/cosmeticstoredz.com\\\/#\\\/schema\\\/logo\\\/image\\\/\"},\"sameAs\":[\"https:\\\/\\\/www.facebook.com\\\/profile.php?id=61564954260683\",\"https:\\\/\\\/www.instagram.com\\\/cosmetic.storedz\\\/\"]}]}<\/script>\n<!-- \/ Yoast SEO plugin. -->","yoast_head_json":{"title":"THE ORDINARY GLYCOLIC ACIDE 7% TONING SOLUTION - Cosmetic Store","robots":{"index":"index","follow":"follow","max-snippet":"max-snippet:-1","max-image-preview":"max-image-preview:large","max-video-preview":"max-video-preview:-1"},"canonical":"https:\/\/cosmeticstoredz.com\/ar\/product\/the-ordinary-glycolic-acide-7-toning-solution\/","og_locale":"ar_AR","og_type":"article","og_title":"THE ORDINARY GLYCOLIC ACIDE 7% TONING SOLUTION - Cosmetic Store","og_description":"L'Acide Glycolique est un Acide Alpha-Hydroxyl\u00e9 (AHA) qui exfolie la peau. Cette solution tonifiante concentr\u00e9e \u00e0 7% offre une exfoliation l\u00e9g\u00e8re \u00e0 la peau pour am\u00e9liorer l'\u00e9clat et la clart\u00e9 du teint. Cette formule am\u00e9liore \u00e9galement la texture de la peau sur le long terme.","og_url":"https:\/\/cosmeticstoredz.com\/ar\/product\/the-ordinary-glycolic-acide-7-toning-solution\/","og_site_name":"Cosmetic Store","article_publisher":"https:\/\/www.facebook.com\/profile.php?id=61564954260683","article_modified_time":"2026-04-18T19:18:49+00:00","og_image":[{"width":1563,"height":1563,"url":"https:\/\/cosmeticstoredz.com\/wp-content\/uploads\/2026\/02\/CC-1072.png","type":"image\/png"}],"twitter_card":"summary_large_image","twitter_misc":{"\u0648\u0642\u062a \u0627\u0644\u0642\u0631\u0627\u0621\u0629 \u0627\u0644\u0645\u064f\u0642\u062f\u0651\u0631":"\u062f\u0642\u064a\u0642\u0629 \u0648\u0627\u062d\u062f\u0629"},"schema":{"@context":"https:\/\/schema.org","@graph":[{"@type":"WebPage","@id":"https:\/\/cosmeticstoredz.com\/produit\/the-ordinary-glycolic-acide-7-toning-solution\/","url":"https:\/\/cosmeticstoredz.com\/produit\/the-ordinary-glycolic-acide-7-toning-solution\/","name":"THE ORDINARY GLYCOLIC ACIDE 7% TONING SOLUTION - Cosmetic Store","isPartOf":{"@id":"https:\/\/cosmeticstoredz.com\/#website"},"primaryImageOfPage":{"@id":"https:\/\/cosmeticstoredz.com\/produit\/the-ordinary-glycolic-acide-7-toning-solution\/#primaryimage"},"image":{"@id":"https:\/\/cosmeticstoredz.com\/produit\/the-ordinary-glycolic-acide-7-toning-solution\/#primaryimage"},"thumbnailUrl":"https:\/\/cosmeticstoredz.com\/wp-content\/uploads\/2026\/02\/CC-1072.png","datePublished":"2025-06-04T18:21:45+00:00","dateModified":"2026-04-18T19:18:49+00:00","breadcrumb":{"@id":"https:\/\/cosmeticstoredz.com\/produit\/the-ordinary-glycolic-acide-7-toning-solution\/#breadcrumb"},"inLanguage":"ar","potentialAction":[{"@type":"ReadAction","target":["https:\/\/cosmeticstoredz.com\/produit\/the-ordinary-glycolic-acide-7-toning-solution\/"]}]},{"@type":"ImageObject","inLanguage":"ar","@id":"https:\/\/cosmeticstoredz.com\/produit\/the-ordinary-glycolic-acide-7-toning-solution\/#primaryimage","url":"https:\/\/cosmeticstoredz.com\/wp-content\/uploads\/2026\/02\/CC-1072.png","contentUrl":"https:\/\/cosmeticstoredz.com\/wp-content\/uploads\/2026\/02\/CC-1072.png","width":1563,"height":1563},{"@type":"BreadcrumbList","@id":"https:\/\/cosmeticstoredz.com\/produit\/the-ordinary-glycolic-acide-7-toning-solution\/#breadcrumb","itemListElement":[{"@type":"ListItem","position":1,"name":"Accueil","item":"https:\/\/cosmeticstoredz.com\/"},{"@type":"ListItem","position":2,"name":"Boutique","item":"https:\/\/cosmeticstoredz.com\/boutique\/"},{"@type":"ListItem","position":3,"name":"THE ORDINARY GLYCOLIC ACIDE 7% TONING SOLUTION"}]},{"@type":"WebSite","@id":"https:\/\/cosmeticstoredz.com\/#website","url":"https:\/\/cosmeticstoredz.com\/","name":"Cosmetic Store","description":"","publisher":{"@id":"https:\/\/cosmeticstoredz.com\/#organization"},"potentialAction":[{"@type":"SearchAction","target":{"@type":"EntryPoint","urlTemplate":"https:\/\/cosmeticstoredz.com\/?s={search_term_string}"},"query-input":{"@type":"PropertyValueSpecification","valueRequired":true,"valueName":"search_term_string"}}],"inLanguage":"ar"},{"@type":"Organization","@id":"https:\/\/cosmeticstoredz.com\/#organization","name":"Cosmetic Store","url":"https:\/\/cosmeticstoredz.com\/","logo":{"@type":"ImageObject","inLanguage":"ar","@id":"https:\/\/cosmeticstoredz.com\/#\/schema\/logo\/image\/","url":"https:\/\/cosmeticstoredz.com\/wp-content\/uploads\/2026\/02\/cropped-LOGO_CS-512x512-1-1-e1771275285345.webp","contentUrl":"https:\/\/cosmeticstoredz.com\/wp-content\/uploads\/2026\/02\/cropped-LOGO_CS-512x512-1-1-e1771275285345.webp","width":265,"height":319,"caption":"Cosmetic Store"},"image":{"@id":"https:\/\/cosmeticstoredz.com\/#\/schema\/logo\/image\/"},"sameAs":["https:\/\/www.facebook.com\/profile.php?id=61564954260683","https:\/\/www.instagram.com\/cosmetic.storedz\/"]}]}},"_links":{"self":[{"href":"https:\/\/cosmeticstoredz.com\/ar\/wp-json\/wp\/v2\/product\/3216","targetHints":{"allow":["GET"]}}],"collection":[{"href":"https:\/\/cosmeticstoredz.com\/ar\/wp-json\/wp\/v2\/product"}],"about":[{"href":"https:\/\/cosmeticstoredz.com\/ar\/wp-json\/wp\/v2\/types\/product"}],"replies":[{"embeddable":true,"href":"https:\/\/cosmeticstoredz.com\/ar\/wp-json\/wp\/v2\/comments?post=3216"}],"version-history":[{"count":1,"href":"https:\/\/cosmeticstoredz.com\/ar\/wp-json\/wp\/v2\/product\/3216\/revisions"}],"predecessor-version":[{"id":16951,"href":"https:\/\/cosmeticstoredz.com\/ar\/wp-json\/wp\/v2\/product\/3216\/revisions\/16951"}],"wp:featuredmedia":[{"embeddable":true,"href":"https:\/\/cosmeticstoredz.com\/ar\/wp-json\/wp\/v2\/media\/16950"}],"wp:attachment":[{"href":"https:\/\/cosmeticstoredz.com\/ar\/wp-json\/wp\/v2\/media?parent=3216"}],"wp:term":[{"taxonomy":"product_brand","embeddable":true,"href":"https:\/\/cosmeticstoredz.com\/ar\/wp-json\/wp\/v2\/product_brand?post=3216"},{"taxonomy":"product_cat","embeddable":true,"href":"https:\/\/cosmeticstoredz.com\/ar\/wp-json\/wp\/v2\/product_cat?post=3216"},{"taxonomy":"product_tag","embeddable":true,"href":"https:\/\/cosmeticstoredz.com\/ar\/wp-json\/wp\/v2\/product_tag?post=3216"}],"curies":[{"name":"wp","href":"https:\/\/api.w.org\/{rel}","templated":true}]}}