{"id":3210,"date":"2025-06-04T18:21:45","date_gmt":"2025-06-04T18:21:45","guid":{"rendered":"https:\/\/test.fitnessworldgym27.com\/?post_type=product&#038;p=3210"},"modified":"2026-03-30T19:25:43","modified_gmt":"2026-03-30T19:25:43","slug":"swaliss-eau-micellaire","status":"publish","type":"product","link":"https:\/\/cosmeticstoredz.com\/ar\/product\/swaliss-eau-micellaire\/","title":{"rendered":"SWALISS EAU MICELLAIRE"},"content":{"rendered":"<p>Mousse micellaire Swalis pour une peau nette et \u00e9quilibr\u00e9e Adapt\u00e9e aux peaux mixtes \u00e0 grasses, cette formule magique se transforme en une mousse l\u00e9g\u00e8re pour un d\u00e9maquillage en douceur. Les actifs micellaires \u00e9liminent impuret\u00e9s et s\u00e9bum.<\/p>","protected":false},"excerpt":{"rendered":"<p>Mousse micellaire Swalis pour une peau nette et \u00e9quilibr\u00e9e Adapt\u00e9e aux peaux mixtes \u00e0 grasses, cette formule magique se transforme en une mousse l\u00e9g\u00e8re pour un d\u00e9maquillage en douceur. Les actifs micellaires \u00e9liminent impuret\u00e9s et s\u00e9bum.<\/p>","protected":false},"featured_media":16938,"comment_status":"open","ping_status":"closed","template":"","meta":[],"product_brand":[],"product_cat":[136,75,76,261],"product_tag":[90],"class_list":{"0":"post-3210","1":"product","2":"type-product","3":"status-publish","4":"has-post-thumbnail","6":"product_cat-demaquillant","7":"product_cat-femme","8":"product_cat-soin-visage-f","9":"product_cat-swalis","10":"product_tag-made-in-algeria","12":"first","13":"outofstock","14":"shipping-taxable","15":"purchasable","16":"product-type-simple"},"_links":{"self":[{"href":"https:\/\/cosmeticstoredz.com\/ar\/wp-json\/wp\/v2\/product\/3210","targetHints":{"allow":["GET"]}}],"collection":[{"href":"https:\/\/cosmeticstoredz.com\/ar\/wp-json\/wp\/v2\/product"}],"about":[{"href":"https:\/\/cosmeticstoredz.com\/ar\/wp-json\/wp\/v2\/types\/product"}],"replies":[{"embeddable":true,"href":"https:\/\/cosmeticstoredz.com\/ar\/wp-json\/wp\/v2\/comments?post=3210"}],"version-history":[{"count":1,"href":"https:\/\/cosmeticstoredz.com\/ar\/wp-json\/wp\/v2\/product\/3210\/revisions"}],"predecessor-version":[{"id":16939,"href":"https:\/\/cosmeticstoredz.com\/ar\/wp-json\/wp\/v2\/product\/3210\/revisions\/16939"}],"wp:featuredmedia":[{"embeddable":true,"href":"https:\/\/cosmeticstoredz.com\/ar\/wp-json\/wp\/v2\/media\/16938"}],"wp:attachment":[{"href":"https:\/\/cosmeticstoredz.com\/ar\/wp-json\/wp\/v2\/media?parent=3210"}],"wp:term":[{"taxonomy":"product_brand","embeddable":true,"href":"https:\/\/cosmeticstoredz.com\/ar\/wp-json\/wp\/v2\/product_brand?post=3210"},{"taxonomy":"product_cat","embeddable":true,"href":"https:\/\/cosmeticstoredz.com\/ar\/wp-json\/wp\/v2\/product_cat?post=3210"},{"taxonomy":"product_tag","embeddable":true,"href":"https:\/\/cosmeticstoredz.com\/ar\/wp-json\/wp\/v2\/product_tag?post=3210"}],"curies":[{"name":"wp","href":"https:\/\/api.w.org\/{rel}","templated":true}]}}