{"id":3208,"date":"2025-06-04T18:21:45","date_gmt":"2025-06-04T18:21:45","guid":{"rendered":"https:\/\/test.fitnessworldgym27.com\/?post_type=product&#038;p=3208"},"modified":"2026-03-30T19:28:02","modified_gmt":"2026-03-30T19:28:02","slug":"swalis-shp-330ml-ail","status":"publish","type":"product","link":"https:\/\/cosmeticstoredz.com\/ar\/product\/swalis-shp-330ml-ail\/","title":{"rendered":"SWALIS SHP 330ML AIL"},"content":{"rendered":"<p>La formule professionnelle aux micro-huiles l\u00e9g\u00e8res nourrit et adoucit les cheveux en profondeur instantan\u00e9ment. En traitement sans rin\u00e7age, apr\u00e8s avoir lav\u00e9 les cheveux et les avoir s\u00e9ch\u00e9s avec une serviette, pour un soin intense sans les alourdir.<\/p>\n<p>En touche finale sur cheveux secs, pour apporter douceur et brillance.<\/p>","protected":false},"excerpt":{"rendered":"<p>La formule professionnelle aux micro-huiles l\u00e9g\u00e8res nourrit et adoucit les cheveux en profondeur instantan\u00e9ment. En traitement sans rin\u00e7age, apr\u00e8s avoir lav\u00e9 les cheveux et les avoir s\u00e9ch\u00e9s avec une serviette, pour un soin intense sans les alourdir.<\/p>\n<p>En touche finale sur cheveux secs, pour apporter douceur et brillance.<\/p>","protected":false},"featured_media":16934,"comment_status":"open","ping_status":"closed","template":"","meta":[],"product_brand":[],"product_cat":[75,116,95,261],"product_tag":[215],"class_list":{"0":"post-3208","1":"product","2":"type-product","3":"status-publish","4":"has-post-thumbnail","6":"product_cat-femme","7":"product_cat-serum-fch","8":"product_cat-soin-cheveux-f","9":"product_cat-swalis","10":"product_tag-made-in-espagne","12":"first","13":"outofstock","14":"shipping-taxable","15":"purchasable","16":"product-type-simple"},"_links":{"self":[{"href":"https:\/\/cosmeticstoredz.com\/ar\/wp-json\/wp\/v2\/product\/3208","targetHints":{"allow":["GET"]}}],"collection":[{"href":"https:\/\/cosmeticstoredz.com\/ar\/wp-json\/wp\/v2\/product"}],"about":[{"href":"https:\/\/cosmeticstoredz.com\/ar\/wp-json\/wp\/v2\/types\/product"}],"replies":[{"embeddable":true,"href":"https:\/\/cosmeticstoredz.com\/ar\/wp-json\/wp\/v2\/comments?post=3208"}],"version-history":[{"count":1,"href":"https:\/\/cosmeticstoredz.com\/ar\/wp-json\/wp\/v2\/product\/3208\/revisions"}],"predecessor-version":[{"id":16935,"href":"https:\/\/cosmeticstoredz.com\/ar\/wp-json\/wp\/v2\/product\/3208\/revisions\/16935"}],"wp:featuredmedia":[{"embeddable":true,"href":"https:\/\/cosmeticstoredz.com\/ar\/wp-json\/wp\/v2\/media\/16934"}],"wp:attachment":[{"href":"https:\/\/cosmeticstoredz.com\/ar\/wp-json\/wp\/v2\/media?parent=3208"}],"wp:term":[{"taxonomy":"product_brand","embeddable":true,"href":"https:\/\/cosmeticstoredz.com\/ar\/wp-json\/wp\/v2\/product_brand?post=3208"},{"taxonomy":"product_cat","embeddable":true,"href":"https:\/\/cosmeticstoredz.com\/ar\/wp-json\/wp\/v2\/product_cat?post=3208"},{"taxonomy":"product_tag","embeddable":true,"href":"https:\/\/cosmeticstoredz.com\/ar\/wp-json\/wp\/v2\/product_tag?post=3208"}],"curies":[{"name":"wp","href":"https:\/\/api.w.org\/{rel}","templated":true}]}}