{"id":3207,"date":"2025-06-04T18:21:45","date_gmt":"2025-06-04T18:21:45","guid":{"rendered":"https:\/\/test.fitnessworldgym27.com\/?post_type=product&#038;p=3207"},"modified":"2026-03-30T19:28:02","modified_gmt":"2026-03-30T19:28:02","slug":"swalis-shp-330ml-volume-noir","status":"publish","type":"product","link":"https:\/\/cosmeticstoredz.com\/ar\/product\/swalis-shp-330ml-volume-noir\/","title":{"rendered":"SWALIS SHP 330ML  VOLUME+ NOIR"},"content":{"rendered":"<p>Retrouvez un bain volumique doux et revitalisant\u00a0 \u00e0 la caf\u00e9ine \u00a0et \u00e0 la vitamine B Avec le shampooing volume + de Swalis , il lib\u00e8re le cuir chevelu, p\u00e9n\u00e8tre dans la racine et stimule sa r\u00e9g\u00e9n\u00e9ration pour pr\u00e9venir la chute<\/p>","protected":false},"excerpt":{"rendered":"<p>Retrouvez un bain volumique doux et revitalisant\u00a0 \u00e0 la caf\u00e9ine \u00a0et \u00e0 la vitamine B Avec le shampooing volume + de Swalis , il lib\u00e8re le cuir chevelu, p\u00e9n\u00e8tre dans la racine et stimule sa r\u00e9g\u00e9n\u00e9ration pour pr\u00e9venir la chute<\/p>","protected":false},"featured_media":16932,"comment_status":"open","ping_status":"closed","template":"","meta":[],"product_brand":[],"product_cat":[75,111,95,261],"product_tag":[90],"class_list":{"0":"post-3207","1":"product","2":"type-product","3":"status-publish","4":"has-post-thumbnail","6":"product_cat-femme","7":"product_cat-shampoing-f","8":"product_cat-soin-cheveux-f","9":"product_cat-swalis","10":"product_tag-made-in-algeria","12":"first","13":"outofstock","14":"shipping-taxable","15":"purchasable","16":"product-type-simple"},"_links":{"self":[{"href":"https:\/\/cosmeticstoredz.com\/ar\/wp-json\/wp\/v2\/product\/3207","targetHints":{"allow":["GET"]}}],"collection":[{"href":"https:\/\/cosmeticstoredz.com\/ar\/wp-json\/wp\/v2\/product"}],"about":[{"href":"https:\/\/cosmeticstoredz.com\/ar\/wp-json\/wp\/v2\/types\/product"}],"replies":[{"embeddable":true,"href":"https:\/\/cosmeticstoredz.com\/ar\/wp-json\/wp\/v2\/comments?post=3207"}],"version-history":[{"count":1,"href":"https:\/\/cosmeticstoredz.com\/ar\/wp-json\/wp\/v2\/product\/3207\/revisions"}],"predecessor-version":[{"id":16933,"href":"https:\/\/cosmeticstoredz.com\/ar\/wp-json\/wp\/v2\/product\/3207\/revisions\/16933"}],"wp:featuredmedia":[{"embeddable":true,"href":"https:\/\/cosmeticstoredz.com\/ar\/wp-json\/wp\/v2\/media\/16932"}],"wp:attachment":[{"href":"https:\/\/cosmeticstoredz.com\/ar\/wp-json\/wp\/v2\/media?parent=3207"}],"wp:term":[{"taxonomy":"product_brand","embeddable":true,"href":"https:\/\/cosmeticstoredz.com\/ar\/wp-json\/wp\/v2\/product_brand?post=3207"},{"taxonomy":"product_cat","embeddable":true,"href":"https:\/\/cosmeticstoredz.com\/ar\/wp-json\/wp\/v2\/product_cat?post=3207"},{"taxonomy":"product_tag","embeddable":true,"href":"https:\/\/cosmeticstoredz.com\/ar\/wp-json\/wp\/v2\/product_tag?post=3207"}],"curies":[{"name":"wp","href":"https:\/\/api.w.org\/{rel}","templated":true}]}}