{"id":3175,"date":"2025-06-04T18:21:23","date_gmt":"2025-06-04T18:21:23","guid":{"rendered":"https:\/\/test.fitnessworldgym27.com\/?post_type=product&#038;p=3175"},"modified":"2026-03-30T19:28:02","modified_gmt":"2026-03-30T19:28:02","slug":"swalis-shp-330ml-extra-nourissant","status":"publish","type":"product","link":"https:\/\/cosmeticstoredz.com\/ar\/product\/swalis-shp-330ml-extra-nourissant\/","title":{"rendered":"SWALIS SHP 330ML  EXTRA NOURISSANT"},"content":{"rendered":"<p class=\"-fs16 -m\">Offrez \u00e0 vos cheveux un soin intensif avec le shampooing Swalis Extra Nourrissant. Con\u00e7u pour nourrir en profondeur, ce shampooing est id\u00e9al pour les cheveux secs, ternes ou ab\u00eem\u00e9s. Sa formule riche en agents hydratants et revitalisants p\u00e9n\u00e8tre chaque m\u00e8che pour restaurer l&rsquo;hydratation naturelle, renforcer la structure des cheveux et leur redonner brillance et douceur.<\/p>","protected":false},"excerpt":{"rendered":"<p>Offrez \u00e0 vos cheveux un soin intensif avec le shampooing Swalis Extra Nourrissant. Con\u00e7u pour nourrir en profondeur, ce shampooing est id\u00e9al pour les cheveux secs, ternes ou ab\u00eem\u00e9s. Sa formule riche en agents hydratants et revitalisants p\u00e9n\u00e8tre chaque m\u00e8che pour restaurer l&rsquo;hydratation naturelle, renforcer la structure des cheveux et leur redonner brillance et douceur.<\/p>","protected":false},"featured_media":16930,"comment_status":"open","ping_status":"closed","template":"","meta":[],"product_brand":[],"product_cat":[75,111,95,261],"product_tag":[90],"class_list":{"0":"post-3175","1":"product","2":"type-product","3":"status-publish","4":"has-post-thumbnail","6":"product_cat-femme","7":"product_cat-shampoing-f","8":"product_cat-soin-cheveux-f","9":"product_cat-swalis","10":"product_tag-made-in-algeria","12":"first","13":"instock","14":"shipping-taxable","15":"purchasable","16":"product-type-simple"},"_links":{"self":[{"href":"https:\/\/cosmeticstoredz.com\/ar\/wp-json\/wp\/v2\/product\/3175","targetHints":{"allow":["GET"]}}],"collection":[{"href":"https:\/\/cosmeticstoredz.com\/ar\/wp-json\/wp\/v2\/product"}],"about":[{"href":"https:\/\/cosmeticstoredz.com\/ar\/wp-json\/wp\/v2\/types\/product"}],"replies":[{"embeddable":true,"href":"https:\/\/cosmeticstoredz.com\/ar\/wp-json\/wp\/v2\/comments?post=3175"}],"version-history":[{"count":1,"href":"https:\/\/cosmeticstoredz.com\/ar\/wp-json\/wp\/v2\/product\/3175\/revisions"}],"predecessor-version":[{"id":16931,"href":"https:\/\/cosmeticstoredz.com\/ar\/wp-json\/wp\/v2\/product\/3175\/revisions\/16931"}],"wp:featuredmedia":[{"embeddable":true,"href":"https:\/\/cosmeticstoredz.com\/ar\/wp-json\/wp\/v2\/media\/16930"}],"wp:attachment":[{"href":"https:\/\/cosmeticstoredz.com\/ar\/wp-json\/wp\/v2\/media?parent=3175"}],"wp:term":[{"taxonomy":"product_brand","embeddable":true,"href":"https:\/\/cosmeticstoredz.com\/ar\/wp-json\/wp\/v2\/product_brand?post=3175"},{"taxonomy":"product_cat","embeddable":true,"href":"https:\/\/cosmeticstoredz.com\/ar\/wp-json\/wp\/v2\/product_cat?post=3175"},{"taxonomy":"product_tag","embeddable":true,"href":"https:\/\/cosmeticstoredz.com\/ar\/wp-json\/wp\/v2\/product_tag?post=3175"}],"curies":[{"name":"wp","href":"https:\/\/api.w.org\/{rel}","templated":true}]}}