{"id":3159,"date":"2025-06-04T18:21:22","date_gmt":"2025-06-04T18:21:22","guid":{"rendered":"https:\/\/test.fitnessworldgym27.com\/?post_type=product&#038;p=3159"},"modified":"2026-03-30T19:27:57","modified_gmt":"2026-03-30T19:27:57","slug":"splendid-deo-200ml-bleu-exotiue","status":"publish","type":"product","link":"https:\/\/cosmeticstoredz.com\/ar\/product\/splendid-deo-200ml-bleu-exotiue\/","title":{"rendered":"SPLENDID DEO 200ML BLEU EXOTIQUE"},"content":{"rendered":"<p>Le d\u00e9odorant BLEU Exotique vous apporte une sensation agr\u00e9able de fraicheur etvous prot\u00e9ge contre les mauvaise odeur de transpiration\u00a0200ml<\/p>","protected":false},"excerpt":{"rendered":"<p>Le d\u00e9odorant BLEU Exotique vous apporte une sensation agr\u00e9able de fraicheur et vous prot\u00e8ge contre les mauvaise odeur de transpiration<\/p>","protected":false},"featured_media":16898,"comment_status":"open","ping_status":"closed","template":"","meta":[],"product_brand":[],"product_cat":[85,72,167],"product_tag":[90],"class_list":{"0":"post-3159","1":"product","2":"type-product","3":"status-publish","4":"has-post-thumbnail","6":"product_cat-deodorant-h","7":"product_cat-homme","8":"product_cat-splendid","9":"product_tag-made-in-algeria","11":"first","12":"instock","13":"shipping-taxable","14":"purchasable","15":"product-type-simple"},"_links":{"self":[{"href":"https:\/\/cosmeticstoredz.com\/ar\/wp-json\/wp\/v2\/product\/3159","targetHints":{"allow":["GET"]}}],"collection":[{"href":"https:\/\/cosmeticstoredz.com\/ar\/wp-json\/wp\/v2\/product"}],"about":[{"href":"https:\/\/cosmeticstoredz.com\/ar\/wp-json\/wp\/v2\/types\/product"}],"replies":[{"embeddable":true,"href":"https:\/\/cosmeticstoredz.com\/ar\/wp-json\/wp\/v2\/comments?post=3159"}],"version-history":[{"count":1,"href":"https:\/\/cosmeticstoredz.com\/ar\/wp-json\/wp\/v2\/product\/3159\/revisions"}],"predecessor-version":[{"id":16899,"href":"https:\/\/cosmeticstoredz.com\/ar\/wp-json\/wp\/v2\/product\/3159\/revisions\/16899"}],"wp:featuredmedia":[{"embeddable":true,"href":"https:\/\/cosmeticstoredz.com\/ar\/wp-json\/wp\/v2\/media\/16898"}],"wp:attachment":[{"href":"https:\/\/cosmeticstoredz.com\/ar\/wp-json\/wp\/v2\/media?parent=3159"}],"wp:term":[{"taxonomy":"product_brand","embeddable":true,"href":"https:\/\/cosmeticstoredz.com\/ar\/wp-json\/wp\/v2\/product_brand?post=3159"},{"taxonomy":"product_cat","embeddable":true,"href":"https:\/\/cosmeticstoredz.com\/ar\/wp-json\/wp\/v2\/product_cat?post=3159"},{"taxonomy":"product_tag","embeddable":true,"href":"https:\/\/cosmeticstoredz.com\/ar\/wp-json\/wp\/v2\/product_tag?post=3159"}],"curies":[{"name":"wp","href":"https:\/\/api.w.org\/{rel}","templated":true}]}}