{"id":3150,"date":"2025-06-04T18:21:21","date_gmt":"2025-06-04T18:21:21","guid":{"rendered":"https:\/\/test.fitnessworldgym27.com\/?post_type=product&#038;p=3150"},"modified":"2026-04-18T19:18:08","modified_gmt":"2026-04-18T19:18:08","slug":"sephora-palette-holographic-nudes","status":"publish","type":"product","link":"https:\/\/cosmeticstoredz.com\/ar\/product\/sephora-palette-holographic-nudes\/","title":{"rendered":"SEPHORA PALETTE HOLOGRAPHIC NUDES"},"content":{"rendered":"<div id=\"presContent\" class=\"o-block__content o-block__content--white\">\n<div class=\"fpBlk testSep extCode\" data-provider=\"None\">\n<p><strong>Palette de fards \u00e0 paupi\u00e8res Sephora Collection Holographic Nudes.<\/strong><\/p>\n<p>Sublimez votre regard avec la Holographic Nudes Palette de Sephora Collection une mini palette yeux compos\u00e9e de 6 fards \u00e0 paupi\u00e8res nudes et holographiques pour cr\u00e9er tous types de looks, des plus classiques aux plus \u00e9blouissants.<\/p>\n<p>Les + :<br \/>\n&#8211; Des formules ultra-douces et faciles \u00e0 appliquer.<br \/>\n&#8211; Un format miniature ultra-pratique, \u00e0 emporter partout avec soi.<br \/>\n&#8211; Un assortiment de teintes facile \u00e0 porter, pour tous types de looks.<\/p>\n<p>Conseils d&rsquo;utilisation :<br \/>\n1. Appliquer la teinte Nova sur toute la paupi\u00e8re mobile.<br \/>\n2. Souligner le creux de la paupi\u00e8re mobile avec la teinte Meteor.<br \/>\n3. Apporter une pointe de lumi\u00e8re sur le coin interne de l&rsquo;\u0153il avec la teinte Stellar.<\/p>\n<p>Ingr\u00e9dients :<br \/>\nLunar, Stellar :<br \/>\nMica, Ethylhexyl Palmitate, Isononyl Isononanoate, Diisostearyl Malate, Dimethicone, Magnesium Stearate, Octyldodecyl Stearoyl Stearate, Synthetic Wax, Phenoxyethanol, Polybutene, Polyethylene, Hydroxystearic Acid, Tin Oxide. (+\/-): CI 77891 (Titanium Dioxide), CI 77491\/CI 77499 (Iron Oxides), CI 77007 (Ultramarines).<\/p>\n<p>Aura :<br \/>\nMica, Talc, Nylon-12, Dimethicone, Octyldodecanol, Magnesium Stearate, CI 77891 (Titanium Dioxide), Cetyl Dimethicone, Octyldodecyl Stearoyl Stearate, Phenoxyethanol, Bis-Diglyceryl Polyacyladipate-2, CI 77007 (Ultramarines), CI 77492 (Iron Oxides), CI 77491 (Iron Oxides), Caprylyl Glycol, Simmondsia Chinensis (Jojoba) Seed Oil, Tocopheryl Acetate, Cocos Nucifera (Coconut) Oil, CI 77499 (Iron Oxides), Alumina, Aloe Barbadensis Leaf Extract, Triethoxycaprylylsilane.<\/p>\n<p>Nova :<br \/>\nMica, Silica, CI 77891 (Titanium Dioxide), Dimethicone, Caprylic\/Capric Triglyceride, Synthetic Wax, CI 77007 (Ultramarines), CI 77492 (Iron Oxides), CI 77499 (Iron Oxides), Phenoxyethanol, CI 77491 (Iron Oxides), Caprylyl Glycol, Tocopheryl Acetate, Alumina, Triethoxycaprylylsilane.<\/p>\n<p>Meteor, Asteroid :<br \/>\nMica, Silica, Dimethicone, Caprylic\/Capric Triglyceride, Synthetic Wax, Phenoxyethanol, Caprylyl Glycol, Tocopheryl Acetate. (+\/-): CI 77491\/CI 77492\/CI 77499 (Iron Oxides), CI 77007 (Ultramarines).<\/p>\n<\/div>\n<\/div>\n<div id=\"desc\" class=\"anchor\"><\/div>\n<div id=\"descContent\" class=\"o-block__content o-block__content--white u-mb-xl\">\n<div class=\"fpBlk testSep\" data-cs-override-id=\"Descriptif\">\n<p class=\"fpMb\">Palette de fards \u00e0 paupi\u00e8res Sephora Collection Holographic Nudes. Sublimez votre regard avec la Holographic Nudes Palette de Sephora Collection une mini palette yeux compos\u00e9e de 6 fards \u00e0 paupi\u00e8res nudes et holographiques pour cr\u00e9er tous types de looks, des plus classiques aux plus \u00e9blouissants. Les + : &#8211; Des formules ultra-douces et faciles \u00e0 appliquer. &#8211; Un format miniature ultra-pratique, \u00e0 emporter partout avec<\/p>\n<\/div>\n<\/div>","protected":false},"excerpt":{"rendered":"<p>Palette de fards \u00e0 paupi\u00e8res Sephora Collection Holographic Nudes. Sublimez votre regard avec la Holographic Nudes Palette de Sephora Collection une mini palette yeux compos\u00e9e de 6 fards \u00e0 paupi\u00e8res nudes et holographiques pour cr\u00e9er tous types de looks, des plus classiques aux plus \u00e9blouissants. Les + : &#8211; Des formules ultra-douces et faciles \u00e0 appliquer. &#8211; Un format miniature ultra-pratique, \u00e0 emporter partout avec<\/p>","protected":false},"featured_media":16879,"comment_status":"open","ping_status":"closed","template":"","meta":[],"product_brand":[],"product_cat":[122,204,259,257,126],"product_tag":[125],"class_list":{"0":"post-3150","1":"product","2":"type-product","3":"status-publish","4":"has-post-thumbnail","6":"product_cat-make-up","7":"product_cat-palette-maquillage","8":"product_cat-palette-yeux","9":"product_cat-sephora","10":"product_cat-yeux","11":"product_tag-made-in-france","13":"first","14":"outofstock","15":"sale","16":"shipping-taxable","17":"purchasable","18":"product-type-simple"},"yoast_head":"<!-- This site is optimized with the Yoast SEO plugin v27.3 - https:\/\/yoast.com\/product\/yoast-seo-wordpress\/ -->\n<title>SEPHORA PALETTE HOLOGRAPHIC NUDES - Cosmetic Store<\/title>\n<meta name=\"robots\" content=\"index, follow, max-snippet:-1, max-image-preview:large, max-video-preview:-1\" \/>\n<link rel=\"canonical\" href=\"https:\/\/cosmeticstoredz.com\/ar\/product\/sephora-palette-holographic-nudes\/\" \/>\n<meta property=\"og:locale\" content=\"ar_AR\" \/>\n<meta property=\"og:type\" content=\"article\" \/>\n<meta property=\"og:title\" content=\"SEPHORA PALETTE HOLOGRAPHIC NUDES - Cosmetic Store\" \/>\n<meta property=\"og:description\" content=\"Palette de fards \u00e0 paupi\u00e8res Sephora Collection Holographic Nudes. Sublimez votre regard avec la Holographic Nudes Palette de Sephora Collection une mini palette yeux compos\u00e9e de 6 fards \u00e0 paupi\u00e8res nudes et holographiques pour cr\u00e9er tous types de looks, des plus classiques aux plus \u00e9blouissants. Les + : - Des formules ultra-douces et faciles \u00e0 appliquer. - Un format miniature ultra-pratique, \u00e0 emporter partout avec\" \/>\n<meta property=\"og:url\" content=\"https:\/\/cosmeticstoredz.com\/ar\/product\/sephora-palette-holographic-nudes\/\" \/>\n<meta property=\"og:site_name\" content=\"Cosmetic Store\" \/>\n<meta property=\"article:publisher\" content=\"https:\/\/www.facebook.com\/profile.php?id=61564954260683\" \/>\n<meta property=\"article:modified_time\" content=\"2026-04-18T19:18:08+00:00\" \/>\n<meta property=\"og:image\" content=\"https:\/\/cosmeticstoredz.com\/wp-content\/uploads\/2026\/02\/Ajouter-un-titre-2024-08-12T143703.106.png\" \/>\n\t<meta property=\"og:image:width\" content=\"500\" \/>\n\t<meta property=\"og:image:height\" content=\"500\" \/>\n\t<meta property=\"og:image:type\" content=\"image\/png\" \/>\n<meta name=\"twitter:card\" content=\"summary_large_image\" \/>\n<meta name=\"twitter:label1\" content=\"\u0648\u0642\u062a \u0627\u0644\u0642\u0631\u0627\u0621\u0629 \u0627\u0644\u0645\u064f\u0642\u062f\u0651\u0631\" \/>\n\t<meta name=\"twitter:data1\" content=\"\u062f\u0642\u064a\u0642\u062a\u0627\u0646\" \/>\n<script type=\"application\/ld+json\" class=\"yoast-schema-graph\">{\"@context\":\"https:\\\/\\\/schema.org\",\"@graph\":[{\"@type\":\"WebPage\",\"@id\":\"https:\\\/\\\/cosmeticstoredz.com\\\/produit\\\/sephora-palette-holographic-nudes\\\/\",\"url\":\"https:\\\/\\\/cosmeticstoredz.com\\\/produit\\\/sephora-palette-holographic-nudes\\\/\",\"name\":\"SEPHORA PALETTE HOLOGRAPHIC NUDES - Cosmetic Store\",\"isPartOf\":{\"@id\":\"https:\\\/\\\/cosmeticstoredz.com\\\/#website\"},\"primaryImageOfPage\":{\"@id\":\"https:\\\/\\\/cosmeticstoredz.com\\\/produit\\\/sephora-palette-holographic-nudes\\\/#primaryimage\"},\"image\":{\"@id\":\"https:\\\/\\\/cosmeticstoredz.com\\\/produit\\\/sephora-palette-holographic-nudes\\\/#primaryimage\"},\"thumbnailUrl\":\"https:\\\/\\\/cosmeticstoredz.com\\\/wp-content\\\/uploads\\\/2026\\\/02\\\/Ajouter-un-titre-2024-08-12T143703.106.png\",\"datePublished\":\"2025-06-04T18:21:21+00:00\",\"dateModified\":\"2026-04-18T19:18:08+00:00\",\"breadcrumb\":{\"@id\":\"https:\\\/\\\/cosmeticstoredz.com\\\/produit\\\/sephora-palette-holographic-nudes\\\/#breadcrumb\"},\"inLanguage\":\"ar\",\"potentialAction\":[{\"@type\":\"ReadAction\",\"target\":[\"https:\\\/\\\/cosmeticstoredz.com\\\/produit\\\/sephora-palette-holographic-nudes\\\/\"]}]},{\"@type\":\"ImageObject\",\"inLanguage\":\"ar\",\"@id\":\"https:\\\/\\\/cosmeticstoredz.com\\\/produit\\\/sephora-palette-holographic-nudes\\\/#primaryimage\",\"url\":\"https:\\\/\\\/cosmeticstoredz.com\\\/wp-content\\\/uploads\\\/2026\\\/02\\\/Ajouter-un-titre-2024-08-12T143703.106.png\",\"contentUrl\":\"https:\\\/\\\/cosmeticstoredz.com\\\/wp-content\\\/uploads\\\/2026\\\/02\\\/Ajouter-un-titre-2024-08-12T143703.106.png\",\"width\":500,\"height\":500},{\"@type\":\"BreadcrumbList\",\"@id\":\"https:\\\/\\\/cosmeticstoredz.com\\\/produit\\\/sephora-palette-holographic-nudes\\\/#breadcrumb\",\"itemListElement\":[{\"@type\":\"ListItem\",\"position\":1,\"name\":\"Accueil\",\"item\":\"https:\\\/\\\/cosmeticstoredz.com\\\/\"},{\"@type\":\"ListItem\",\"position\":2,\"name\":\"Boutique\",\"item\":\"https:\\\/\\\/cosmeticstoredz.com\\\/boutique\\\/\"},{\"@type\":\"ListItem\",\"position\":3,\"name\":\"SEPHORA PALETTE HOLOGRAPHIC NUDES\"}]},{\"@type\":\"WebSite\",\"@id\":\"https:\\\/\\\/cosmeticstoredz.com\\\/#website\",\"url\":\"https:\\\/\\\/cosmeticstoredz.com\\\/\",\"name\":\"Cosmetic Store\",\"description\":\"\",\"publisher\":{\"@id\":\"https:\\\/\\\/cosmeticstoredz.com\\\/#organization\"},\"potentialAction\":[{\"@type\":\"SearchAction\",\"target\":{\"@type\":\"EntryPoint\",\"urlTemplate\":\"https:\\\/\\\/cosmeticstoredz.com\\\/?s={search_term_string}\"},\"query-input\":{\"@type\":\"PropertyValueSpecification\",\"valueRequired\":true,\"valueName\":\"search_term_string\"}}],\"inLanguage\":\"ar\"},{\"@type\":\"Organization\",\"@id\":\"https:\\\/\\\/cosmeticstoredz.com\\\/#organization\",\"name\":\"Cosmetic Store\",\"url\":\"https:\\\/\\\/cosmeticstoredz.com\\\/\",\"logo\":{\"@type\":\"ImageObject\",\"inLanguage\":\"ar\",\"@id\":\"https:\\\/\\\/cosmeticstoredz.com\\\/#\\\/schema\\\/logo\\\/image\\\/\",\"url\":\"https:\\\/\\\/cosmeticstoredz.com\\\/wp-content\\\/uploads\\\/2026\\\/02\\\/cropped-LOGO_CS-512x512-1-1-e1771275285345.webp\",\"contentUrl\":\"https:\\\/\\\/cosmeticstoredz.com\\\/wp-content\\\/uploads\\\/2026\\\/02\\\/cropped-LOGO_CS-512x512-1-1-e1771275285345.webp\",\"width\":265,\"height\":319,\"caption\":\"Cosmetic Store\"},\"image\":{\"@id\":\"https:\\\/\\\/cosmeticstoredz.com\\\/#\\\/schema\\\/logo\\\/image\\\/\"},\"sameAs\":[\"https:\\\/\\\/www.facebook.com\\\/profile.php?id=61564954260683\",\"https:\\\/\\\/www.instagram.com\\\/cosmetic.storedz\\\/\"]}]}<\/script>\n<!-- \/ Yoast SEO plugin. -->","yoast_head_json":{"title":"SEPHORA PALETTE HOLOGRAPHIC NUDES - Cosmetic Store","robots":{"index":"index","follow":"follow","max-snippet":"max-snippet:-1","max-image-preview":"max-image-preview:large","max-video-preview":"max-video-preview:-1"},"canonical":"https:\/\/cosmeticstoredz.com\/ar\/product\/sephora-palette-holographic-nudes\/","og_locale":"ar_AR","og_type":"article","og_title":"SEPHORA PALETTE HOLOGRAPHIC NUDES - Cosmetic Store","og_description":"Palette de fards \u00e0 paupi\u00e8res Sephora Collection Holographic Nudes. Sublimez votre regard avec la Holographic Nudes Palette de Sephora Collection une mini palette yeux compos\u00e9e de 6 fards \u00e0 paupi\u00e8res nudes et holographiques pour cr\u00e9er tous types de looks, des plus classiques aux plus \u00e9blouissants. Les + : - Des formules ultra-douces et faciles \u00e0 appliquer. - Un format miniature ultra-pratique, \u00e0 emporter partout avec","og_url":"https:\/\/cosmeticstoredz.com\/ar\/product\/sephora-palette-holographic-nudes\/","og_site_name":"Cosmetic Store","article_publisher":"https:\/\/www.facebook.com\/profile.php?id=61564954260683","article_modified_time":"2026-04-18T19:18:08+00:00","og_image":[{"width":500,"height":500,"url":"https:\/\/cosmeticstoredz.com\/wp-content\/uploads\/2026\/02\/Ajouter-un-titre-2024-08-12T143703.106.png","type":"image\/png"}],"twitter_card":"summary_large_image","twitter_misc":{"\u0648\u0642\u062a \u0627\u0644\u0642\u0631\u0627\u0621\u0629 \u0627\u0644\u0645\u064f\u0642\u062f\u0651\u0631":"\u062f\u0642\u064a\u0642\u062a\u0627\u0646"},"schema":{"@context":"https:\/\/schema.org","@graph":[{"@type":"WebPage","@id":"https:\/\/cosmeticstoredz.com\/produit\/sephora-palette-holographic-nudes\/","url":"https:\/\/cosmeticstoredz.com\/produit\/sephora-palette-holographic-nudes\/","name":"SEPHORA PALETTE HOLOGRAPHIC NUDES - Cosmetic Store","isPartOf":{"@id":"https:\/\/cosmeticstoredz.com\/#website"},"primaryImageOfPage":{"@id":"https:\/\/cosmeticstoredz.com\/produit\/sephora-palette-holographic-nudes\/#primaryimage"},"image":{"@id":"https:\/\/cosmeticstoredz.com\/produit\/sephora-palette-holographic-nudes\/#primaryimage"},"thumbnailUrl":"https:\/\/cosmeticstoredz.com\/wp-content\/uploads\/2026\/02\/Ajouter-un-titre-2024-08-12T143703.106.png","datePublished":"2025-06-04T18:21:21+00:00","dateModified":"2026-04-18T19:18:08+00:00","breadcrumb":{"@id":"https:\/\/cosmeticstoredz.com\/produit\/sephora-palette-holographic-nudes\/#breadcrumb"},"inLanguage":"ar","potentialAction":[{"@type":"ReadAction","target":["https:\/\/cosmeticstoredz.com\/produit\/sephora-palette-holographic-nudes\/"]}]},{"@type":"ImageObject","inLanguage":"ar","@id":"https:\/\/cosmeticstoredz.com\/produit\/sephora-palette-holographic-nudes\/#primaryimage","url":"https:\/\/cosmeticstoredz.com\/wp-content\/uploads\/2026\/02\/Ajouter-un-titre-2024-08-12T143703.106.png","contentUrl":"https:\/\/cosmeticstoredz.com\/wp-content\/uploads\/2026\/02\/Ajouter-un-titre-2024-08-12T143703.106.png","width":500,"height":500},{"@type":"BreadcrumbList","@id":"https:\/\/cosmeticstoredz.com\/produit\/sephora-palette-holographic-nudes\/#breadcrumb","itemListElement":[{"@type":"ListItem","position":1,"name":"Accueil","item":"https:\/\/cosmeticstoredz.com\/"},{"@type":"ListItem","position":2,"name":"Boutique","item":"https:\/\/cosmeticstoredz.com\/boutique\/"},{"@type":"ListItem","position":3,"name":"SEPHORA PALETTE HOLOGRAPHIC NUDES"}]},{"@type":"WebSite","@id":"https:\/\/cosmeticstoredz.com\/#website","url":"https:\/\/cosmeticstoredz.com\/","name":"Cosmetic Store","description":"","publisher":{"@id":"https:\/\/cosmeticstoredz.com\/#organization"},"potentialAction":[{"@type":"SearchAction","target":{"@type":"EntryPoint","urlTemplate":"https:\/\/cosmeticstoredz.com\/?s={search_term_string}"},"query-input":{"@type":"PropertyValueSpecification","valueRequired":true,"valueName":"search_term_string"}}],"inLanguage":"ar"},{"@type":"Organization","@id":"https:\/\/cosmeticstoredz.com\/#organization","name":"Cosmetic Store","url":"https:\/\/cosmeticstoredz.com\/","logo":{"@type":"ImageObject","inLanguage":"ar","@id":"https:\/\/cosmeticstoredz.com\/#\/schema\/logo\/image\/","url":"https:\/\/cosmeticstoredz.com\/wp-content\/uploads\/2026\/02\/cropped-LOGO_CS-512x512-1-1-e1771275285345.webp","contentUrl":"https:\/\/cosmeticstoredz.com\/wp-content\/uploads\/2026\/02\/cropped-LOGO_CS-512x512-1-1-e1771275285345.webp","width":265,"height":319,"caption":"Cosmetic Store"},"image":{"@id":"https:\/\/cosmeticstoredz.com\/#\/schema\/logo\/image\/"},"sameAs":["https:\/\/www.facebook.com\/profile.php?id=61564954260683","https:\/\/www.instagram.com\/cosmetic.storedz\/"]}]}},"_links":{"self":[{"href":"https:\/\/cosmeticstoredz.com\/ar\/wp-json\/wp\/v2\/product\/3150","targetHints":{"allow":["GET"]}}],"collection":[{"href":"https:\/\/cosmeticstoredz.com\/ar\/wp-json\/wp\/v2\/product"}],"about":[{"href":"https:\/\/cosmeticstoredz.com\/ar\/wp-json\/wp\/v2\/types\/product"}],"replies":[{"embeddable":true,"href":"https:\/\/cosmeticstoredz.com\/ar\/wp-json\/wp\/v2\/comments?post=3150"}],"version-history":[{"count":1,"href":"https:\/\/cosmeticstoredz.com\/ar\/wp-json\/wp\/v2\/product\/3150\/revisions"}],"predecessor-version":[{"id":16882,"href":"https:\/\/cosmeticstoredz.com\/ar\/wp-json\/wp\/v2\/product\/3150\/revisions\/16882"}],"wp:featuredmedia":[{"embeddable":true,"href":"https:\/\/cosmeticstoredz.com\/ar\/wp-json\/wp\/v2\/media\/16879"}],"wp:attachment":[{"href":"https:\/\/cosmeticstoredz.com\/ar\/wp-json\/wp\/v2\/media?parent=3150"}],"wp:term":[{"taxonomy":"product_brand","embeddable":true,"href":"https:\/\/cosmeticstoredz.com\/ar\/wp-json\/wp\/v2\/product_brand?post=3150"},{"taxonomy":"product_cat","embeddable":true,"href":"https:\/\/cosmeticstoredz.com\/ar\/wp-json\/wp\/v2\/product_cat?post=3150"},{"taxonomy":"product_tag","embeddable":true,"href":"https:\/\/cosmeticstoredz.com\/ar\/wp-json\/wp\/v2\/product_tag?post=3150"}],"curies":[{"name":"wp","href":"https:\/\/api.w.org\/{rel}","templated":true}]}}