{"id":3146,"date":"2025-06-04T18:21:21","date_gmt":"2025-06-04T18:21:21","guid":{"rendered":"https:\/\/test.fitnessworldgym27.com\/?post_type=product&#038;p=3146"},"modified":"2026-04-18T19:18:08","modified_gmt":"2026-04-18T19:18:08","slug":"sephora-gel-creme-sourcil-meduim","status":"publish","type":"product","link":"https:\/\/cosmeticstoredz.com\/ar\/product\/sephora-gel-creme-sourcil-meduim\/","title":{"rendered":"SEPHORA GEL CREME SOURCIL MEDUIM"},"content":{"rendered":"<section id=\"wrapper\">\n<div class=\"container\">\n<div class=\"row\">\n<div id=\"content-wrapper\">\n<section id=\"main\">\n<div class=\"tabs\">\n<div id=\"tab-content\" class=\"tab-content\">\n<div id=\"description\" class=\"tab-pane fade in active\" role=\"tabpanel\">\n<div class=\"product-description\">\n<p>SEPHORA COLLECTION pr\u00e9sente le crayon \u00e0 sourcils en gel BROW POT.\u00a0Avec l&rsquo;aide de ce produit, vous pouvez facilement dessiner les poils manquants, donnant plus de volume et d&rsquo;expressivit\u00e9 aux sourcils.\u00a0La brosse fine et pratique ramasse une petite quantit\u00e9 de produit et glisse facilement pour des lignes pr\u00e9cises.\u00a0La formule gel fixe les cheveux en les structurant.\u00a0Durabilit\u00e9 jusqu&rsquo;\u00e0 12 heures.<\/p>\n<p>Pourquoi choisir ce produit : pinceau fin pratique pour un dessin pr\u00e9cis<\/p>\n<p>conseil d\u2019 utilisation :<\/p>\n<ul>\n<li>Charger la brosse int\u00e9gr\u00e9e avec une petite quantit\u00e9 de gel-cr\u00e8me<\/li>\n<li>Utilisez la pointe du pinceau pour d\u00e9finir la forme de vos sourcils.<\/li>\n<li>Remplissez les sourcils avec des traits l\u00e9gers de la base vers le haut de la ligne des sourcils.<\/li>\n<li>Pour un look naturel, estompez avec un pinceau \u00e0 sourcils. N&rsquo;oubliez pas de nettoyer la brosse apr\u00e8s chaque utilisation afin qu&rsquo;elle garde sa forme !<\/li>\n<\/ul>\n<\/div>\n<\/div>\n<\/div>\n<\/div>\n<footer class=\"page-footer\"><\/footer>\n<\/section>\n<\/div>\n<\/div>\n<\/div>\n<\/section>\n<footer id=\"footer\">\n<div class=\"container\"><\/div>\n<div class=\"footer-before\">\n<div class=\"container\">\n<div id=\"newsletter\" class=\"col-md-9 newsletter-block\"><\/div>\n<\/div>\n<\/div>\n<\/footer>","protected":false},"excerpt":{"rendered":"<p>SEPHORA COLLECTION pr\u00e9sente le crayon \u00e0 sourcils en gel BROW POT.\u00a0Avec l&rsquo;aide de ce produit, vous pouvez facilement dessiner les poils manquants, donnant plus de volume et d&rsquo;expressivit\u00e9 aux sourcils.\u00a0La brosse fine et pratique ramasse une petite quantit\u00e9 de produit et glisse facilement pour des lignes pr\u00e9cises.\u00a0La formule gel fixe les cheveux en les structurant.\u00a0Durabilit\u00e9 jusqu&rsquo;\u00e0 12 heures.<\/p>","protected":false},"featured_media":0,"comment_status":"closed","ping_status":"closed","template":"","meta":[],"product_brand":[],"product_cat":[258,122,257,221],"product_tag":[125],"class_list":{"0":"post-3146","1":"product","2":"type-product","3":"status-publish","5":"product_cat-gel-et-mascara-sourcils","6":"product_cat-make-up","7":"product_cat-sephora","8":"product_cat-sourcils","9":"product_tag-made-in-france","11":"first","12":"instock","13":"sale","14":"shipping-taxable","15":"purchasable","16":"product-type-simple"},"yoast_head":"<!-- This site is optimized with the Yoast SEO plugin v27.3 - https:\/\/yoast.com\/product\/yoast-seo-wordpress\/ -->\n<title>SEPHORA GEL CREME SOURCIL MEDUIM - Cosmetic Store<\/title>\n<meta name=\"robots\" content=\"index, follow, max-snippet:-1, max-image-preview:large, max-video-preview:-1\" \/>\n<link rel=\"canonical\" href=\"https:\/\/cosmeticstoredz.com\/ar\/product\/sephora-gel-creme-sourcil-meduim\/\" \/>\n<meta property=\"og:locale\" content=\"ar_AR\" \/>\n<meta property=\"og:type\" content=\"article\" \/>\n<meta property=\"og:title\" content=\"SEPHORA GEL CREME SOURCIL MEDUIM - Cosmetic Store\" \/>\n<meta property=\"og:description\" content=\"SEPHORA COLLECTION pr\u00e9sente le crayon \u00e0 sourcils en gel BROW POT.\u00a0Avec l&#039;aide de ce produit, vous pouvez facilement dessiner les poils manquants, donnant plus de volume et d&#039;expressivit\u00e9 aux sourcils.\u00a0La brosse fine et pratique ramasse une petite quantit\u00e9 de produit et glisse facilement pour des lignes pr\u00e9cises.\u00a0La formule gel fixe les cheveux en les structurant.\u00a0Durabilit\u00e9 jusqu&#039;\u00e0 12 heures.\" \/>\n<meta property=\"og:url\" content=\"https:\/\/cosmeticstoredz.com\/ar\/product\/sephora-gel-creme-sourcil-meduim\/\" \/>\n<meta property=\"og:site_name\" content=\"Cosmetic Store\" \/>\n<meta property=\"article:publisher\" content=\"https:\/\/www.facebook.com\/profile.php?id=61564954260683\" \/>\n<meta property=\"article:modified_time\" content=\"2026-04-18T19:18:08+00:00\" \/>\n<meta name=\"twitter:card\" content=\"summary_large_image\" \/>\n<meta name=\"twitter:label1\" content=\"\u0648\u0642\u062a \u0627\u0644\u0642\u0631\u0627\u0621\u0629 \u0627\u0644\u0645\u064f\u0642\u062f\u0651\u0631\" \/>\n\t<meta name=\"twitter:data1\" content=\"\u062f\u0642\u064a\u0642\u0629 \u0648\u0627\u062d\u062f\u0629\" \/>\n<script type=\"application\/ld+json\" class=\"yoast-schema-graph\">{\"@context\":\"https:\\\/\\\/schema.org\",\"@graph\":[{\"@type\":\"WebPage\",\"@id\":\"https:\\\/\\\/cosmeticstoredz.com\\\/produit\\\/sephora-gel-creme-sourcil-meduim\\\/\",\"url\":\"https:\\\/\\\/cosmeticstoredz.com\\\/produit\\\/sephora-gel-creme-sourcil-meduim\\\/\",\"name\":\"SEPHORA GEL CREME SOURCIL MEDUIM - Cosmetic Store\",\"isPartOf\":{\"@id\":\"https:\\\/\\\/cosmeticstoredz.com\\\/#website\"},\"datePublished\":\"2025-06-04T18:21:21+00:00\",\"dateModified\":\"2026-04-18T19:18:08+00:00\",\"breadcrumb\":{\"@id\":\"https:\\\/\\\/cosmeticstoredz.com\\\/produit\\\/sephora-gel-creme-sourcil-meduim\\\/#breadcrumb\"},\"inLanguage\":\"ar\",\"potentialAction\":[{\"@type\":\"ReadAction\",\"target\":[\"https:\\\/\\\/cosmeticstoredz.com\\\/produit\\\/sephora-gel-creme-sourcil-meduim\\\/\"]}]},{\"@type\":\"BreadcrumbList\",\"@id\":\"https:\\\/\\\/cosmeticstoredz.com\\\/produit\\\/sephora-gel-creme-sourcil-meduim\\\/#breadcrumb\",\"itemListElement\":[{\"@type\":\"ListItem\",\"position\":1,\"name\":\"Accueil\",\"item\":\"https:\\\/\\\/cosmeticstoredz.com\\\/\"},{\"@type\":\"ListItem\",\"position\":2,\"name\":\"Boutique\",\"item\":\"https:\\\/\\\/cosmeticstoredz.com\\\/boutique\\\/\"},{\"@type\":\"ListItem\",\"position\":3,\"name\":\"SEPHORA GEL CREME SOURCIL MEDUIM\"}]},{\"@type\":\"WebSite\",\"@id\":\"https:\\\/\\\/cosmeticstoredz.com\\\/#website\",\"url\":\"https:\\\/\\\/cosmeticstoredz.com\\\/\",\"name\":\"Cosmetic Store\",\"description\":\"\",\"publisher\":{\"@id\":\"https:\\\/\\\/cosmeticstoredz.com\\\/#organization\"},\"potentialAction\":[{\"@type\":\"SearchAction\",\"target\":{\"@type\":\"EntryPoint\",\"urlTemplate\":\"https:\\\/\\\/cosmeticstoredz.com\\\/?s={search_term_string}\"},\"query-input\":{\"@type\":\"PropertyValueSpecification\",\"valueRequired\":true,\"valueName\":\"search_term_string\"}}],\"inLanguage\":\"ar\"},{\"@type\":\"Organization\",\"@id\":\"https:\\\/\\\/cosmeticstoredz.com\\\/#organization\",\"name\":\"Cosmetic Store\",\"url\":\"https:\\\/\\\/cosmeticstoredz.com\\\/\",\"logo\":{\"@type\":\"ImageObject\",\"inLanguage\":\"ar\",\"@id\":\"https:\\\/\\\/cosmeticstoredz.com\\\/#\\\/schema\\\/logo\\\/image\\\/\",\"url\":\"https:\\\/\\\/cosmeticstoredz.com\\\/wp-content\\\/uploads\\\/2026\\\/02\\\/cropped-LOGO_CS-512x512-1-1-e1771275285345.webp\",\"contentUrl\":\"https:\\\/\\\/cosmeticstoredz.com\\\/wp-content\\\/uploads\\\/2026\\\/02\\\/cropped-LOGO_CS-512x512-1-1-e1771275285345.webp\",\"width\":265,\"height\":319,\"caption\":\"Cosmetic Store\"},\"image\":{\"@id\":\"https:\\\/\\\/cosmeticstoredz.com\\\/#\\\/schema\\\/logo\\\/image\\\/\"},\"sameAs\":[\"https:\\\/\\\/www.facebook.com\\\/profile.php?id=61564954260683\",\"https:\\\/\\\/www.instagram.com\\\/cosmetic.storedz\\\/\"]}]}<\/script>\n<!-- \/ Yoast SEO plugin. -->","yoast_head_json":{"title":"SEPHORA GEL CREME SOURCIL MEDUIM - Cosmetic Store","robots":{"index":"index","follow":"follow","max-snippet":"max-snippet:-1","max-image-preview":"max-image-preview:large","max-video-preview":"max-video-preview:-1"},"canonical":"https:\/\/cosmeticstoredz.com\/ar\/product\/sephora-gel-creme-sourcil-meduim\/","og_locale":"ar_AR","og_type":"article","og_title":"SEPHORA GEL CREME SOURCIL MEDUIM - Cosmetic Store","og_description":"SEPHORA COLLECTION pr\u00e9sente le crayon \u00e0 sourcils en gel BROW POT.\u00a0Avec l'aide de ce produit, vous pouvez facilement dessiner les poils manquants, donnant plus de volume et d'expressivit\u00e9 aux sourcils.\u00a0La brosse fine et pratique ramasse une petite quantit\u00e9 de produit et glisse facilement pour des lignes pr\u00e9cises.\u00a0La formule gel fixe les cheveux en les structurant.\u00a0Durabilit\u00e9 jusqu'\u00e0 12 heures.","og_url":"https:\/\/cosmeticstoredz.com\/ar\/product\/sephora-gel-creme-sourcil-meduim\/","og_site_name":"Cosmetic Store","article_publisher":"https:\/\/www.facebook.com\/profile.php?id=61564954260683","article_modified_time":"2026-04-18T19:18:08+00:00","twitter_card":"summary_large_image","twitter_misc":{"\u0648\u0642\u062a \u0627\u0644\u0642\u0631\u0627\u0621\u0629 \u0627\u0644\u0645\u064f\u0642\u062f\u0651\u0631":"\u062f\u0642\u064a\u0642\u0629 \u0648\u0627\u062d\u062f\u0629"},"schema":{"@context":"https:\/\/schema.org","@graph":[{"@type":"WebPage","@id":"https:\/\/cosmeticstoredz.com\/produit\/sephora-gel-creme-sourcil-meduim\/","url":"https:\/\/cosmeticstoredz.com\/produit\/sephora-gel-creme-sourcil-meduim\/","name":"SEPHORA GEL CREME SOURCIL MEDUIM - Cosmetic Store","isPartOf":{"@id":"https:\/\/cosmeticstoredz.com\/#website"},"datePublished":"2025-06-04T18:21:21+00:00","dateModified":"2026-04-18T19:18:08+00:00","breadcrumb":{"@id":"https:\/\/cosmeticstoredz.com\/produit\/sephora-gel-creme-sourcil-meduim\/#breadcrumb"},"inLanguage":"ar","potentialAction":[{"@type":"ReadAction","target":["https:\/\/cosmeticstoredz.com\/produit\/sephora-gel-creme-sourcil-meduim\/"]}]},{"@type":"BreadcrumbList","@id":"https:\/\/cosmeticstoredz.com\/produit\/sephora-gel-creme-sourcil-meduim\/#breadcrumb","itemListElement":[{"@type":"ListItem","position":1,"name":"Accueil","item":"https:\/\/cosmeticstoredz.com\/"},{"@type":"ListItem","position":2,"name":"Boutique","item":"https:\/\/cosmeticstoredz.com\/boutique\/"},{"@type":"ListItem","position":3,"name":"SEPHORA GEL CREME SOURCIL MEDUIM"}]},{"@type":"WebSite","@id":"https:\/\/cosmeticstoredz.com\/#website","url":"https:\/\/cosmeticstoredz.com\/","name":"Cosmetic Store","description":"","publisher":{"@id":"https:\/\/cosmeticstoredz.com\/#organization"},"potentialAction":[{"@type":"SearchAction","target":{"@type":"EntryPoint","urlTemplate":"https:\/\/cosmeticstoredz.com\/?s={search_term_string}"},"query-input":{"@type":"PropertyValueSpecification","valueRequired":true,"valueName":"search_term_string"}}],"inLanguage":"ar"},{"@type":"Organization","@id":"https:\/\/cosmeticstoredz.com\/#organization","name":"Cosmetic Store","url":"https:\/\/cosmeticstoredz.com\/","logo":{"@type":"ImageObject","inLanguage":"ar","@id":"https:\/\/cosmeticstoredz.com\/#\/schema\/logo\/image\/","url":"https:\/\/cosmeticstoredz.com\/wp-content\/uploads\/2026\/02\/cropped-LOGO_CS-512x512-1-1-e1771275285345.webp","contentUrl":"https:\/\/cosmeticstoredz.com\/wp-content\/uploads\/2026\/02\/cropped-LOGO_CS-512x512-1-1-e1771275285345.webp","width":265,"height":319,"caption":"Cosmetic Store"},"image":{"@id":"https:\/\/cosmeticstoredz.com\/#\/schema\/logo\/image\/"},"sameAs":["https:\/\/www.facebook.com\/profile.php?id=61564954260683","https:\/\/www.instagram.com\/cosmetic.storedz\/"]}]}},"_links":{"self":[{"href":"https:\/\/cosmeticstoredz.com\/ar\/wp-json\/wp\/v2\/product\/3146","targetHints":{"allow":["GET"]}}],"collection":[{"href":"https:\/\/cosmeticstoredz.com\/ar\/wp-json\/wp\/v2\/product"}],"about":[{"href":"https:\/\/cosmeticstoredz.com\/ar\/wp-json\/wp\/v2\/types\/product"}],"replies":[{"embeddable":true,"href":"https:\/\/cosmeticstoredz.com\/ar\/wp-json\/wp\/v2\/comments?post=3146"}],"version-history":[{"count":1,"href":"https:\/\/cosmeticstoredz.com\/ar\/wp-json\/wp\/v2\/product\/3146\/revisions"}],"predecessor-version":[{"id":16872,"href":"https:\/\/cosmeticstoredz.com\/ar\/wp-json\/wp\/v2\/product\/3146\/revisions\/16872"}],"wp:attachment":[{"href":"https:\/\/cosmeticstoredz.com\/ar\/wp-json\/wp\/v2\/media?parent=3146"}],"wp:term":[{"taxonomy":"product_brand","embeddable":true,"href":"https:\/\/cosmeticstoredz.com\/ar\/wp-json\/wp\/v2\/product_brand?post=3146"},{"taxonomy":"product_cat","embeddable":true,"href":"https:\/\/cosmeticstoredz.com\/ar\/wp-json\/wp\/v2\/product_cat?post=3146"},{"taxonomy":"product_tag","embeddable":true,"href":"https:\/\/cosmeticstoredz.com\/ar\/wp-json\/wp\/v2\/product_tag?post=3146"}],"curies":[{"name":"wp","href":"https:\/\/api.w.org\/{rel}","templated":true}]}}