{"id":3109,"date":"2025-06-04T18:21:01","date_gmt":"2025-06-04T18:21:01","guid":{"rendered":"https:\/\/test.fitnessworldgym27.com\/?post_type=product&#038;p=3109"},"modified":"2026-03-30T19:27:49","modified_gmt":"2026-03-30T19:27:49","slug":"rexona-deodorant-200ml-stress-control","status":"publish","type":"product","link":"https:\/\/cosmeticstoredz.com\/ar\/product\/rexona-deodorant-200ml-stress-control\/","title":{"rendered":"REXONA DEODORANT 200ML STRESS CONTROL"},"content":{"rendered":"<pre id=\"tw-target-text\" class=\"tw-data-text tw-text-large tw-ta\" dir=\"ltr\" data-placeholder=\"Traduction\" data-ved=\"2ahUKEwiW3NiFxf6CAxVRTqQEHfVcDJ4Q3ewLegQIBhAQ\"><span class=\"Y2IQFc\" lang=\"fr\"><strong>Rexona Stress Control<\/strong> d\u00e9odorant spray pour femme<\/span><\/pre>\n<p id=\"tw-target-text\" class=\"tw-data-text tw-text-large tw-ta\" dir=\"ltr\" data-placeholder=\"Traduction\" data-ved=\"2ahUKEwiW3NiFxf6CAxVRTqQEHfVcDJ4Q3ewLegQIBhAQ\"><span class=\"Y2IQFc\" lang=\"fr\">Anti-transpirant Rexona pour peaux sensibles, la meilleure protection contre la transpiration et les odeurs d\u00e9sagr\u00e9ables jusqu&rsquo;\u00e0 48 heures. Le d\u00e9odorant Rexona avec la technologie MotionSense est une technologie brevet\u00e9e avanc\u00e9e et exclusive de Rexona. Motion Sense : Plus il y a de mouvement, plus la protection est grande. Les petites capsules Motion Sense collent \u00e0 la peau, et avec le mouvement, la friction de la peau au niveau des aisselles provoque un \u00e9claircissement des capsules pour vous offrir une protection imm\u00e9diate contre la transpiration et une sensation de fra\u00eecheur. La technologie MotionSense de Rubxona r\u00e9agit directement aux mouvements tout au long de la journ\u00e9e et continue de fournir une protection rafra\u00eechissante suppl\u00e9mentaire, vous permettant de bouger davantage. Il ne contient pas de parab\u00e8nes, d&rsquo;alcool et de colorants. Le d\u00e9odorant Rexona Sensitive est inodore. Doux pour la peau, ne provoque pas d&rsquo;irritation de la peau au niveau des aisselles et procure une agr\u00e9able sensation de s\u00e9cheresse.<\/span><\/p>","protected":false},"excerpt":{"rendered":"<p><span class=\"Y2IQFc\" lang=\"fr\">Anti-transpirant <strong>Rexona<\/strong> pour peaux sensibles, la meilleure protection contre la transpiration et les odeurs d\u00e9sagr\u00e9ables jusqu&rsquo;\u00e0 48 heures. <\/span><\/p>","protected":false},"featured_media":16858,"comment_status":"open","ping_status":"closed","template":"","meta":[],"product_brand":[],"product_cat":[75,78,80],"product_tag":[209],"class_list":{"0":"post-3109","1":"product","2":"type-product","3":"status-publish","4":"has-post-thumbnail","6":"product_cat-femme","7":"product_cat-parfum-f","8":"product_cat-rexona","9":"product_tag-made-in-pays-bas","11":"first","12":"instock","13":"shipping-taxable","14":"purchasable","15":"product-type-simple"},"_links":{"self":[{"href":"https:\/\/cosmeticstoredz.com\/ar\/wp-json\/wp\/v2\/product\/3109","targetHints":{"allow":["GET"]}}],"collection":[{"href":"https:\/\/cosmeticstoredz.com\/ar\/wp-json\/wp\/v2\/product"}],"about":[{"href":"https:\/\/cosmeticstoredz.com\/ar\/wp-json\/wp\/v2\/types\/product"}],"replies":[{"embeddable":true,"href":"https:\/\/cosmeticstoredz.com\/ar\/wp-json\/wp\/v2\/comments?post=3109"}],"version-history":[{"count":1,"href":"https:\/\/cosmeticstoredz.com\/ar\/wp-json\/wp\/v2\/product\/3109\/revisions"}],"predecessor-version":[{"id":16859,"href":"https:\/\/cosmeticstoredz.com\/ar\/wp-json\/wp\/v2\/product\/3109\/revisions\/16859"}],"wp:featuredmedia":[{"embeddable":true,"href":"https:\/\/cosmeticstoredz.com\/ar\/wp-json\/wp\/v2\/media\/16858"}],"wp:attachment":[{"href":"https:\/\/cosmeticstoredz.com\/ar\/wp-json\/wp\/v2\/media?parent=3109"}],"wp:term":[{"taxonomy":"product_brand","embeddable":true,"href":"https:\/\/cosmeticstoredz.com\/ar\/wp-json\/wp\/v2\/product_brand?post=3109"},{"taxonomy":"product_cat","embeddable":true,"href":"https:\/\/cosmeticstoredz.com\/ar\/wp-json\/wp\/v2\/product_cat?post=3109"},{"taxonomy":"product_tag","embeddable":true,"href":"https:\/\/cosmeticstoredz.com\/ar\/wp-json\/wp\/v2\/product_tag?post=3109"}],"curies":[{"name":"wp","href":"https:\/\/api.w.org\/{rel}","templated":true}]}}