{"id":3108,"date":"2025-06-04T18:21:01","date_gmt":"2025-06-04T18:21:01","guid":{"rendered":"https:\/\/test.fitnessworldgym27.com\/?post_type=product&#038;p=3108"},"modified":"2026-03-30T19:27:49","modified_gmt":"2026-03-30T19:27:49","slug":"rexona-deodorant-200ml-shower-fresh","status":"publish","type":"product","link":"https:\/\/cosmeticstoredz.com\/ar\/product\/rexona-deodorant-200ml-shower-fresh\/","title":{"rendered":"REXONA DEODORANT 200ML SHOWER FRESH"},"content":{"rendered":"<p id=\"tw-target-text\" class=\"tw-data-text tw-text-large tw-ta\" dir=\"ltr\" data-placeholder=\"Traduction\" data-ved=\"2ahUKEwiW3NiFxf6CAxVRTqQEHfVcDJ4Q3ewLegQIBhAQ\"><span class=\"Y2IQFc\" lang=\"fr\">Spray d\u00e9odorant anti-transpirant rafra\u00eechissant<strong> Rexona<\/strong> &#8211; Technologie de d\u00e9tection de mouvement &#8211; Chaque mouvement vous procure une sensation de fra\u00eecheur d\u00e8s la sortie de la douche. &#8211; Bougez librement. Avec Proven Motion Technology : Plus vous bougez, plus vous \u00eates prot\u00e9g\u00e9 &#8211; Anti-transpirant pour 48 heures de fra\u00eecheur. &#8211; 0% d&rsquo;alcool &#8211; Anti-transpirant pour femme au parfum propre et frais. &#8211; D\u00e9odorant anti-transpirant sans alcool.<\/span><\/p>","protected":false},"excerpt":{"rendered":"<p><span class=\"Y2IQFc\" lang=\"fr\">Spray d\u00e9odorant anti-transpirant rafra\u00eechissant<strong> Rexona<\/strong> &#8211; Technologie de d\u00e9tection de mouvement &#8211; Chaque mouvement vous procure une sensation de fra\u00eecheur d\u00e8s la sortie de la douche. &#8211; Bougez librement. Avec Proven Motion Technology : Plus vous bougez, plus vous \u00eates prot\u00e9g\u00e9 &#8211; Anti-transpirant pour 48 heures de fra\u00eecheur. &#8211; 0% d&rsquo;alcool &#8211; Anti-transpirant pour femme au parfum propre et frais. &#8211; D\u00e9odorant anti-transpirant sans alcool.<\/span><\/p>","protected":false},"featured_media":16856,"comment_status":"open","ping_status":"closed","template":"","meta":[],"product_brand":[],"product_cat":[79,75,78,80],"product_tag":[209],"class_list":{"0":"post-3108","1":"product","2":"type-product","3":"status-publish","4":"has-post-thumbnail","6":"product_cat-deodorant-f","7":"product_cat-femme","8":"product_cat-parfum-f","9":"product_cat-rexona","10":"product_tag-made-in-pays-bas","12":"first","13":"outofstock","14":"shipping-taxable","15":"purchasable","16":"product-type-simple"},"_links":{"self":[{"href":"https:\/\/cosmeticstoredz.com\/ar\/wp-json\/wp\/v2\/product\/3108","targetHints":{"allow":["GET"]}}],"collection":[{"href":"https:\/\/cosmeticstoredz.com\/ar\/wp-json\/wp\/v2\/product"}],"about":[{"href":"https:\/\/cosmeticstoredz.com\/ar\/wp-json\/wp\/v2\/types\/product"}],"replies":[{"embeddable":true,"href":"https:\/\/cosmeticstoredz.com\/ar\/wp-json\/wp\/v2\/comments?post=3108"}],"version-history":[{"count":1,"href":"https:\/\/cosmeticstoredz.com\/ar\/wp-json\/wp\/v2\/product\/3108\/revisions"}],"predecessor-version":[{"id":16857,"href":"https:\/\/cosmeticstoredz.com\/ar\/wp-json\/wp\/v2\/product\/3108\/revisions\/16857"}],"wp:featuredmedia":[{"embeddable":true,"href":"https:\/\/cosmeticstoredz.com\/ar\/wp-json\/wp\/v2\/media\/16856"}],"wp:attachment":[{"href":"https:\/\/cosmeticstoredz.com\/ar\/wp-json\/wp\/v2\/media?parent=3108"}],"wp:term":[{"taxonomy":"product_brand","embeddable":true,"href":"https:\/\/cosmeticstoredz.com\/ar\/wp-json\/wp\/v2\/product_brand?post=3108"},{"taxonomy":"product_cat","embeddable":true,"href":"https:\/\/cosmeticstoredz.com\/ar\/wp-json\/wp\/v2\/product_cat?post=3108"},{"taxonomy":"product_tag","embeddable":true,"href":"https:\/\/cosmeticstoredz.com\/ar\/wp-json\/wp\/v2\/product_tag?post=3108"}],"curies":[{"name":"wp","href":"https:\/\/api.w.org\/{rel}","templated":true}]}}