{"id":3107,"date":"2025-06-04T18:21:01","date_gmt":"2025-06-04T18:21:01","guid":{"rendered":"https:\/\/test.fitnessworldgym27.com\/?post_type=product&#038;p=3107"},"modified":"2026-03-30T19:27:49","modified_gmt":"2026-03-30T19:27:49","slug":"rexona-deodorant-200ml-sexy-bouquet","status":"publish","type":"product","link":"https:\/\/cosmeticstoredz.com\/ar\/product\/rexona-deodorant-200ml-sexy-bouquet\/","title":{"rendered":"REXONA DEODORANT 200ML SEXY BOUQUET"},"content":{"rendered":"<div class=\"product-detials__desc pd-exp expanded\" data-shrink-height=\"300\">\n<p><strong>D\u00e9odorant rose sexy Rexona\u00a0<\/strong>pour femme, l&rsquo;anti-transpirant Rexona Sexy Bouquet joue un r\u00f4le efficace en absorbant de mani\u00e8re optimale la transpiration, \u00e9limine les odeurs ind\u00e9sirables, et procure \u00e9galement une sensation de fra\u00eecheur durable tout au long de la journ\u00e9e et une grande sensation de propret\u00e9. Il est indispensable dans les soins personnels quotidiens. routine, particuli\u00e8rement Il est doux pour les zones sensibles telles que les aisselles, car il ne contient ni alcool ni allerg\u00e8nes.<\/p>\n<p><strong>Description du produit<\/strong><\/p>\n<ul>\n<li>Nom du produit : D\u00e9odorant Rexona Sexy Pink pour femme.<\/li>\n<li>Marque : Rexona.<\/li>\n<li>Poids : 200 ml.<\/li>\n<li>Type : D\u00e9odorant.<\/li>\n<li>Couleur rose.<\/li>\n<li>Section: Soins personnels.<\/li>\n<li>Utilisation\u00a0: Virtuel uniquement.<\/li>\n<li>Groupe cible : femmes.<\/li>\n<\/ul>\n<p><strong>Caract\u00e9ristiques du produit<\/strong><\/p>\n<ul>\n<li>Laisse une sensation de fra\u00eecheur longue dur\u00e9e<\/li>\n<li>Se d\u00e9barrasser des odeurs corporelles \u00e0 l&rsquo;aide d&rsquo;un flacon roll-on pour une utilisation facile.<\/li>\n<li>Mondialement reconnu pour D\u00e9odorant .<\/li>\n<li>Formul\u00e9e pour contr\u00f4ler la transpiration des aisselles, elle prot\u00e8ge efficacement de la transpiration.<\/li>\n<li>Il joue un r\u00f4le efficace et puissant dans la pr\u00e9vention de la propagation des bact\u00e9ries pour vous permettre de rester frais tout au long de la journ\u00e9e.<\/li>\n<li>Procure une sensation durable de confort et de propret\u00e9<\/li>\n<\/ul>\n<p><strong>Comment utiliser<\/strong><\/p>\n<p>Appliquez le d\u00e9odorant imm\u00e9diatement apr\u00e8s la douche sur une peau s\u00e8che et non hydrat\u00e9e.<\/p>\n<p>Il peut \u00eatre utilis\u00e9 quotidiennement sur une peau propre.<\/p>\n<\/div>\n<div class=\"product-tags clearfix mb-sm-30\"><\/div>","protected":false},"excerpt":{"rendered":"<p><strong>D\u00e9odorant rose sexy Rexona\u00a0<\/strong>pour femme, l&rsquo;anti-transpirant Rexona Sexy Bouquet joue un r\u00f4le efficace en absorbant de mani\u00e8re optimale la transpiration, \u00e9limine les odeurs ind\u00e9sirables, et procure \u00e9galement une sensation de fra\u00eecheur durable tout au long de la journ\u00e9e et une grande sensation de propret\u00e9. Il est indispensable dans les soins personnels quotidiens. routine, particuli\u00e8rement Il est doux pour les zones sensibles telles que les aisselles, car il ne contient ni alcool ni allerg\u00e8nes.<\/p>","protected":false},"featured_media":16854,"comment_status":"open","ping_status":"closed","template":"","meta":[],"product_brand":[],"product_cat":[79,75,80],"product_tag":[209],"class_list":{"0":"post-3107","1":"product","2":"type-product","3":"status-publish","4":"has-post-thumbnail","6":"product_cat-deodorant-f","7":"product_cat-femme","8":"product_cat-rexona","9":"product_tag-made-in-pays-bas","11":"first","12":"instock","13":"shipping-taxable","14":"purchasable","15":"product-type-simple"},"_links":{"self":[{"href":"https:\/\/cosmeticstoredz.com\/ar\/wp-json\/wp\/v2\/product\/3107","targetHints":{"allow":["GET"]}}],"collection":[{"href":"https:\/\/cosmeticstoredz.com\/ar\/wp-json\/wp\/v2\/product"}],"about":[{"href":"https:\/\/cosmeticstoredz.com\/ar\/wp-json\/wp\/v2\/types\/product"}],"replies":[{"embeddable":true,"href":"https:\/\/cosmeticstoredz.com\/ar\/wp-json\/wp\/v2\/comments?post=3107"}],"version-history":[{"count":1,"href":"https:\/\/cosmeticstoredz.com\/ar\/wp-json\/wp\/v2\/product\/3107\/revisions"}],"predecessor-version":[{"id":16855,"href":"https:\/\/cosmeticstoredz.com\/ar\/wp-json\/wp\/v2\/product\/3107\/revisions\/16855"}],"wp:featuredmedia":[{"embeddable":true,"href":"https:\/\/cosmeticstoredz.com\/ar\/wp-json\/wp\/v2\/media\/16854"}],"wp:attachment":[{"href":"https:\/\/cosmeticstoredz.com\/ar\/wp-json\/wp\/v2\/media?parent=3107"}],"wp:term":[{"taxonomy":"product_brand","embeddable":true,"href":"https:\/\/cosmeticstoredz.com\/ar\/wp-json\/wp\/v2\/product_brand?post=3107"},{"taxonomy":"product_cat","embeddable":true,"href":"https:\/\/cosmeticstoredz.com\/ar\/wp-json\/wp\/v2\/product_cat?post=3107"},{"taxonomy":"product_tag","embeddable":true,"href":"https:\/\/cosmeticstoredz.com\/ar\/wp-json\/wp\/v2\/product_tag?post=3107"}],"curies":[{"name":"wp","href":"https:\/\/api.w.org\/{rel}","templated":true}]}}