{"id":3101,"date":"2025-06-04T18:21:01","date_gmt":"2025-06-04T18:21:01","guid":{"rendered":"https:\/\/test.fitnessworldgym27.com\/?post_type=product&#038;p=3101"},"modified":"2026-03-30T19:27:49","modified_gmt":"2026-03-30T19:27:49","slug":"rexona-deodorant-200ml-cotton-dry","status":"publish","type":"product","link":"https:\/\/cosmeticstoredz.com\/ar\/product\/rexona-deodorant-200ml-cotton-dry\/","title":{"rendered":"REXONA DEODORANT 200ML COTTON DRY"},"content":{"rendered":"<p><strong>Rexona Motion Sense D\u00e9odorant Spray 48 Heures 200 ml<\/strong><\/p>\n<p>Soyez confiant avec le d\u00e9odorant antisudorifique Rexona Cotton Dry pour femme.\u00a0\u00c9levez vos pas avec le confort qu&rsquo;il offre.\u00a0Ce spray anti-transpirant vous prot\u00e8ge de la transpiration jusqu&rsquo;\u00e0 48 heures et vous assure un confort optimal lors de vos d\u00e9placements.<\/p>\n<p><strong>Avantages<\/strong>\u00a0:<\/p>\n<p>\u2022 Un parfum l\u00e9ger et rafra\u00eechissant au go\u00fbt floral.\u00a0Cela donne une sensation de s\u00e9cheresse et de confiance en soi.<\/p>\n<p>\u2022 Il prot\u00e8ge des odeurs de sueur pendant 48 heures et vous apporte de la fra\u00eecheur.<\/p>\n<p>\u2022 D\u00e9odorant anti-transpirant<\/p>\n<p>\u2022 Gr\u00e2ce \u00e0 la technologie unique MotionSense\u2122, Rexona offre une hydratation toute la journ\u00e9e \u00e0 chaque mouvement que vous effectuez.<\/p>\n<p>\u2022 Sans alcool (ne contient pas d&rsquo;alcool \u00e9thylique)<\/p>\n<p>\u2022 La premi\u00e8re marque de d\u00e9odorants au monde<\/p>\n<p><strong>Technologie MotionSense de Rexona :<\/strong><\/p>\n<p>La technologie brevet\u00e9e MotionSense vous aide \u00e0 rester au frais afin que vous puissiez franchir la ligne d&rsquo;arriv\u00e9e.\u00a0Les microcapsules sont plac\u00e9es \u00e0 la surface de la peau et sont activ\u00e9es par le mouvement.\u00a0La friction les fait exploser lorsque vous bougez, vous r\u00e9compensant avec un parfum l\u00e9ger et propre.\u00a0Vous \u00eates prot\u00e9g\u00e9 lorsque vous en avez le plus besoin afin que vous puissiez \u00eatre en confiance \u00e0 chaque \u00e9tape du processus, alors n&rsquo;attendez plus.\u00a0Ascenseur lent ?\u00a0Monter les escaliers.\u00a0Vous n&rsquo;avez pas trouv\u00e9 de taxi ?\u00a0Marchez plut\u00f4t.\u00a0Quelle que soit la mani\u00e8re dont vous y parvenez, faites-le avec confort et confiance.<\/p>","protected":false},"excerpt":{"rendered":"<p><strong>Rexona Motion Sense D\u00e9odorant Spray 48 Heures 200 ml<\/strong><\/p>\n<p>Soyez confiant avec le d\u00e9odorant antisudorifique Rexona Cotton Dry pour femme.\u00a0\u00c9levez vos pas avec le confort qu&rsquo;il offre.\u00a0Ce spray anti-transpirant vous prot\u00e8ge de la transpiration jusqu&rsquo;\u00e0 48 heures et vous assure un confort optimal lors de vos d\u00e9placements.<\/p>","protected":false},"featured_media":16842,"comment_status":"open","ping_status":"closed","template":"","meta":[],"product_brand":[],"product_cat":[79,75,80],"product_tag":[209],"class_list":{"0":"post-3101","1":"product","2":"type-product","3":"status-publish","4":"has-post-thumbnail","6":"product_cat-deodorant-f","7":"product_cat-femme","8":"product_cat-rexona","9":"product_tag-made-in-pays-bas","11":"first","12":"instock","13":"shipping-taxable","14":"purchasable","15":"product-type-simple"},"_links":{"self":[{"href":"https:\/\/cosmeticstoredz.com\/ar\/wp-json\/wp\/v2\/product\/3101","targetHints":{"allow":["GET"]}}],"collection":[{"href":"https:\/\/cosmeticstoredz.com\/ar\/wp-json\/wp\/v2\/product"}],"about":[{"href":"https:\/\/cosmeticstoredz.com\/ar\/wp-json\/wp\/v2\/types\/product"}],"replies":[{"embeddable":true,"href":"https:\/\/cosmeticstoredz.com\/ar\/wp-json\/wp\/v2\/comments?post=3101"}],"version-history":[{"count":1,"href":"https:\/\/cosmeticstoredz.com\/ar\/wp-json\/wp\/v2\/product\/3101\/revisions"}],"predecessor-version":[{"id":16843,"href":"https:\/\/cosmeticstoredz.com\/ar\/wp-json\/wp\/v2\/product\/3101\/revisions\/16843"}],"wp:featuredmedia":[{"embeddable":true,"href":"https:\/\/cosmeticstoredz.com\/ar\/wp-json\/wp\/v2\/media\/16842"}],"wp:attachment":[{"href":"https:\/\/cosmeticstoredz.com\/ar\/wp-json\/wp\/v2\/media?parent=3101"}],"wp:term":[{"taxonomy":"product_brand","embeddable":true,"href":"https:\/\/cosmeticstoredz.com\/ar\/wp-json\/wp\/v2\/product_brand?post=3101"},{"taxonomy":"product_cat","embeddable":true,"href":"https:\/\/cosmeticstoredz.com\/ar\/wp-json\/wp\/v2\/product_cat?post=3101"},{"taxonomy":"product_tag","embeddable":true,"href":"https:\/\/cosmeticstoredz.com\/ar\/wp-json\/wp\/v2\/product_tag?post=3101"}],"curies":[{"name":"wp","href":"https:\/\/api.w.org\/{rel}","templated":true}]}}