{"id":3100,"date":"2025-06-04T18:21:01","date_gmt":"2025-06-04T18:21:01","guid":{"rendered":"https:\/\/test.fitnessworldgym27.com\/?post_type=product&#038;p=3100"},"modified":"2026-03-30T19:27:49","modified_gmt":"2026-03-30T19:27:49","slug":"rexona-deodorant-200ml-biorythm","status":"publish","type":"product","link":"https:\/\/cosmeticstoredz.com\/ar\/product\/rexona-deodorant-200ml-biorythm\/","title":{"rendered":"REXONA DEODORANT 200ML BIORYTHM"},"content":{"rendered":"<p class=\"ql-align-justify\"><strong>Rexona Model Purethum Spray anti-transpirant pour femme 200 ml<\/strong><\/p>\n<ul>\n<li class=\"ql-align-justify\">Spray anti-transpirant pour femme avec protection 48 heures,<\/li>\n<li class=\"ql-align-justify\">En plus de pr\u00e9venir la transpiration excessive, il maintient les odeurs corporelles et ne contient pas d&rsquo;alcool.<\/li>\n<li class=\"ql-align-justify\">En gardant vos aisselles au sec, Cool Pink Spray les gardera fra\u00eeches toute la journ\u00e9e.<\/li>\n<li class=\"ql-align-justify\">Il ne laissera aucune trace blanche ou jaune sur les v\u00eatements,<\/li>\n<li class=\"ql-align-justify\">Et vous pouvez commencer vos activit\u00e9s quotidiennes en toute s\u00e9curit\u00e9. L&rsquo;utilisation de ce produit aide \u00e0 ralentir<\/li>\n<li class=\"ql-align-justify\">Pour qu&rsquo;apr\u00e8s chaque activit\u00e9, au lieu de l&rsquo;odeur d\u00e9sagr\u00e9able de la sueur qui vous d\u00e9range, vous et les autres, vous sentiez bon et frais.<\/li>\n<\/ul>\n<h3 class=\"ql-align-justify\">Caract\u00e9ristiques du spray anti-transpirant<\/h3>\n<p class=\"ql-align-justify\"><strong>Caract\u00e9ristiques<\/strong><\/p>\n<ul>\n<li class=\"ql-align-justify\">Antisudorifique<\/li>\n<li class=\"ql-align-justify\">sans alcool<\/li>\n<li class=\"ql-align-justify\">La dur\u00e9e de conservation est de 48 heures<\/li>\n<li class=\"ql-align-justify\">Aucune tache sur les v\u00eatements<\/li>\n<li class=\"ql-align-justify\">Il a un parfum de p\u00eache et de canneberge<\/li>\n<li class=\"ql-align-justify\">Contr\u00f4ler la transpiration<\/li>\n<li class=\"ql-align-justify\">Pas d&rsquo;humidit\u00e9<\/li>\n<\/ul>","protected":false},"excerpt":{"rendered":"<p><strong>Rexona Model Purethum Spray anti-transpirant pour femme 200 ml<\/strong><\/p>\n<p>Spray anti-transpirant pour femme avec protection 48 heures, En plus de pr\u00e9venir la transpiration excessive, il maintient les odeurs corporelles et ne contient pas d&rsquo;alcool, En gardant vos aisselles au sec, Cool Pink Spray les gardera fra\u00eeches toute la journ\u00e9e.<\/p>","protected":false},"featured_media":16840,"comment_status":"open","ping_status":"closed","template":"","meta":[],"product_brand":[],"product_cat":[79,75,80],"product_tag":[209],"class_list":{"0":"post-3100","1":"product","2":"type-product","3":"status-publish","4":"has-post-thumbnail","6":"product_cat-deodorant-f","7":"product_cat-femme","8":"product_cat-rexona","9":"product_tag-made-in-pays-bas","11":"first","12":"instock","13":"shipping-taxable","14":"purchasable","15":"product-type-simple"},"_links":{"self":[{"href":"https:\/\/cosmeticstoredz.com\/ar\/wp-json\/wp\/v2\/product\/3100","targetHints":{"allow":["GET"]}}],"collection":[{"href":"https:\/\/cosmeticstoredz.com\/ar\/wp-json\/wp\/v2\/product"}],"about":[{"href":"https:\/\/cosmeticstoredz.com\/ar\/wp-json\/wp\/v2\/types\/product"}],"replies":[{"embeddable":true,"href":"https:\/\/cosmeticstoredz.com\/ar\/wp-json\/wp\/v2\/comments?post=3100"}],"version-history":[{"count":1,"href":"https:\/\/cosmeticstoredz.com\/ar\/wp-json\/wp\/v2\/product\/3100\/revisions"}],"predecessor-version":[{"id":16841,"href":"https:\/\/cosmeticstoredz.com\/ar\/wp-json\/wp\/v2\/product\/3100\/revisions\/16841"}],"wp:featuredmedia":[{"embeddable":true,"href":"https:\/\/cosmeticstoredz.com\/ar\/wp-json\/wp\/v2\/media\/16840"}],"wp:attachment":[{"href":"https:\/\/cosmeticstoredz.com\/ar\/wp-json\/wp\/v2\/media?parent=3100"}],"wp:term":[{"taxonomy":"product_brand","embeddable":true,"href":"https:\/\/cosmeticstoredz.com\/ar\/wp-json\/wp\/v2\/product_brand?post=3100"},{"taxonomy":"product_cat","embeddable":true,"href":"https:\/\/cosmeticstoredz.com\/ar\/wp-json\/wp\/v2\/product_cat?post=3100"},{"taxonomy":"product_tag","embeddable":true,"href":"https:\/\/cosmeticstoredz.com\/ar\/wp-json\/wp\/v2\/product_tag?post=3100"}],"curies":[{"name":"wp","href":"https:\/\/api.w.org\/{rel}","templated":true}]}}