{"id":3099,"date":"2025-06-04T18:21:01","date_gmt":"2025-06-04T18:21:01","guid":{"rendered":"https:\/\/test.fitnessworldgym27.com\/?post_type=product&#038;p=3099"},"modified":"2026-03-30T19:27:47","modified_gmt":"2026-03-30T19:27:47","slug":"rexona-deodorant-200ml-aloe-vera","status":"publish","type":"product","link":"https:\/\/cosmeticstoredz.com\/ar\/product\/rexona-deodorant-200ml-aloe-vera\/","title":{"rendered":"REXONA DEODORANT 200ML ALOE VERA"},"content":{"rendered":"<p><strong>Spray d\u00e9odorant Rexona \u00e0 l&rsquo;aloe vera<\/strong><\/p>\n<p>Il est tout \u00e0 fait normal que les femmes souffrent d\u2019une peau sensible au niveau des aisselles.\u00a0Il est donc recommand\u00e9 de remplacer le produit et d&rsquo;utiliser un d\u00e9odorant anti-transpirant qui aide \u00e0 r\u00e9duire les irritations cutan\u00e9es.<\/p>\n<ul>\n<li>La formule de Rexona \u00e0 l&rsquo;aloe vera frais et \u00e0 la technologie\u00a0MotionSense\u00a0\u2122 est sp\u00e9cialement con\u00e7ue pour prot\u00e9ger les peaux sensibles.<\/li>\n<li>La technologie MotionSense\u2122 aide \u00e0 lutter contre la transpiration et les odeurs, quelles que soient les conditions.<\/li>\n<li>Le parfum doux et rafra\u00eechissant de l&rsquo;aloe vera vous fait sentir \u00e0 l&rsquo;aise et calme.<\/li>\n<li>MotionSense\u2122 Plus il y a de mouvement, plus il y a de protection.<\/li>\n<li>Technologie brevet\u00e9e Rexona avanc\u00e9e et exclusive.<\/li>\n<li>Il contient des capsules intelligentes qui r\u00e9agissent directement au mouvement.<\/li>\n<li>Prot\u00e8ge des odeurs de sueur pendant 48 heures et apporte de la fra\u00eecheur<\/li>\n<\/ul>","protected":false},"excerpt":{"rendered":"<p><strong>Spray d\u00e9odorant Rexona \u00e0 l&rsquo;aloe vera<\/strong><\/p>\n<p>La formule de Rexona \u00e0 l&rsquo;aloe vera frais et \u00e0 la technologie MotionSense \u2122 est sp\u00e9cialement con\u00e7ue pour prot\u00e9ger les peaux sensibles. Le parfum doux et rafra\u00eechissant de l&rsquo;aloe vera vous fait sentir \u00e0 l&rsquo;aise et calme.<\/p>","protected":false},"featured_media":16838,"comment_status":"closed","ping_status":"closed","template":"","meta":[],"product_brand":[],"product_cat":[79,75,78],"product_tag":[209],"class_list":{"0":"post-3099","1":"product","2":"type-product","3":"status-publish","4":"has-post-thumbnail","6":"product_cat-deodorant-f","7":"product_cat-femme","8":"product_cat-parfum-f","9":"product_tag-made-in-pays-bas","11":"first","12":"instock","13":"shipping-taxable","14":"purchasable","15":"product-type-simple"},"yoast_head":"<!-- This site is optimized with the Yoast SEO plugin v27.3 - https:\/\/yoast.com\/product\/yoast-seo-wordpress\/ -->\n<title>REXONA DEODORANT 200ML ALOE VERA - Cosmetic Store<\/title>\n<meta name=\"robots\" content=\"index, follow, max-snippet:-1, max-image-preview:large, max-video-preview:-1\" \/>\n<link rel=\"canonical\" href=\"https:\/\/cosmeticstoredz.com\/ar\/product\/rexona-deodorant-200ml-aloe-vera\/\" \/>\n<meta property=\"og:locale\" content=\"ar_AR\" \/>\n<meta property=\"og:type\" content=\"article\" \/>\n<meta property=\"og:title\" content=\"REXONA DEODORANT 200ML ALOE VERA - Cosmetic Store\" \/>\n<meta property=\"og:description\" content=\"Spray d\u00e9odorant Rexona \u00e0 l&#039;aloe vera  La formule de Rexona \u00e0 l&#039;aloe vera frais et \u00e0 la technologie MotionSense \u2122 est sp\u00e9cialement con\u00e7ue pour prot\u00e9ger les peaux sensibles. Le parfum doux et rafra\u00eechissant de l&#039;aloe vera vous fait sentir \u00e0 l&#039;aise et calme.\" \/>\n<meta property=\"og:url\" content=\"https:\/\/cosmeticstoredz.com\/ar\/product\/rexona-deodorant-200ml-aloe-vera\/\" \/>\n<meta property=\"og:site_name\" content=\"Cosmetic Store\" \/>\n<meta property=\"article:publisher\" content=\"https:\/\/www.facebook.com\/profile.php?id=61564954260683\" \/>\n<meta property=\"article:modified_time\" content=\"2026-03-30T19:27:47+00:00\" \/>\n<meta property=\"og:image\" content=\"https:\/\/cosmeticstoredz.com\/wp-content\/uploads\/2026\/02\/Design-sans-titre-84-3.png\" \/>\n\t<meta property=\"og:image:width\" content=\"1563\" \/>\n\t<meta property=\"og:image:height\" content=\"1563\" \/>\n\t<meta property=\"og:image:type\" content=\"image\/png\" \/>\n<meta name=\"twitter:card\" content=\"summary_large_image\" \/>\n<meta name=\"twitter:label1\" content=\"\u0648\u0642\u062a \u0627\u0644\u0642\u0631\u0627\u0621\u0629 \u0627\u0644\u0645\u064f\u0642\u062f\u0651\u0631\" \/>\n\t<meta name=\"twitter:data1\" content=\"\u062f\u0642\u064a\u0642\u0629 \u0648\u0627\u062d\u062f\u0629\" \/>\n<script type=\"application\/ld+json\" class=\"yoast-schema-graph\">{\"@context\":\"https:\\\/\\\/schema.org\",\"@graph\":[{\"@type\":\"WebPage\",\"@id\":\"https:\\\/\\\/cosmeticstoredz.com\\\/produit\\\/rexona-deodorant-200ml-aloe-vera\\\/\",\"url\":\"https:\\\/\\\/cosmeticstoredz.com\\\/produit\\\/rexona-deodorant-200ml-aloe-vera\\\/\",\"name\":\"REXONA DEODORANT 200ML ALOE VERA - Cosmetic Store\",\"isPartOf\":{\"@id\":\"https:\\\/\\\/cosmeticstoredz.com\\\/#website\"},\"primaryImageOfPage\":{\"@id\":\"https:\\\/\\\/cosmeticstoredz.com\\\/produit\\\/rexona-deodorant-200ml-aloe-vera\\\/#primaryimage\"},\"image\":{\"@id\":\"https:\\\/\\\/cosmeticstoredz.com\\\/produit\\\/rexona-deodorant-200ml-aloe-vera\\\/#primaryimage\"},\"thumbnailUrl\":\"https:\\\/\\\/cosmeticstoredz.com\\\/wp-content\\\/uploads\\\/2026\\\/02\\\/Design-sans-titre-84-3.png\",\"datePublished\":\"2025-06-04T18:21:01+00:00\",\"dateModified\":\"2026-03-30T19:27:47+00:00\",\"breadcrumb\":{\"@id\":\"https:\\\/\\\/cosmeticstoredz.com\\\/produit\\\/rexona-deodorant-200ml-aloe-vera\\\/#breadcrumb\"},\"inLanguage\":\"ar\",\"potentialAction\":[{\"@type\":\"ReadAction\",\"target\":[\"https:\\\/\\\/cosmeticstoredz.com\\\/produit\\\/rexona-deodorant-200ml-aloe-vera\\\/\"]}]},{\"@type\":\"ImageObject\",\"inLanguage\":\"ar\",\"@id\":\"https:\\\/\\\/cosmeticstoredz.com\\\/produit\\\/rexona-deodorant-200ml-aloe-vera\\\/#primaryimage\",\"url\":\"https:\\\/\\\/cosmeticstoredz.com\\\/wp-content\\\/uploads\\\/2026\\\/02\\\/Design-sans-titre-84-3.png\",\"contentUrl\":\"https:\\\/\\\/cosmeticstoredz.com\\\/wp-content\\\/uploads\\\/2026\\\/02\\\/Design-sans-titre-84-3.png\",\"width\":1563,\"height\":1563},{\"@type\":\"BreadcrumbList\",\"@id\":\"https:\\\/\\\/cosmeticstoredz.com\\\/produit\\\/rexona-deodorant-200ml-aloe-vera\\\/#breadcrumb\",\"itemListElement\":[{\"@type\":\"ListItem\",\"position\":1,\"name\":\"Accueil\",\"item\":\"https:\\\/\\\/cosmeticstoredz.com\\\/\"},{\"@type\":\"ListItem\",\"position\":2,\"name\":\"Boutique\",\"item\":\"https:\\\/\\\/cosmeticstoredz.com\\\/boutique\\\/\"},{\"@type\":\"ListItem\",\"position\":3,\"name\":\"REXONA DEODORANT 200ML ALOE VERA\"}]},{\"@type\":\"WebSite\",\"@id\":\"https:\\\/\\\/cosmeticstoredz.com\\\/#website\",\"url\":\"https:\\\/\\\/cosmeticstoredz.com\\\/\",\"name\":\"Cosmetic Store\",\"description\":\"\",\"publisher\":{\"@id\":\"https:\\\/\\\/cosmeticstoredz.com\\\/#organization\"},\"potentialAction\":[{\"@type\":\"SearchAction\",\"target\":{\"@type\":\"EntryPoint\",\"urlTemplate\":\"https:\\\/\\\/cosmeticstoredz.com\\\/?s={search_term_string}\"},\"query-input\":{\"@type\":\"PropertyValueSpecification\",\"valueRequired\":true,\"valueName\":\"search_term_string\"}}],\"inLanguage\":\"ar\"},{\"@type\":\"Organization\",\"@id\":\"https:\\\/\\\/cosmeticstoredz.com\\\/#organization\",\"name\":\"Cosmetic Store\",\"url\":\"https:\\\/\\\/cosmeticstoredz.com\\\/\",\"logo\":{\"@type\":\"ImageObject\",\"inLanguage\":\"ar\",\"@id\":\"https:\\\/\\\/cosmeticstoredz.com\\\/#\\\/schema\\\/logo\\\/image\\\/\",\"url\":\"https:\\\/\\\/cosmeticstoredz.com\\\/wp-content\\\/uploads\\\/2026\\\/02\\\/cropped-LOGO_CS-512x512-1-1-e1771275285345.webp\",\"contentUrl\":\"https:\\\/\\\/cosmeticstoredz.com\\\/wp-content\\\/uploads\\\/2026\\\/02\\\/cropped-LOGO_CS-512x512-1-1-e1771275285345.webp\",\"width\":265,\"height\":319,\"caption\":\"Cosmetic Store\"},\"image\":{\"@id\":\"https:\\\/\\\/cosmeticstoredz.com\\\/#\\\/schema\\\/logo\\\/image\\\/\"},\"sameAs\":[\"https:\\\/\\\/www.facebook.com\\\/profile.php?id=61564954260683\",\"https:\\\/\\\/www.instagram.com\\\/cosmetic.storedz\\\/\"]}]}<\/script>\n<!-- \/ Yoast SEO plugin. -->","yoast_head_json":{"title":"REXONA DEODORANT 200ML ALOE VERA - Cosmetic Store","robots":{"index":"index","follow":"follow","max-snippet":"max-snippet:-1","max-image-preview":"max-image-preview:large","max-video-preview":"max-video-preview:-1"},"canonical":"https:\/\/cosmeticstoredz.com\/ar\/product\/rexona-deodorant-200ml-aloe-vera\/","og_locale":"ar_AR","og_type":"article","og_title":"REXONA DEODORANT 200ML ALOE VERA - Cosmetic Store","og_description":"Spray d\u00e9odorant Rexona \u00e0 l'aloe vera  La formule de Rexona \u00e0 l'aloe vera frais et \u00e0 la technologie MotionSense \u2122 est sp\u00e9cialement con\u00e7ue pour prot\u00e9ger les peaux sensibles. Le parfum doux et rafra\u00eechissant de l'aloe vera vous fait sentir \u00e0 l'aise et calme.","og_url":"https:\/\/cosmeticstoredz.com\/ar\/product\/rexona-deodorant-200ml-aloe-vera\/","og_site_name":"Cosmetic Store","article_publisher":"https:\/\/www.facebook.com\/profile.php?id=61564954260683","article_modified_time":"2026-03-30T19:27:47+00:00","og_image":[{"width":1563,"height":1563,"url":"https:\/\/cosmeticstoredz.com\/wp-content\/uploads\/2026\/02\/Design-sans-titre-84-3.png","type":"image\/png"}],"twitter_card":"summary_large_image","twitter_misc":{"\u0648\u0642\u062a \u0627\u0644\u0642\u0631\u0627\u0621\u0629 \u0627\u0644\u0645\u064f\u0642\u062f\u0651\u0631":"\u062f\u0642\u064a\u0642\u0629 \u0648\u0627\u062d\u062f\u0629"},"schema":{"@context":"https:\/\/schema.org","@graph":[{"@type":"WebPage","@id":"https:\/\/cosmeticstoredz.com\/produit\/rexona-deodorant-200ml-aloe-vera\/","url":"https:\/\/cosmeticstoredz.com\/produit\/rexona-deodorant-200ml-aloe-vera\/","name":"REXONA DEODORANT 200ML ALOE VERA - Cosmetic Store","isPartOf":{"@id":"https:\/\/cosmeticstoredz.com\/#website"},"primaryImageOfPage":{"@id":"https:\/\/cosmeticstoredz.com\/produit\/rexona-deodorant-200ml-aloe-vera\/#primaryimage"},"image":{"@id":"https:\/\/cosmeticstoredz.com\/produit\/rexona-deodorant-200ml-aloe-vera\/#primaryimage"},"thumbnailUrl":"https:\/\/cosmeticstoredz.com\/wp-content\/uploads\/2026\/02\/Design-sans-titre-84-3.png","datePublished":"2025-06-04T18:21:01+00:00","dateModified":"2026-03-30T19:27:47+00:00","breadcrumb":{"@id":"https:\/\/cosmeticstoredz.com\/produit\/rexona-deodorant-200ml-aloe-vera\/#breadcrumb"},"inLanguage":"ar","potentialAction":[{"@type":"ReadAction","target":["https:\/\/cosmeticstoredz.com\/produit\/rexona-deodorant-200ml-aloe-vera\/"]}]},{"@type":"ImageObject","inLanguage":"ar","@id":"https:\/\/cosmeticstoredz.com\/produit\/rexona-deodorant-200ml-aloe-vera\/#primaryimage","url":"https:\/\/cosmeticstoredz.com\/wp-content\/uploads\/2026\/02\/Design-sans-titre-84-3.png","contentUrl":"https:\/\/cosmeticstoredz.com\/wp-content\/uploads\/2026\/02\/Design-sans-titre-84-3.png","width":1563,"height":1563},{"@type":"BreadcrumbList","@id":"https:\/\/cosmeticstoredz.com\/produit\/rexona-deodorant-200ml-aloe-vera\/#breadcrumb","itemListElement":[{"@type":"ListItem","position":1,"name":"Accueil","item":"https:\/\/cosmeticstoredz.com\/"},{"@type":"ListItem","position":2,"name":"Boutique","item":"https:\/\/cosmeticstoredz.com\/boutique\/"},{"@type":"ListItem","position":3,"name":"REXONA DEODORANT 200ML ALOE VERA"}]},{"@type":"WebSite","@id":"https:\/\/cosmeticstoredz.com\/#website","url":"https:\/\/cosmeticstoredz.com\/","name":"Cosmetic Store","description":"","publisher":{"@id":"https:\/\/cosmeticstoredz.com\/#organization"},"potentialAction":[{"@type":"SearchAction","target":{"@type":"EntryPoint","urlTemplate":"https:\/\/cosmeticstoredz.com\/?s={search_term_string}"},"query-input":{"@type":"PropertyValueSpecification","valueRequired":true,"valueName":"search_term_string"}}],"inLanguage":"ar"},{"@type":"Organization","@id":"https:\/\/cosmeticstoredz.com\/#organization","name":"Cosmetic Store","url":"https:\/\/cosmeticstoredz.com\/","logo":{"@type":"ImageObject","inLanguage":"ar","@id":"https:\/\/cosmeticstoredz.com\/#\/schema\/logo\/image\/","url":"https:\/\/cosmeticstoredz.com\/wp-content\/uploads\/2026\/02\/cropped-LOGO_CS-512x512-1-1-e1771275285345.webp","contentUrl":"https:\/\/cosmeticstoredz.com\/wp-content\/uploads\/2026\/02\/cropped-LOGO_CS-512x512-1-1-e1771275285345.webp","width":265,"height":319,"caption":"Cosmetic Store"},"image":{"@id":"https:\/\/cosmeticstoredz.com\/#\/schema\/logo\/image\/"},"sameAs":["https:\/\/www.facebook.com\/profile.php?id=61564954260683","https:\/\/www.instagram.com\/cosmetic.storedz\/"]}]}},"_links":{"self":[{"href":"https:\/\/cosmeticstoredz.com\/ar\/wp-json\/wp\/v2\/product\/3099","targetHints":{"allow":["GET"]}}],"collection":[{"href":"https:\/\/cosmeticstoredz.com\/ar\/wp-json\/wp\/v2\/product"}],"about":[{"href":"https:\/\/cosmeticstoredz.com\/ar\/wp-json\/wp\/v2\/types\/product"}],"replies":[{"embeddable":true,"href":"https:\/\/cosmeticstoredz.com\/ar\/wp-json\/wp\/v2\/comments?post=3099"}],"version-history":[{"count":1,"href":"https:\/\/cosmeticstoredz.com\/ar\/wp-json\/wp\/v2\/product\/3099\/revisions"}],"predecessor-version":[{"id":16839,"href":"https:\/\/cosmeticstoredz.com\/ar\/wp-json\/wp\/v2\/product\/3099\/revisions\/16839"}],"wp:featuredmedia":[{"embeddable":true,"href":"https:\/\/cosmeticstoredz.com\/ar\/wp-json\/wp\/v2\/media\/16838"}],"wp:attachment":[{"href":"https:\/\/cosmeticstoredz.com\/ar\/wp-json\/wp\/v2\/media?parent=3099"}],"wp:term":[{"taxonomy":"product_brand","embeddable":true,"href":"https:\/\/cosmeticstoredz.com\/ar\/wp-json\/wp\/v2\/product_brand?post=3099"},{"taxonomy":"product_cat","embeddable":true,"href":"https:\/\/cosmeticstoredz.com\/ar\/wp-json\/wp\/v2\/product_cat?post=3099"},{"taxonomy":"product_tag","embeddable":true,"href":"https:\/\/cosmeticstoredz.com\/ar\/wp-json\/wp\/v2\/product_tag?post=3099"}],"curies":[{"name":"wp","href":"https:\/\/api.w.org\/{rel}","templated":true}]}}