{"id":3079,"date":"2025-06-04T18:20:39","date_gmt":"2025-06-04T18:20:39","guid":{"rendered":"https:\/\/test.fitnessworldgym27.com\/?post_type=product&#038;p=3079"},"modified":"2026-03-30T19:27:45","modified_gmt":"2026-03-30T19:27:45","slug":"protellisse-shampoing-sans-sulfate-400m-vitamine-e","status":"publish","type":"product","link":"https:\/\/cosmeticstoredz.com\/ar\/product\/protellisse-shampoing-sans-sulfate-400m-vitamine-e\/","title":{"rendered":"PROTELLISSE SHAMPOING SANS SULFATE  400M VITAMINE E"},"content":{"rendered":"<p>Pourquoi Faut-il utiliser un shampoing sans sulfate ?<\/p>\n<p>Il vous d\u00e9barrassera du surplus de s\u00e9bum sans ass\u00e9cher votre cuir chevelu. Ce shampoing sans sulfate pr\u00e9vient la chute des cheveux imput\u00e9e \u00e0 la sursollicitation des glandes s\u00e9bac\u00e9es.<\/p>","protected":false},"excerpt":{"rendered":"<p>Pourquoi Faut-il utiliser un shampoing sans sulfate ? Il vous d\u00e9barrassera du surplus de s\u00e9bum sans ass\u00e9cher votre cuir chevelu.<\/p>","protected":false},"featured_media":16834,"comment_status":"open","ping_status":"closed","template":"","meta":[],"product_brand":[],"product_cat":[160,75,255,95],"product_tag":[90],"class_list":{"0":"post-3079","1":"product","2":"type-product","3":"status-publish","4":"has-post-thumbnail","6":"product_cat-apres-shampoing-f","7":"product_cat-femme","8":"product_cat-protelisse","9":"product_cat-soin-cheveux-f","10":"product_tag-made-in-algeria","12":"first","13":"instock","14":"shipping-taxable","15":"purchasable","16":"product-type-simple"},"_links":{"self":[{"href":"https:\/\/cosmeticstoredz.com\/ar\/wp-json\/wp\/v2\/product\/3079","targetHints":{"allow":["GET"]}}],"collection":[{"href":"https:\/\/cosmeticstoredz.com\/ar\/wp-json\/wp\/v2\/product"}],"about":[{"href":"https:\/\/cosmeticstoredz.com\/ar\/wp-json\/wp\/v2\/types\/product"}],"replies":[{"embeddable":true,"href":"https:\/\/cosmeticstoredz.com\/ar\/wp-json\/wp\/v2\/comments?post=3079"}],"version-history":[{"count":1,"href":"https:\/\/cosmeticstoredz.com\/ar\/wp-json\/wp\/v2\/product\/3079\/revisions"}],"predecessor-version":[{"id":16835,"href":"https:\/\/cosmeticstoredz.com\/ar\/wp-json\/wp\/v2\/product\/3079\/revisions\/16835"}],"wp:featuredmedia":[{"embeddable":true,"href":"https:\/\/cosmeticstoredz.com\/ar\/wp-json\/wp\/v2\/media\/16834"}],"wp:attachment":[{"href":"https:\/\/cosmeticstoredz.com\/ar\/wp-json\/wp\/v2\/media?parent=3079"}],"wp:term":[{"taxonomy":"product_brand","embeddable":true,"href":"https:\/\/cosmeticstoredz.com\/ar\/wp-json\/wp\/v2\/product_brand?post=3079"},{"taxonomy":"product_cat","embeddable":true,"href":"https:\/\/cosmeticstoredz.com\/ar\/wp-json\/wp\/v2\/product_cat?post=3079"},{"taxonomy":"product_tag","embeddable":true,"href":"https:\/\/cosmeticstoredz.com\/ar\/wp-json\/wp\/v2\/product_tag?post=3079"}],"curies":[{"name":"wp","href":"https:\/\/api.w.org\/{rel}","templated":true}]}}