{"id":3078,"date":"2025-06-04T18:20:39","date_gmt":"2025-06-04T18:20:39","guid":{"rendered":"https:\/\/test.fitnessworldgym27.com\/?post_type=product&#038;p=3078"},"modified":"2026-04-06T10:59:37","modified_gmt":"2026-04-06T10:59:37","slug":"protellisse-shampoing-sans-sulfate-400-vitamine-b5","status":"publish","type":"product","link":"https:\/\/cosmeticstoredz.com\/ar\/product\/protellisse-shampoing-sans-sulfate-400-vitamine-b5\/","title":{"rendered":"PROTELLISSE SHAMPOING SANS SULFATE 400 VITAMINE B5"},"content":{"rendered":"<p>Descriptions<\/p>\n<p>ans Sulfate destin\u00e9 aux cheveux fatigu\u00e9s, ce shampoing stimule le bulbe pilaire, renforce la K\u00e9ratine et stimule la croissance des cheveux gr\u00e2ce \u00e0 l\u2019action combin\u00e9e de la Quinina et de la Vitamine B5. C\u2019est un v\u00e9ritable concentr\u00e9 de soins traitant contre la chute des cheveux, qui traite efficacement et en douceur vos probl\u00e8mes de chute. Sa base lavante respecte la nature des cheveux et facilite le d\u00e9m\u00ealage.Conseils d\u2019utilisation<\/p>\n<p>Appliquer sur cheveux mouill\u00e9s et masser doucement<\/p>","protected":false},"excerpt":{"rendered":"<p>Descriptions ans Sulfate destin\u00e9 aux cheveux fatigu\u00e9s, ce shampoing stimule le bulbe pilaire, renforce la K\u00e9ratine et stimule la croissance<\/p>","protected":false},"featured_media":16832,"comment_status":"open","ping_status":"closed","template":"","meta":[],"product_brand":[],"product_cat":[75,111,95],"product_tag":[90],"class_list":{"0":"post-3078","1":"product","2":"type-product","3":"status-publish","4":"has-post-thumbnail","6":"product_cat-femme","7":"product_cat-shampoing-f","8":"product_cat-soin-cheveux-f","9":"product_tag-made-in-algeria","11":"first","12":"outofstock","13":"shipping-taxable","14":"purchasable","15":"product-type-simple"},"_links":{"self":[{"href":"https:\/\/cosmeticstoredz.com\/ar\/wp-json\/wp\/v2\/product\/3078","targetHints":{"allow":["GET"]}}],"collection":[{"href":"https:\/\/cosmeticstoredz.com\/ar\/wp-json\/wp\/v2\/product"}],"about":[{"href":"https:\/\/cosmeticstoredz.com\/ar\/wp-json\/wp\/v2\/types\/product"}],"replies":[{"embeddable":true,"href":"https:\/\/cosmeticstoredz.com\/ar\/wp-json\/wp\/v2\/comments?post=3078"}],"version-history":[{"count":1,"href":"https:\/\/cosmeticstoredz.com\/ar\/wp-json\/wp\/v2\/product\/3078\/revisions"}],"predecessor-version":[{"id":16833,"href":"https:\/\/cosmeticstoredz.com\/ar\/wp-json\/wp\/v2\/product\/3078\/revisions\/16833"}],"wp:featuredmedia":[{"embeddable":true,"href":"https:\/\/cosmeticstoredz.com\/ar\/wp-json\/wp\/v2\/media\/16832"}],"wp:attachment":[{"href":"https:\/\/cosmeticstoredz.com\/ar\/wp-json\/wp\/v2\/media?parent=3078"}],"wp:term":[{"taxonomy":"product_brand","embeddable":true,"href":"https:\/\/cosmeticstoredz.com\/ar\/wp-json\/wp\/v2\/product_brand?post=3078"},{"taxonomy":"product_cat","embeddable":true,"href":"https:\/\/cosmeticstoredz.com\/ar\/wp-json\/wp\/v2\/product_cat?post=3078"},{"taxonomy":"product_tag","embeddable":true,"href":"https:\/\/cosmeticstoredz.com\/ar\/wp-json\/wp\/v2\/product_tag?post=3078"}],"curies":[{"name":"wp","href":"https:\/\/api.w.org\/{rel}","templated":true}]}}