{"id":3075,"date":"2025-06-04T18:20:39","date_gmt":"2025-06-04T18:20:39","guid":{"rendered":"https:\/\/test.fitnessworldgym27.com\/?post_type=product&#038;p=3075"},"modified":"2026-03-30T19:27:45","modified_gmt":"2026-03-30T19:27:45","slug":"protellisse-ashampoing-sans-sulfate-400-vitamineb5","status":"publish","type":"product","link":"https:\/\/cosmeticstoredz.com\/ar\/product\/protellisse-ashampoing-sans-sulfate-400-vitamineb5\/","title":{"rendered":"PROTELLISSE ASHAMPOING SANS SULFATE 400 VITAMINEB5"},"content":{"rendered":"<div class=\"kb0PBd cvP2Ce jGGQ5e\" data-snf=\"x5WNvb\" data-snhf=\"0\">\n<div class=\"P8ujBc v5yQqb jqWpsc\">\n<div class=\"y0NFKc\">\n<div class=\"oewGkc LeUQr Va3FIb EE3Upf\" role=\"heading\">\n<div class=\"v7jaNc ynAwRc MBeuO q8U8x oewGkc LeUQr htnRc\" role=\"link\">Protellisse &#8211; Avec ce duo, tout est possible! La gamme&#8230;<\/div>\n<\/div>\n<\/div>\n<div class=\"ZD9zO\">\n<div>\n<div>\n<div data-id=\"zephyr-w-https:\/\/m.facebook.com\/story.php?story_fbid=1855264287963517&amp;id=1021426828013938\">\n<div>\n<div role=\"button\" data-viewer-entrypoint=\"1\" data-ved=\"2ahUKEwiAsee6h42EAxUMT6QEHZ7oCiIQu5wMegQIJhAI\">\n<div>\n<div class=\"iTPLzd cB4NFc Aajd3 lUn2nc\" aria-label=\"\u00c0 propos de ce r\u00e9sultat\"><\/div>\n<\/div>\n<\/div>\n<\/div>\n<\/div>\n<\/div>\n<\/div>\n<\/div>\n<\/div>\n<\/div>\n<div class=\"OjFzvd\" data-sncf=\"1\">\n<div class=\"kb0PBd cvP2Ce A9Y9g\" data-snf=\"nke7rc\">\n<div class=\"VwiC3b r025kc hJNv6b\">La gamme #Collection prot\u00e9in\u00e9s avec Vitamine B5 rend vos #cheveux plus r\u00e9sistants de la racine jusqu&rsquo;aux pointes.<\/div>\n<\/div>\n<\/div>","protected":false},"excerpt":{"rendered":"<p>Protellisse &#8211; Avec ce duo, tout est possible! La gamme&#8230; La gamme #Collection prot\u00e9in\u00e9s avec Vitamine B5 rend vos #cheveux<\/p>","protected":false},"featured_media":16826,"comment_status":"open","ping_status":"closed","template":"","meta":[],"product_brand":[],"product_cat":[160,75,255,95],"product_tag":[90],"class_list":{"0":"post-3075","1":"product","2":"type-product","3":"status-publish","4":"has-post-thumbnail","6":"product_cat-apres-shampoing-f","7":"product_cat-femme","8":"product_cat-protelisse","9":"product_cat-soin-cheveux-f","10":"product_tag-made-in-algeria","12":"first","13":"instock","14":"shipping-taxable","15":"purchasable","16":"product-type-simple"},"_links":{"self":[{"href":"https:\/\/cosmeticstoredz.com\/ar\/wp-json\/wp\/v2\/product\/3075","targetHints":{"allow":["GET"]}}],"collection":[{"href":"https:\/\/cosmeticstoredz.com\/ar\/wp-json\/wp\/v2\/product"}],"about":[{"href":"https:\/\/cosmeticstoredz.com\/ar\/wp-json\/wp\/v2\/types\/product"}],"replies":[{"embeddable":true,"href":"https:\/\/cosmeticstoredz.com\/ar\/wp-json\/wp\/v2\/comments?post=3075"}],"version-history":[{"count":1,"href":"https:\/\/cosmeticstoredz.com\/ar\/wp-json\/wp\/v2\/product\/3075\/revisions"}],"predecessor-version":[{"id":16827,"href":"https:\/\/cosmeticstoredz.com\/ar\/wp-json\/wp\/v2\/product\/3075\/revisions\/16827"}],"wp:featuredmedia":[{"embeddable":true,"href":"https:\/\/cosmeticstoredz.com\/ar\/wp-json\/wp\/v2\/media\/16826"}],"wp:attachment":[{"href":"https:\/\/cosmeticstoredz.com\/ar\/wp-json\/wp\/v2\/media?parent=3075"}],"wp:term":[{"taxonomy":"product_brand","embeddable":true,"href":"https:\/\/cosmeticstoredz.com\/ar\/wp-json\/wp\/v2\/product_brand?post=3075"},{"taxonomy":"product_cat","embeddable":true,"href":"https:\/\/cosmeticstoredz.com\/ar\/wp-json\/wp\/v2\/product_cat?post=3075"},{"taxonomy":"product_tag","embeddable":true,"href":"https:\/\/cosmeticstoredz.com\/ar\/wp-json\/wp\/v2\/product_tag?post=3075"}],"curies":[{"name":"wp","href":"https:\/\/api.w.org\/{rel}","templated":true}]}}