{"id":3074,"date":"2025-06-04T18:20:39","date_gmt":"2025-06-04T18:20:39","guid":{"rendered":"https:\/\/test.fitnessworldgym27.com\/?post_type=product&#038;p=3074"},"modified":"2026-03-30T19:27:44","modified_gmt":"2026-03-30T19:27:44","slug":"protellisse-ashampoing-sans-sulfate-400-vitamine-e","status":"publish","type":"product","link":"https:\/\/cosmeticstoredz.com\/ar\/product\/protellisse-ashampoing-sans-sulfate-400-vitamine-e\/","title":{"rendered":"PROTELLISSE ASHAMPOING SANS SULFATE 400 VITAMINE E"},"content":{"rendered":"<div data-hveid=\"CE0QAQ\">\n<div class=\"dnXCYb\" role=\"button\" aria-controls=\"_bfLAZcSbJoeNkdUPlMil6AM_53\" aria-expanded=\"true\">\n<div class=\"JlqpRe\"><span class=\"JCzEY ZwRhJd\"><span class=\"CSkcDe\">Pourquoi utiliser un shampooing sans sulfate ?<\/span><\/span><\/div>\n<\/div>\n<\/div>\n<div id=\"_bfLAZcSbJoeNkdUPlMil6AM_53\" class=\"bCOlv\" data-ved=\"2ahUKEwiEhqWZtpSEAxWHRqQEHRRkCT0Q7NUEegQITRAE\">\n<div class=\"IZE3Td\">\n<div class=\"t0bRye r2fjmd\" data-hveid=\"CE0QBQ\" data-ved=\"2ahUKEwiEhqWZtpSEAxWHRqQEHRRkCT0Qu04oAHoECE0QBQ\">\n<div id=\"bfLAZcSbJoeNkdUPlMil6AM__87\">\n<div class=\"wDYxhc\" data-md=\"61\">\n<div class=\"LGOjhe\" role=\"heading\" data-attrid=\"wa:\/description\" data-hveid=\"CFAQAA\"><span class=\"ILfuVd\" lang=\"fr\"><span class=\"hgKElc\">Un\u00a0<b>shampoing sans sulfate<\/b>\u00a0est salvateur. Doux et hydratant, il vous pr\u00e9munit ainsi contre les multiples effets pervers de ces substances Les cheveux sont en effet moins r\u00eaches et fourchus, ils semblent se r\u00e9g\u00e9n\u00e9rer. De plus, le cuir chevelu est respect\u00e9, les racines se d\u00e9partissent de l&rsquo;exc\u00e8s de s\u00e9bum.<\/span><\/span><\/div>\n<\/div>\n<\/div>\n<\/div>\n<\/div>\n<\/div>","protected":false},"excerpt":{"rendered":"<p>Pourquoi utiliser un shampooing sans sulfate ? Un\u00a0shampoing sans sulfate\u00a0est salvateur. Doux et hydratant, il vous pr\u00e9munit ainsi contre les<\/p>","protected":false},"featured_media":16824,"comment_status":"open","ping_status":"closed","template":"","meta":[],"product_brand":[],"product_cat":[160,75,255,95],"product_tag":[90],"class_list":{"0":"post-3074","1":"product","2":"type-product","3":"status-publish","4":"has-post-thumbnail","6":"product_cat-apres-shampoing-f","7":"product_cat-femme","8":"product_cat-protelisse","9":"product_cat-soin-cheveux-f","10":"product_tag-made-in-algeria","12":"first","13":"instock","14":"shipping-taxable","15":"purchasable","16":"product-type-simple"},"_links":{"self":[{"href":"https:\/\/cosmeticstoredz.com\/ar\/wp-json\/wp\/v2\/product\/3074","targetHints":{"allow":["GET"]}}],"collection":[{"href":"https:\/\/cosmeticstoredz.com\/ar\/wp-json\/wp\/v2\/product"}],"about":[{"href":"https:\/\/cosmeticstoredz.com\/ar\/wp-json\/wp\/v2\/types\/product"}],"replies":[{"embeddable":true,"href":"https:\/\/cosmeticstoredz.com\/ar\/wp-json\/wp\/v2\/comments?post=3074"}],"version-history":[{"count":1,"href":"https:\/\/cosmeticstoredz.com\/ar\/wp-json\/wp\/v2\/product\/3074\/revisions"}],"predecessor-version":[{"id":16825,"href":"https:\/\/cosmeticstoredz.com\/ar\/wp-json\/wp\/v2\/product\/3074\/revisions\/16825"}],"wp:featuredmedia":[{"embeddable":true,"href":"https:\/\/cosmeticstoredz.com\/ar\/wp-json\/wp\/v2\/media\/16824"}],"wp:attachment":[{"href":"https:\/\/cosmeticstoredz.com\/ar\/wp-json\/wp\/v2\/media?parent=3074"}],"wp:term":[{"taxonomy":"product_brand","embeddable":true,"href":"https:\/\/cosmeticstoredz.com\/ar\/wp-json\/wp\/v2\/product_brand?post=3074"},{"taxonomy":"product_cat","embeddable":true,"href":"https:\/\/cosmeticstoredz.com\/ar\/wp-json\/wp\/v2\/product_cat?post=3074"},{"taxonomy":"product_tag","embeddable":true,"href":"https:\/\/cosmeticstoredz.com\/ar\/wp-json\/wp\/v2\/product_tag?post=3074"}],"curies":[{"name":"wp","href":"https:\/\/api.w.org\/{rel}","templated":true}]}}