{"id":3068,"date":"2025-06-04T18:20:39","date_gmt":"2025-06-04T18:20:39","guid":{"rendered":"https:\/\/test.fitnessworldgym27.com\/?post_type=product&#038;p=3068"},"modified":"2026-03-30T19:27:36","modified_gmt":"2026-03-30T19:27:36","slug":"petrole-hahn-shp-250ml-vitalite","status":"publish","type":"product","link":"https:\/\/cosmeticstoredz.com\/ar\/product\/petrole-hahn-shp-250ml-vitalite\/","title":{"rendered":"PETROLE HAHN SHP 250ML VITALITE"},"content":{"rendered":"<p>Formule \u00e0 95% d&rsquo;ingr\u00e9dients d&rsquo;origine naturelle, enrichie en Pro-Vitamine B5, un actif qui renforce vos cheveux d\u00e8s la racine. Les huiles essentielles de Citrus combinent action dynamisante et plaisir. Vos cheveux sont plus forts d\u00e8s la racine, ils sont parfaitement prot\u00e9g\u00e9s, brillants et faciles \u00e0 coiffer. Formule test\u00e9e dermatologiquement.<\/p>","protected":false},"excerpt":{"rendered":"<p>Formule \u00e0 95% d&rsquo;ingr\u00e9dients d&rsquo;origine naturelle, enrichie en Pro-Vitamine B5, un actif qui renforce vos cheveux d\u00e8s la racine. Les huiles essentielles de Citrus combinent action dynamisante et plaisir. Vos cheveux sont plus forts d\u00e8s la racine, ils sont parfaitement prot\u00e9g\u00e9s, brillants et faciles \u00e0 coiffer. Formule test\u00e9e dermatologiquement.<\/p>","protected":false},"featured_media":16812,"comment_status":"open","ping_status":"closed","template":"","meta":[],"product_brand":[],"product_cat":[75,72,254,111,159,95],"product_tag":[125],"class_list":{"0":"post-3068","1":"product","2":"type-product","3":"status-publish","4":"has-post-thumbnail","6":"product_cat-femme","7":"product_cat-homme","8":"product_cat-petrole-hahn","9":"product_cat-shampoing-f","10":"product_cat-shampoing-h","11":"product_cat-soin-cheveux-f","12":"product_tag-made-in-france","14":"first","15":"instock","16":"shipping-taxable","17":"purchasable","18":"product-type-simple"},"_links":{"self":[{"href":"https:\/\/cosmeticstoredz.com\/ar\/wp-json\/wp\/v2\/product\/3068","targetHints":{"allow":["GET"]}}],"collection":[{"href":"https:\/\/cosmeticstoredz.com\/ar\/wp-json\/wp\/v2\/product"}],"about":[{"href":"https:\/\/cosmeticstoredz.com\/ar\/wp-json\/wp\/v2\/types\/product"}],"replies":[{"embeddable":true,"href":"https:\/\/cosmeticstoredz.com\/ar\/wp-json\/wp\/v2\/comments?post=3068"}],"version-history":[{"count":1,"href":"https:\/\/cosmeticstoredz.com\/ar\/wp-json\/wp\/v2\/product\/3068\/revisions"}],"predecessor-version":[{"id":16813,"href":"https:\/\/cosmeticstoredz.com\/ar\/wp-json\/wp\/v2\/product\/3068\/revisions\/16813"}],"wp:featuredmedia":[{"embeddable":true,"href":"https:\/\/cosmeticstoredz.com\/ar\/wp-json\/wp\/v2\/media\/16812"}],"wp:attachment":[{"href":"https:\/\/cosmeticstoredz.com\/ar\/wp-json\/wp\/v2\/media?parent=3068"}],"wp:term":[{"taxonomy":"product_brand","embeddable":true,"href":"https:\/\/cosmeticstoredz.com\/ar\/wp-json\/wp\/v2\/product_brand?post=3068"},{"taxonomy":"product_cat","embeddable":true,"href":"https:\/\/cosmeticstoredz.com\/ar\/wp-json\/wp\/v2\/product_cat?post=3068"},{"taxonomy":"product_tag","embeddable":true,"href":"https:\/\/cosmeticstoredz.com\/ar\/wp-json\/wp\/v2\/product_tag?post=3068"}],"curies":[{"name":"wp","href":"https:\/\/api.w.org\/{rel}","templated":true}]}}