{"id":3067,"date":"2025-06-04T18:20:39","date_gmt":"2025-06-04T18:20:39","guid":{"rendered":"https:\/\/test.fitnessworldgym27.com\/?post_type=product&#038;p=3067"},"modified":"2026-04-01T21:09:39","modified_gmt":"2026-04-01T21:09:39","slug":"petrole-hahn-shp-250ml-resistance","status":"publish","type":"product","link":"https:\/\/cosmeticstoredz.com\/ar\/product\/petrole-hahn-shp-250ml-resistance\/","title":{"rendered":"PETROLE HAHN SHP 250ML RESISTANCE"},"content":{"rendered":"<p>&nbsp;<\/p>\n<ul class=\"a-unordered-list a-vertical a-spacing-mini\">\n<li class=\"a-spacing-mini\"><span class=\"a-list-item\">S<\/span><span class=\"a-list-item\">hampooing con\u00e7u pour les cheveux en situation de chute.<\/span><\/li>\n<li class=\"a-spacing-mini\"><span class=\"a-list-item\">Revitalise et renforce vos cheveux.<\/span><\/li>\n<li class=\"a-spacing-mini\"><span class=\"a-list-item\">Assainit le cuir chevelu.<\/span><\/li>\n<li class=\"a-spacing-mini\"><span class=\"a-list-item\">Formule contenant du TrichodynTM, un actif anti-chute, stimulant et protecteur du follicule pileux, qui aide \u00e0 lutter contre les principales causes de la chute des cheveux.<\/span><\/li>\n<li class=\"a-spacing-mini\"><span class=\"a-list-item\">P\u00e9trole Hahn a s\u00e9lectionn\u00e9 l\u2019huile essentielle de thym pour ses vertus bienfaisantes et son parfum stimulant.<\/span><\/li>\n<\/ul>","protected":false},"excerpt":{"rendered":"<p>Shampooing Anti-Chute,\u00a0revitalise les cheveux. Le cuir chevelu est tonifi\u00e9 et les cheveux sont renforc\u00e9s, ils sont plus r\u00e9sistants.<\/p>","protected":false},"featured_media":16810,"comment_status":"open","ping_status":"closed","template":"","meta":[],"product_brand":[],"product_cat":[75,254,111,159,95,92],"product_tag":[90],"class_list":{"0":"post-3067","1":"product","2":"type-product","3":"status-publish","4":"has-post-thumbnail","6":"product_cat-femme","7":"product_cat-petrole-hahn","8":"product_cat-shampoing-f","9":"product_cat-shampoing-h","10":"product_cat-soin-cheveux-f","11":"product_cat-soin-cheveux-h","12":"product_tag-made-in-algeria","14":"first","15":"instock","16":"shipping-taxable","17":"purchasable","18":"product-type-simple"},"_links":{"self":[{"href":"https:\/\/cosmeticstoredz.com\/ar\/wp-json\/wp\/v2\/product\/3067","targetHints":{"allow":["GET"]}}],"collection":[{"href":"https:\/\/cosmeticstoredz.com\/ar\/wp-json\/wp\/v2\/product"}],"about":[{"href":"https:\/\/cosmeticstoredz.com\/ar\/wp-json\/wp\/v2\/types\/product"}],"replies":[{"embeddable":true,"href":"https:\/\/cosmeticstoredz.com\/ar\/wp-json\/wp\/v2\/comments?post=3067"}],"version-history":[{"count":1,"href":"https:\/\/cosmeticstoredz.com\/ar\/wp-json\/wp\/v2\/product\/3067\/revisions"}],"predecessor-version":[{"id":16811,"href":"https:\/\/cosmeticstoredz.com\/ar\/wp-json\/wp\/v2\/product\/3067\/revisions\/16811"}],"wp:featuredmedia":[{"embeddable":true,"href":"https:\/\/cosmeticstoredz.com\/ar\/wp-json\/wp\/v2\/media\/16810"}],"wp:attachment":[{"href":"https:\/\/cosmeticstoredz.com\/ar\/wp-json\/wp\/v2\/media?parent=3067"}],"wp:term":[{"taxonomy":"product_brand","embeddable":true,"href":"https:\/\/cosmeticstoredz.com\/ar\/wp-json\/wp\/v2\/product_brand?post=3067"},{"taxonomy":"product_cat","embeddable":true,"href":"https:\/\/cosmeticstoredz.com\/ar\/wp-json\/wp\/v2\/product_cat?post=3067"},{"taxonomy":"product_tag","embeddable":true,"href":"https:\/\/cosmeticstoredz.com\/ar\/wp-json\/wp\/v2\/product_tag?post=3067"}],"curies":[{"name":"wp","href":"https:\/\/api.w.org\/{rel}","templated":true}]}}