{"id":3065,"date":"2025-06-04T18:20:39","date_gmt":"2025-06-04T18:20:39","guid":{"rendered":"https:\/\/test.fitnessworldgym27.com\/?post_type=product&#038;p=3065"},"modified":"2026-03-30T19:27:36","modified_gmt":"2026-03-30T19:27:36","slug":"petrole-hahn-shp-250ml-classique","status":"publish","type":"product","link":"https:\/\/cosmeticstoredz.com\/ar\/product\/petrole-hahn-shp-250ml-classique\/","title":{"rendered":"PETROLE HAHN SHP 250ML CLASSIQUE"},"content":{"rendered":"<div class=\"product-content__title\">\n<p class=\"c-text c-text--size-m c-text--style-p c-text--bold\" data-v-66cc25a1=\"\"><strong>Description :<\/strong><\/p>\n<\/div>\n<p class=\"c-text c-text--size-m c-text--style-p\" data-v-66cc25a1=\"\">shampooings antipelliculaires P\u00e9trole Hahn ont des formules haute performance, \u00e0 l&rsquo;efficacit\u00e9 prouv\u00e9e qui \u00e9liminent durablement et d\u00e8s la 1e utilisation 100% des pellicules.<\/p>\n<div class=\"product-content__title\">\n<p class=\"c-text c-text--size-m c-text--style-p c-text--bold\" data-v-66cc25a1=\"\"><strong>Ingr\u00e9dients et allerg\u00e8ne :<\/strong><\/p>\n<\/div>\n<p class=\"c-text c-text--size-m c-text--style-p\" data-v-66cc25a1=\"\">50R01\/6297-INGREDIENTS: AQUA\/WATER\/EAU, SODIUM LAURETH SULFATE, COCAMIDOPROPYL BETAINE, SODIUM CHLORIDE, CITRIC ACID, PIROCTONE OLAMINE, PARFUM (FRAGRANCE), GUAR HYDROXYPROPYLTRIMONIUM CHLORIDE, POTASSIUM SORBATE, SODIUM BENZOATE, HEXAMIDINE DIISETHIONATE, CEDRUS ATLANTICA WOOD OIL. La liste des ingr\u00e9dients peut \u00eatre soumise \u00e0 des mises \u00e0 jour, nous vous conseillons de vous r\u00e9f\u00e9rer \u00e0 la liste des ingr\u00e9dients sur l&#8217;emballage du produit.<\/p>","protected":false},"excerpt":{"rendered":"<p>Shampooings antipelliculaires P\u00e9trole Hahn ont des formules haute performance, \u00e0 l&rsquo;efficacit\u00e9 prouv\u00e9e qui \u00e9liminent durablement et d\u00e8s la 1e utilisation 100% des pellicules.<\/p>","protected":false},"featured_media":16806,"comment_status":"open","ping_status":"closed","template":"","meta":[],"product_brand":[],"product_cat":[75,72,254,111,159,95,92],"product_tag":[125],"class_list":{"0":"post-3065","1":"product","2":"type-product","3":"status-publish","4":"has-post-thumbnail","6":"product_cat-femme","7":"product_cat-homme","8":"product_cat-petrole-hahn","9":"product_cat-shampoing-f","10":"product_cat-shampoing-h","11":"product_cat-soin-cheveux-f","12":"product_cat-soin-cheveux-h","13":"product_tag-made-in-france","15":"first","16":"outofstock","17":"shipping-taxable","18":"purchasable","19":"product-type-simple"},"_links":{"self":[{"href":"https:\/\/cosmeticstoredz.com\/ar\/wp-json\/wp\/v2\/product\/3065","targetHints":{"allow":["GET"]}}],"collection":[{"href":"https:\/\/cosmeticstoredz.com\/ar\/wp-json\/wp\/v2\/product"}],"about":[{"href":"https:\/\/cosmeticstoredz.com\/ar\/wp-json\/wp\/v2\/types\/product"}],"replies":[{"embeddable":true,"href":"https:\/\/cosmeticstoredz.com\/ar\/wp-json\/wp\/v2\/comments?post=3065"}],"version-history":[{"count":1,"href":"https:\/\/cosmeticstoredz.com\/ar\/wp-json\/wp\/v2\/product\/3065\/revisions"}],"predecessor-version":[{"id":16807,"href":"https:\/\/cosmeticstoredz.com\/ar\/wp-json\/wp\/v2\/product\/3065\/revisions\/16807"}],"wp:featuredmedia":[{"embeddable":true,"href":"https:\/\/cosmeticstoredz.com\/ar\/wp-json\/wp\/v2\/media\/16806"}],"wp:attachment":[{"href":"https:\/\/cosmeticstoredz.com\/ar\/wp-json\/wp\/v2\/media?parent=3065"}],"wp:term":[{"taxonomy":"product_brand","embeddable":true,"href":"https:\/\/cosmeticstoredz.com\/ar\/wp-json\/wp\/v2\/product_brand?post=3065"},{"taxonomy":"product_cat","embeddable":true,"href":"https:\/\/cosmeticstoredz.com\/ar\/wp-json\/wp\/v2\/product_cat?post=3065"},{"taxonomy":"product_tag","embeddable":true,"href":"https:\/\/cosmeticstoredz.com\/ar\/wp-json\/wp\/v2\/product_tag?post=3065"}],"curies":[{"name":"wp","href":"https:\/\/api.w.org\/{rel}","templated":true}]}}