{"id":2892,"date":"2026-02-16T09:00:25","date_gmt":"2026-02-16T09:00:25","guid":{"rendered":"https:\/\/test.fitnessworldgym27.com\/?post_type=product&#038;p=2892"},"modified":"2026-03-30T19:25:37","modified_gmt":"2026-03-30T19:25:37","slug":"oe-soin-intime-150ml-odeur-protect","status":"publish","type":"product","link":"https:\/\/cosmeticstoredz.com\/ar\/product\/oe-soin-intime-150ml-odeur-protect\/","title":{"rendered":"OE SOIN INTIME 150ML ODEUR PROTECT"},"content":{"rendered":"<p>Les soins intimes O\u00c9 sont sp\u00e9cialement formul\u00e9s pour respecter l&rsquo;\u00e9quilibre de la zone intime. Pour \u00eatre s\u00fbre de soi en toutes circonstances &#8230; Produits test\u00e9s sous contr\u00f4le gyn\u00e9cologique. Sans paraben. Sp\u00e9cialement formul\u00e9 pour la toilette quotidienne de la zone intime et enrichi en actif absorbeur d\u2019odeurs, le Soin Toilette Intime nettoie en douceur et prot\u00e8ge contre les mauvaises odeurs.<\/p>\n<p><strong>INGR\u00c9DIENTS<\/strong><\/p>\n<p>Aqua(Water), Sodium Laureth Sulfate, Disodium Cocoamphodiacetate, Sodium Chloride, Glycerin, Zinc Ricinoleate, Polyquaternium-10, Tocopherol, Glyceryl Oleate, Hydrogenated Palm Glycerides Citrate, Coco-Glucoside, Propanediol, Parfum (Fragrance), Tetrasodium Glutamate Diacetate, Lactic Acid, Sodium Benzoate, Potassium Sorbate, Citric Acid, Ci 42090 (Blue 1).<\/p>\n<p><strong>CONSEILS<\/strong><\/p>\n<p>Appliquer sur la zone intime et effectuer une toilette externe. Rincer soigneusement \u00e0 l&rsquo;eau claire.<\/p>","protected":false},"excerpt":{"rendered":"<p>Les soins intimes O\u00c9 sont sp\u00e9cialement formul\u00e9s pour respecter l&rsquo;\u00e9quilibre de la zone intime. Pour \u00eatre s\u00fbre de soi en toutes circonstances<\/p>","protected":false},"featured_media":2957,"comment_status":"closed","ping_status":"closed","template":"","meta":[],"product_brand":[],"product_cat":[75,246,81],"product_tag":[125],"class_list":{"0":"post-2892","1":"product","2":"type-product","3":"status-publish","4":"has-post-thumbnail","6":"product_cat-femme","7":"product_cat-oe","8":"product_cat-soin-corps-f","9":"product_tag-made-in-france","11":"first","12":"instock","13":"shipping-taxable","14":"purchasable","15":"product-type-simple"},"_links":{"self":[{"href":"https:\/\/cosmeticstoredz.com\/ar\/wp-json\/wp\/v2\/product\/2892","targetHints":{"allow":["GET"]}}],"collection":[{"href":"https:\/\/cosmeticstoredz.com\/ar\/wp-json\/wp\/v2\/product"}],"about":[{"href":"https:\/\/cosmeticstoredz.com\/ar\/wp-json\/wp\/v2\/types\/product"}],"replies":[{"embeddable":true,"href":"https:\/\/cosmeticstoredz.com\/ar\/wp-json\/wp\/v2\/comments?post=2892"}],"version-history":[{"count":1,"href":"https:\/\/cosmeticstoredz.com\/ar\/wp-json\/wp\/v2\/product\/2892\/revisions"}],"predecessor-version":[{"id":2958,"href":"https:\/\/cosmeticstoredz.com\/ar\/wp-json\/wp\/v2\/product\/2892\/revisions\/2958"}],"wp:featuredmedia":[{"embeddable":true,"href":"https:\/\/cosmeticstoredz.com\/ar\/wp-json\/wp\/v2\/media\/2957"}],"wp:attachment":[{"href":"https:\/\/cosmeticstoredz.com\/ar\/wp-json\/wp\/v2\/media?parent=2892"}],"wp:term":[{"taxonomy":"product_brand","embeddable":true,"href":"https:\/\/cosmeticstoredz.com\/ar\/wp-json\/wp\/v2\/product_brand?post=2892"},{"taxonomy":"product_cat","embeddable":true,"href":"https:\/\/cosmeticstoredz.com\/ar\/wp-json\/wp\/v2\/product_cat?post=2892"},{"taxonomy":"product_tag","embeddable":true,"href":"https:\/\/cosmeticstoredz.com\/ar\/wp-json\/wp\/v2\/product_tag?post=2892"}],"curies":[{"name":"wp","href":"https:\/\/api.w.org\/{rel}","templated":true}]}}