{"id":2886,"date":"2026-02-16T09:00:25","date_gmt":"2026-02-16T09:00:25","guid":{"rendered":"https:\/\/test.fitnessworldgym27.com\/?post_type=product&#038;p=2886"},"modified":"2026-03-30T19:25:06","modified_gmt":"2026-03-30T19:25:06","slug":"ellea-gel-pour-toilette-intime-200ml-aloe-vera","status":"publish","type":"product","link":"https:\/\/cosmeticstoredz.com\/ar\/product\/ellea-gel-pour-toilette-intime-200ml-aloe-vera\/","title":{"rendered":"ELLEA GEL POUR TOILETTE INTIME 200ML ALOE VERA"},"content":{"rendered":"<p>Les soins intimes O\u00c9 sont sp\u00e9cialement formul\u00e9s pour respecter l&rsquo;\u00e9quilibre de la zone intime. Pour \u00eatre s\u00fbre de soi en toutes circonstances &#8230; Produits test\u00e9s sous contr\u00f4le gyn\u00e9cologique. Sans paraben.<\/p>\n<p>Le soin toilette intime O\u00c9 sp\u00e9cialement con\u00e7u pour la toilette intime quotidienne<\/p>","protected":false},"excerpt":{"rendered":"<p>Oe Gel Intime &#8211; Soin De Toilette &#8211; Aloe Vera Bio &#8211; Peaux Sensibles &#8211; 200 Ml<\/p>","protected":false},"featured_media":2946,"comment_status":"open","ping_status":"closed","template":"","meta":[],"product_brand":[],"product_cat":[75,140,246,81],"product_tag":[],"class_list":{"0":"post-2886","1":"product","2":"type-product","3":"status-publish","4":"has-post-thumbnail","6":"product_cat-femme","7":"product_cat-gel-intime","8":"product_cat-oe","9":"product_cat-soin-corps-f","11":"first","12":"outofstock","13":"shipping-taxable","14":"purchasable","15":"product-type-simple"},"_links":{"self":[{"href":"https:\/\/cosmeticstoredz.com\/ar\/wp-json\/wp\/v2\/product\/2886","targetHints":{"allow":["GET"]}}],"collection":[{"href":"https:\/\/cosmeticstoredz.com\/ar\/wp-json\/wp\/v2\/product"}],"about":[{"href":"https:\/\/cosmeticstoredz.com\/ar\/wp-json\/wp\/v2\/types\/product"}],"replies":[{"embeddable":true,"href":"https:\/\/cosmeticstoredz.com\/ar\/wp-json\/wp\/v2\/comments?post=2886"}],"version-history":[{"count":1,"href":"https:\/\/cosmeticstoredz.com\/ar\/wp-json\/wp\/v2\/product\/2886\/revisions"}],"predecessor-version":[{"id":2947,"href":"https:\/\/cosmeticstoredz.com\/ar\/wp-json\/wp\/v2\/product\/2886\/revisions\/2947"}],"wp:featuredmedia":[{"embeddable":true,"href":"https:\/\/cosmeticstoredz.com\/ar\/wp-json\/wp\/v2\/media\/2946"}],"wp:attachment":[{"href":"https:\/\/cosmeticstoredz.com\/ar\/wp-json\/wp\/v2\/media?parent=2886"}],"wp:term":[{"taxonomy":"product_brand","embeddable":true,"href":"https:\/\/cosmeticstoredz.com\/ar\/wp-json\/wp\/v2\/product_brand?post=2886"},{"taxonomy":"product_cat","embeddable":true,"href":"https:\/\/cosmeticstoredz.com\/ar\/wp-json\/wp\/v2\/product_cat?post=2886"},{"taxonomy":"product_tag","embeddable":true,"href":"https:\/\/cosmeticstoredz.com\/ar\/wp-json\/wp\/v2\/product_tag?post=2886"}],"curies":[{"name":"wp","href":"https:\/\/api.w.org\/{rel}","templated":true}]}}