{"id":2884,"date":"2026-02-16T09:00:25","date_gmt":"2026-02-16T09:00:25","guid":{"rendered":"https:\/\/test.fitnessworldgym27.com\/?post_type=product&#038;p=2884"},"modified":"2026-03-30T19:25:37","modified_gmt":"2026-03-30T19:25:37","slug":"oe-gel-pour-toilette-intime-200ml-voile-douceur","status":"publish","type":"product","link":"https:\/\/cosmeticstoredz.com\/ar\/product\/oe-gel-pour-toilette-intime-200ml-voile-douceur\/","title":{"rendered":"OE GEL POUR TOILETTE INTIME 200ML VOILE DOUCEUR"},"content":{"rendered":"<header class=\"header\">\n<section class=\"row -i-ctr -fw-nw -pvm\"><\/section>\n<\/header>\n<div class=\"row\">\n<div class=\"col12\">\n<div class=\"card aim -mtm\">\n<header class=\"-pvs -bb\">\n<p class=\"-fs20 -m -phm -pvxs\"><span style=\"color: #333333;font-size: 16px\">Les soins intimes O\u00c9 sont sp\u00e9cialement formul\u00e9s pour respecter l&rsquo;\u00e9quilibre de la zone intime. Pour \u00eatre s\u00fbre de soi en toutes circonstances &#8230; Produits test\u00e9s sous contr\u00f4le gyn\u00e9cologique. Sans paraben.<\/span><\/p>\n<\/header>\n<div class=\"markup -mhm -pvl -oxa -sc\">\n<ul>\n<li>\n<p class=\"sc-gojNiO gGJNfw\">Le soin toilette intime O\u00c9 sp\u00e9cialement con\u00e7u pour la toilette intime quotidienne.<\/p>\n<\/li>\n<li>Il convient particuli\u00e8rement aux peaux sensibles : enrichi en aloe vera bio et formul\u00e9 sans paraben, il nettoie en douceur au quotidien.<\/li>\n<li>Enrichi en Aloe vera aux vertus apaisantes, le Soin Toilette Intime nettoie en douceur la flore intime.<strong>Conseils d&rsquo;utilisation :<\/strong><\/li>\n<li>\u00a0Appliquer sur la zone intime et effectuer une toilette externe. Rincer soigneusement \u00e0 l&rsquo;eau claire.<\/li>\n<\/ul>\n<\/div>\n<\/div>\n<\/div>\n<\/div>","protected":false},"excerpt":{"rendered":"<p class=\"-fs20 -pts -pbxs\">Oe Gel Intime &#8211; Soin De Toilette &#8211; Aloe Vera Bio &#8211; Peaux Sensible<\/p>","protected":false},"featured_media":2942,"comment_status":"closed","ping_status":"closed","template":"","meta":[],"product_brand":[],"product_cat":[75,140,81],"product_tag":[125],"class_list":{"0":"post-2884","1":"product","2":"type-product","3":"status-publish","4":"has-post-thumbnail","6":"product_cat-femme","7":"product_cat-gel-intime","8":"product_cat-soin-corps-f","9":"product_tag-made-in-france","11":"first","12":"instock","13":"featured","14":"shipping-taxable","15":"purchasable","16":"product-type-simple"},"_links":{"self":[{"href":"https:\/\/cosmeticstoredz.com\/ar\/wp-json\/wp\/v2\/product\/2884","targetHints":{"allow":["GET"]}}],"collection":[{"href":"https:\/\/cosmeticstoredz.com\/ar\/wp-json\/wp\/v2\/product"}],"about":[{"href":"https:\/\/cosmeticstoredz.com\/ar\/wp-json\/wp\/v2\/types\/product"}],"replies":[{"embeddable":true,"href":"https:\/\/cosmeticstoredz.com\/ar\/wp-json\/wp\/v2\/comments?post=2884"}],"version-history":[{"count":1,"href":"https:\/\/cosmeticstoredz.com\/ar\/wp-json\/wp\/v2\/product\/2884\/revisions"}],"predecessor-version":[{"id":2943,"href":"https:\/\/cosmeticstoredz.com\/ar\/wp-json\/wp\/v2\/product\/2884\/revisions\/2943"}],"wp:featuredmedia":[{"embeddable":true,"href":"https:\/\/cosmeticstoredz.com\/ar\/wp-json\/wp\/v2\/media\/2942"}],"wp:attachment":[{"href":"https:\/\/cosmeticstoredz.com\/ar\/wp-json\/wp\/v2\/media?parent=2884"}],"wp:term":[{"taxonomy":"product_brand","embeddable":true,"href":"https:\/\/cosmeticstoredz.com\/ar\/wp-json\/wp\/v2\/product_brand?post=2884"},{"taxonomy":"product_cat","embeddable":true,"href":"https:\/\/cosmeticstoredz.com\/ar\/wp-json\/wp\/v2\/product_cat?post=2884"},{"taxonomy":"product_tag","embeddable":true,"href":"https:\/\/cosmeticstoredz.com\/ar\/wp-json\/wp\/v2\/product_tag?post=2884"}],"curies":[{"name":"wp","href":"https:\/\/api.w.org\/{rel}","templated":true}]}}