{"id":2855,"date":"2026-02-16T09:00:04","date_gmt":"2026-02-16T09:00:04","guid":{"rendered":"https:\/\/test.fitnessworldgym27.com\/?post_type=product&#038;p=2855"},"modified":"2026-03-30T19:25:37","modified_gmt":"2026-03-30T19:25:37","slug":"oe-gel-douche-plaisir-250ml-vanille","status":"publish","type":"product","link":"https:\/\/cosmeticstoredz.com\/ar\/product\/oe-gel-douche-plaisir-250ml-vanille\/","title":{"rendered":"OE GEL DOUCHE PLAISIR 250ML VANILLE"},"content":{"rendered":"<p>Laissez-vous emporter par la douceur in\u00e9gal\u00e9e du Gel Douche Plaisir OE Vanille avec son Parfum gourmand et envo\u00fbtant. Prenez du plaisir apr\u00e8s chaque douche avec La gamme hygi\u00e8ne et soin corps O\u00c9 qui apporte une r\u00e9ponse simple et efficace \u00e0 tous vos besoins quotidien.<\/p>\n<p>Votre peau m\u00e9rite d\u2019\u00eatre trait\u00e9e avec soin\u00a0!<\/p>","protected":false},"excerpt":{"rendered":"<p>Parfum gourmand et envo\u00fbtant.<\/p>","protected":false},"featured_media":2940,"comment_status":"open","ping_status":"closed","template":"","meta":[],"product_brand":[],"product_cat":[75,169,246,81],"product_tag":[125],"class_list":{"0":"post-2855","1":"product","2":"type-product","3":"status-publish","4":"has-post-thumbnail","6":"product_cat-femme","7":"product_cat-gel-douche-f","8":"product_cat-oe","9":"product_cat-soin-corps-f","10":"product_tag-made-in-france","12":"first","13":"instock","14":"shipping-taxable","15":"purchasable","16":"product-type-simple"},"_links":{"self":[{"href":"https:\/\/cosmeticstoredz.com\/ar\/wp-json\/wp\/v2\/product\/2855","targetHints":{"allow":["GET"]}}],"collection":[{"href":"https:\/\/cosmeticstoredz.com\/ar\/wp-json\/wp\/v2\/product"}],"about":[{"href":"https:\/\/cosmeticstoredz.com\/ar\/wp-json\/wp\/v2\/types\/product"}],"replies":[{"embeddable":true,"href":"https:\/\/cosmeticstoredz.com\/ar\/wp-json\/wp\/v2\/comments?post=2855"}],"version-history":[{"count":1,"href":"https:\/\/cosmeticstoredz.com\/ar\/wp-json\/wp\/v2\/product\/2855\/revisions"}],"predecessor-version":[{"id":2941,"href":"https:\/\/cosmeticstoredz.com\/ar\/wp-json\/wp\/v2\/product\/2855\/revisions\/2941"}],"wp:featuredmedia":[{"embeddable":true,"href":"https:\/\/cosmeticstoredz.com\/ar\/wp-json\/wp\/v2\/media\/2940"}],"wp:attachment":[{"href":"https:\/\/cosmeticstoredz.com\/ar\/wp-json\/wp\/v2\/media?parent=2855"}],"wp:term":[{"taxonomy":"product_brand","embeddable":true,"href":"https:\/\/cosmeticstoredz.com\/ar\/wp-json\/wp\/v2\/product_brand?post=2855"},{"taxonomy":"product_cat","embeddable":true,"href":"https:\/\/cosmeticstoredz.com\/ar\/wp-json\/wp\/v2\/product_cat?post=2855"},{"taxonomy":"product_tag","embeddable":true,"href":"https:\/\/cosmeticstoredz.com\/ar\/wp-json\/wp\/v2\/product_tag?post=2855"}],"curies":[{"name":"wp","href":"https:\/\/api.w.org\/{rel}","templated":true}]}}