{"id":2846,"date":"2026-02-16T09:00:04","date_gmt":"2026-02-16T09:00:04","guid":{"rendered":"https:\/\/test.fitnessworldgym27.com\/?post_type=product&#038;p=2846"},"modified":"2026-03-30T19:25:36","modified_gmt":"2026-03-30T19:25:36","slug":"oe-gel-douche-hommes-250ml-mineral","status":"publish","type":"product","link":"https:\/\/cosmeticstoredz.com\/ar\/product\/oe-gel-douche-hommes-250ml-mineral\/","title":{"rendered":"OE GEL DOUCHE HOMMES 250ML MINERAL"},"content":{"rendered":"<p>Les gels douches O\u00c9 men nettoient et prennent soin du corps au quotidien. Enrichis en agents rafra\u00eechissants et min\u00e9raux revitalisants, ils transforment la douche en un pur moment de plaisir pour faire le plein d&rsquo;\u00e9nergie active d\u00e8s le r\u00e9veil.<\/p>","protected":false},"excerpt":{"rendered":"<p>Les gels douches O\u00c9 men nettoient et prennent soin du corps au quotidien. Enrichis en agents rafra\u00eechissants et min\u00e9raux revitalisants,<\/p>","protected":false},"featured_media":2910,"comment_status":"open","ping_status":"closed","template":"","meta":[],"product_brand":[],"product_cat":[75,169,74,72,246,81],"product_tag":[90],"class_list":{"0":"post-2846","1":"product","2":"type-product","3":"status-publish","4":"has-post-thumbnail","6":"product_cat-femme","7":"product_cat-gel-douche-f","8":"product_cat-gel-douche-h","9":"product_cat-homme","10":"product_cat-oe","11":"product_cat-soin-corps-f","12":"product_tag-made-in-algeria","14":"first","15":"instock","16":"shipping-taxable","17":"purchasable","18":"product-type-simple"},"_links":{"self":[{"href":"https:\/\/cosmeticstoredz.com\/ar\/wp-json\/wp\/v2\/product\/2846","targetHints":{"allow":["GET"]}}],"collection":[{"href":"https:\/\/cosmeticstoredz.com\/ar\/wp-json\/wp\/v2\/product"}],"about":[{"href":"https:\/\/cosmeticstoredz.com\/ar\/wp-json\/wp\/v2\/types\/product"}],"replies":[{"embeddable":true,"href":"https:\/\/cosmeticstoredz.com\/ar\/wp-json\/wp\/v2\/comments?post=2846"}],"version-history":[{"count":1,"href":"https:\/\/cosmeticstoredz.com\/ar\/wp-json\/wp\/v2\/product\/2846\/revisions"}],"predecessor-version":[{"id":2911,"href":"https:\/\/cosmeticstoredz.com\/ar\/wp-json\/wp\/v2\/product\/2846\/revisions\/2911"}],"wp:featuredmedia":[{"embeddable":true,"href":"https:\/\/cosmeticstoredz.com\/ar\/wp-json\/wp\/v2\/media\/2910"}],"wp:attachment":[{"href":"https:\/\/cosmeticstoredz.com\/ar\/wp-json\/wp\/v2\/media?parent=2846"}],"wp:term":[{"taxonomy":"product_brand","embeddable":true,"href":"https:\/\/cosmeticstoredz.com\/ar\/wp-json\/wp\/v2\/product_brand?post=2846"},{"taxonomy":"product_cat","embeddable":true,"href":"https:\/\/cosmeticstoredz.com\/ar\/wp-json\/wp\/v2\/product_cat?post=2846"},{"taxonomy":"product_tag","embeddable":true,"href":"https:\/\/cosmeticstoredz.com\/ar\/wp-json\/wp\/v2\/product_tag?post=2846"}],"curies":[{"name":"wp","href":"https:\/\/api.w.org\/{rel}","templated":true}]}}