{"id":2809,"date":"2026-02-16T08:59:43","date_gmt":"2026-02-16T08:59:43","guid":{"rendered":"https:\/\/test.fitnessworldgym27.com\/?post_type=product&#038;p=2809"},"modified":"2026-03-30T19:25:36","modified_gmt":"2026-03-30T19:25:36","slug":"oe-deo-spray-200ml-purple-dream","status":"publish","type":"product","link":"https:\/\/cosmeticstoredz.com\/ar\/product\/oe-deo-spray-200ml-purple-dream\/","title":{"rendered":"OE DEO SPRAY 200ML PURPLE DREAM"},"content":{"rendered":"<div class=\"wd-nav-wrapper wd-nav-tabs-wrapper text-center\">\n<p>D\u00e9odorants fra\u00eecheur \u00e0 l\u2019efficacit\u00e9 48h. Tout au long de la journ\u00e9e, les d\u00e9odorants Fra\u00eecheur Parfum\u00e9e vous procurent une agr\u00e9able sensation de fra\u00eecheur et de bien-\u00eatre. D\u00e9couvrez leurs parfums d\u00e9velopp\u00e9s par des parfumeurs fran\u00e7ais. Sans sels d\u2019aluminium. A\u00e9rosol de 200ML<\/p>\n<\/div>","protected":false},"excerpt":{"rendered":"<p>D\u00e9odorants fra\u00eecheur \u00e0 l\u2019efficacit\u00e9 48h. Tout au long de la journ\u00e9e, les d\u00e9odorants Fra\u00eecheur Parfum\u00e9e vous procurent une agr\u00e9able sensation<\/p>","protected":false},"featured_media":2882,"comment_status":"open","ping_status":"closed","template":"","meta":[],"product_brand":[],"product_cat":[79,75,246,78],"product_tag":[90],"class_list":{"0":"post-2809","1":"product","2":"type-product","3":"status-publish","4":"has-post-thumbnail","6":"product_cat-deodorant-f","7":"product_cat-femme","8":"product_cat-oe","9":"product_cat-parfum-f","10":"product_tag-made-in-algeria","12":"first","13":"instock","14":"shipping-taxable","15":"purchasable","16":"product-type-simple"},"_links":{"self":[{"href":"https:\/\/cosmeticstoredz.com\/ar\/wp-json\/wp\/v2\/product\/2809","targetHints":{"allow":["GET"]}}],"collection":[{"href":"https:\/\/cosmeticstoredz.com\/ar\/wp-json\/wp\/v2\/product"}],"about":[{"href":"https:\/\/cosmeticstoredz.com\/ar\/wp-json\/wp\/v2\/types\/product"}],"replies":[{"embeddable":true,"href":"https:\/\/cosmeticstoredz.com\/ar\/wp-json\/wp\/v2\/comments?post=2809"}],"version-history":[{"count":1,"href":"https:\/\/cosmeticstoredz.com\/ar\/wp-json\/wp\/v2\/product\/2809\/revisions"}],"predecessor-version":[{"id":2883,"href":"https:\/\/cosmeticstoredz.com\/ar\/wp-json\/wp\/v2\/product\/2809\/revisions\/2883"}],"wp:featuredmedia":[{"embeddable":true,"href":"https:\/\/cosmeticstoredz.com\/ar\/wp-json\/wp\/v2\/media\/2882"}],"wp:attachment":[{"href":"https:\/\/cosmeticstoredz.com\/ar\/wp-json\/wp\/v2\/media?parent=2809"}],"wp:term":[{"taxonomy":"product_brand","embeddable":true,"href":"https:\/\/cosmeticstoredz.com\/ar\/wp-json\/wp\/v2\/product_brand?post=2809"},{"taxonomy":"product_cat","embeddable":true,"href":"https:\/\/cosmeticstoredz.com\/ar\/wp-json\/wp\/v2\/product_cat?post=2809"},{"taxonomy":"product_tag","embeddable":true,"href":"https:\/\/cosmeticstoredz.com\/ar\/wp-json\/wp\/v2\/product_tag?post=2809"}],"curies":[{"name":"wp","href":"https:\/\/api.w.org\/{rel}","templated":true}]}}