{"id":2808,"date":"2026-02-16T08:59:43","date_gmt":"2026-02-16T08:59:43","guid":{"rendered":"https:\/\/test.fitnessworldgym27.com\/?post_type=product&#038;p=2808"},"modified":"2026-03-30T19:25:36","modified_gmt":"2026-03-30T19:25:36","slug":"oe-deo-spray-200ml-just-delicious","status":"publish","type":"product","link":"https:\/\/cosmeticstoredz.com\/ar\/product\/oe-deo-spray-200ml-just-delicious\/","title":{"rendered":"OE DEO SPRAY 200ML JUST DELICIOUS"},"content":{"rendered":"<p>Parfumez-vous d\u2019un ar\u00f4me subtil et joyeux, avec ce merveilleux d\u00e9odorant Originel et Essentiel. Sa formule sans parab\u00e8ne est ultra efficace, pour une fra\u00eecheur longue dur\u00e9e. Tout au long de la journ\u00e9e, il vous procure une sensation de bien-\u00eatre. C\u2019est le d\u00e9odorant parfait pour les rendez-vous d\u2019affaires ou les d\u00eeners en amoureux. Il prot\u00e8ge efficacement avec une composition sans sels d&rsquo;aluminium. Optez pour la qualit\u00e9 en vous procurant cet exceptionnel d\u00e9odorant Originel et Essentiel.<\/p>","protected":false},"excerpt":{"rendered":"<p>Parfumez-vous d\u2019un ar\u00f4me subtil et joyeux, avec ce merveilleux d\u00e9odorant Originel et Essentiel. Sa formule sans parab\u00e8ne est ultra efficace,<\/p>","protected":false},"featured_media":2880,"comment_status":"open","ping_status":"closed","template":"","meta":[],"product_brand":[],"product_cat":[79,75,246,78],"product_tag":[],"class_list":{"0":"post-2808","1":"product","2":"type-product","3":"status-publish","4":"has-post-thumbnail","6":"product_cat-deodorant-f","7":"product_cat-femme","8":"product_cat-oe","9":"product_cat-parfum-f","11":"first","12":"outofstock","13":"shipping-taxable","14":"purchasable","15":"product-type-simple"},"_links":{"self":[{"href":"https:\/\/cosmeticstoredz.com\/ar\/wp-json\/wp\/v2\/product\/2808","targetHints":{"allow":["GET"]}}],"collection":[{"href":"https:\/\/cosmeticstoredz.com\/ar\/wp-json\/wp\/v2\/product"}],"about":[{"href":"https:\/\/cosmeticstoredz.com\/ar\/wp-json\/wp\/v2\/types\/product"}],"replies":[{"embeddable":true,"href":"https:\/\/cosmeticstoredz.com\/ar\/wp-json\/wp\/v2\/comments?post=2808"}],"version-history":[{"count":1,"href":"https:\/\/cosmeticstoredz.com\/ar\/wp-json\/wp\/v2\/product\/2808\/revisions"}],"predecessor-version":[{"id":2881,"href":"https:\/\/cosmeticstoredz.com\/ar\/wp-json\/wp\/v2\/product\/2808\/revisions\/2881"}],"wp:featuredmedia":[{"embeddable":true,"href":"https:\/\/cosmeticstoredz.com\/ar\/wp-json\/wp\/v2\/media\/2880"}],"wp:attachment":[{"href":"https:\/\/cosmeticstoredz.com\/ar\/wp-json\/wp\/v2\/media?parent=2808"}],"wp:term":[{"taxonomy":"product_brand","embeddable":true,"href":"https:\/\/cosmeticstoredz.com\/ar\/wp-json\/wp\/v2\/product_brand?post=2808"},{"taxonomy":"product_cat","embeddable":true,"href":"https:\/\/cosmeticstoredz.com\/ar\/wp-json\/wp\/v2\/product_cat?post=2808"},{"taxonomy":"product_tag","embeddable":true,"href":"https:\/\/cosmeticstoredz.com\/ar\/wp-json\/wp\/v2\/product_tag?post=2808"}],"curies":[{"name":"wp","href":"https:\/\/api.w.org\/{rel}","templated":true}]}}