{"id":2807,"date":"2026-02-16T08:59:43","date_gmt":"2026-02-16T08:59:43","guid":{"rendered":"https:\/\/test.fitnessworldgym27.com\/?post_type=product&#038;p=2807"},"modified":"2026-03-30T19:25:36","modified_gmt":"2026-03-30T19:25:36","slug":"oe-deo-spray-200ml-isla-vanilla","status":"publish","type":"product","link":"https:\/\/cosmeticstoredz.com\/ar\/product\/oe-deo-spray-200ml-isla-vanilla\/","title":{"rendered":"OE DEO SPRAY 200ML ISLA VANILLA"},"content":{"rendered":"<p><strong><u>Description<\/u><\/strong><\/p>\n<p>Ces d\u00e9odorants vous offre une fra\u00eecheur \u00e0 l\u2019efficacit\u00e9 48h. Les d\u00e9odorants Fra\u00eecheur Parfum\u00e9e vous procurent une agr\u00e9able sensation de fra\u00eecheur et de bien-\u00eatre. D\u00e9couvrez leurs saveurs exotiques d\u00e9velopp\u00e9s par des parfumeurs fran\u00e7ais. Sans sels d\u2019aluminium et sans parab\u00e8nes.<\/p>\n<p>Optez pour le bon parfum, n\u2019attendez pas passez votre commande\u00a0!<\/p>","protected":false},"excerpt":{"rendered":"<p>Description Ces d\u00e9odorants vous offre une fra\u00eecheur \u00e0 l\u2019efficacit\u00e9 48h. Les d\u00e9odorants Fra\u00eecheur Parfum\u00e9e vous procurent une agr\u00e9able sensation de<\/p>","protected":false},"featured_media":2878,"comment_status":"open","ping_status":"closed","template":"","meta":[],"product_brand":[],"product_cat":[79,75,246,78],"product_tag":[125],"class_list":{"0":"post-2807","1":"product","2":"type-product","3":"status-publish","4":"has-post-thumbnail","6":"product_cat-deodorant-f","7":"product_cat-femme","8":"product_cat-oe","9":"product_cat-parfum-f","10":"product_tag-made-in-france","12":"first","13":"instock","14":"shipping-taxable","15":"purchasable","16":"product-type-simple"},"_links":{"self":[{"href":"https:\/\/cosmeticstoredz.com\/ar\/wp-json\/wp\/v2\/product\/2807","targetHints":{"allow":["GET"]}}],"collection":[{"href":"https:\/\/cosmeticstoredz.com\/ar\/wp-json\/wp\/v2\/product"}],"about":[{"href":"https:\/\/cosmeticstoredz.com\/ar\/wp-json\/wp\/v2\/types\/product"}],"replies":[{"embeddable":true,"href":"https:\/\/cosmeticstoredz.com\/ar\/wp-json\/wp\/v2\/comments?post=2807"}],"version-history":[{"count":1,"href":"https:\/\/cosmeticstoredz.com\/ar\/wp-json\/wp\/v2\/product\/2807\/revisions"}],"predecessor-version":[{"id":2879,"href":"https:\/\/cosmeticstoredz.com\/ar\/wp-json\/wp\/v2\/product\/2807\/revisions\/2879"}],"wp:featuredmedia":[{"embeddable":true,"href":"https:\/\/cosmeticstoredz.com\/ar\/wp-json\/wp\/v2\/media\/2878"}],"wp:attachment":[{"href":"https:\/\/cosmeticstoredz.com\/ar\/wp-json\/wp\/v2\/media?parent=2807"}],"wp:term":[{"taxonomy":"product_brand","embeddable":true,"href":"https:\/\/cosmeticstoredz.com\/ar\/wp-json\/wp\/v2\/product_brand?post=2807"},{"taxonomy":"product_cat","embeddable":true,"href":"https:\/\/cosmeticstoredz.com\/ar\/wp-json\/wp\/v2\/product_cat?post=2807"},{"taxonomy":"product_tag","embeddable":true,"href":"https:\/\/cosmeticstoredz.com\/ar\/wp-json\/wp\/v2\/product_tag?post=2807"}],"curies":[{"name":"wp","href":"https:\/\/api.w.org\/{rel}","templated":true}]}}