{"id":2806,"date":"2026-02-16T08:59:43","date_gmt":"2026-02-16T08:59:43","guid":{"rendered":"https:\/\/test.fitnessworldgym27.com\/?post_type=product&#038;p=2806"},"modified":"2026-03-30T19:25:36","modified_gmt":"2026-03-30T19:25:36","slug":"oe-deo-spray-200ml-flower-opus","status":"publish","type":"product","link":"https:\/\/cosmeticstoredz.com\/ar\/product\/oe-deo-spray-200ml-flower-opus\/","title":{"rendered":"OE DEO SPRAY 200ML FLOWER OPUS"},"content":{"rendered":"<header class=\"-pvs -bb\">\n<p class=\"-fs20 -m -phm -pvxs\">D\u00e9tails<\/p>\n<\/header>\n<div class=\"markup -mhm -pvl -oxa -sc\">\n<p>Oe D\u00e9odorant<\/p>\n<p>Emp\u00eache la formation de bact\u00e9ries et d&rsquo;odeurs d\u00e9sagr\u00e9ables, poss\u00e8de un parfum de parfum fran\u00e7ais persistant. Maintient une sensation d\u2019\u00e9nergie et de propret\u00e9 tout au long de la journ\u00e9e. Il dispose de 48 heures de protection. Il se caract\u00e9rise par un agr\u00e9able ar\u00f4me de musc et de fleurs. Recommand\u00e9 par les dermatologues.<\/p>\n<h3><\/h3>\n<\/div>","protected":false},"excerpt":{"rendered":"<p>D\u00e9tails Oe D\u00e9odorant Emp\u00eache la formation de bact\u00e9ries et d&rsquo;odeurs d\u00e9sagr\u00e9ables, poss\u00e8de un parfum de parfum fran\u00e7ais persistant. Maintient une<\/p>","protected":false},"featured_media":2876,"comment_status":"open","ping_status":"closed","template":"","meta":[],"product_brand":[],"product_cat":[79,75,246,78],"product_tag":[125],"class_list":{"0":"post-2806","1":"product","2":"type-product","3":"status-publish","4":"has-post-thumbnail","6":"product_cat-deodorant-f","7":"product_cat-femme","8":"product_cat-oe","9":"product_cat-parfum-f","10":"product_tag-made-in-france","12":"first","13":"instock","14":"shipping-taxable","15":"purchasable","16":"product-type-simple"},"_links":{"self":[{"href":"https:\/\/cosmeticstoredz.com\/ar\/wp-json\/wp\/v2\/product\/2806","targetHints":{"allow":["GET"]}}],"collection":[{"href":"https:\/\/cosmeticstoredz.com\/ar\/wp-json\/wp\/v2\/product"}],"about":[{"href":"https:\/\/cosmeticstoredz.com\/ar\/wp-json\/wp\/v2\/types\/product"}],"replies":[{"embeddable":true,"href":"https:\/\/cosmeticstoredz.com\/ar\/wp-json\/wp\/v2\/comments?post=2806"}],"version-history":[{"count":1,"href":"https:\/\/cosmeticstoredz.com\/ar\/wp-json\/wp\/v2\/product\/2806\/revisions"}],"predecessor-version":[{"id":2877,"href":"https:\/\/cosmeticstoredz.com\/ar\/wp-json\/wp\/v2\/product\/2806\/revisions\/2877"}],"wp:featuredmedia":[{"embeddable":true,"href":"https:\/\/cosmeticstoredz.com\/ar\/wp-json\/wp\/v2\/media\/2876"}],"wp:attachment":[{"href":"https:\/\/cosmeticstoredz.com\/ar\/wp-json\/wp\/v2\/media?parent=2806"}],"wp:term":[{"taxonomy":"product_brand","embeddable":true,"href":"https:\/\/cosmeticstoredz.com\/ar\/wp-json\/wp\/v2\/product_brand?post=2806"},{"taxonomy":"product_cat","embeddable":true,"href":"https:\/\/cosmeticstoredz.com\/ar\/wp-json\/wp\/v2\/product_cat?post=2806"},{"taxonomy":"product_tag","embeddable":true,"href":"https:\/\/cosmeticstoredz.com\/ar\/wp-json\/wp\/v2\/product_tag?post=2806"}],"curies":[{"name":"wp","href":"https:\/\/api.w.org\/{rel}","templated":true}]}}