{"id":2805,"date":"2026-02-16T08:59:43","date_gmt":"2026-02-16T08:59:43","guid":{"rendered":"https:\/\/test.fitnessworldgym27.com\/?post_type=product&#038;p=2805"},"modified":"2026-04-07T14:23:53","modified_gmt":"2026-04-07T14:23:53","slug":"oe-deo-spray-200ml-absolute-fresh","status":"publish","type":"product","link":"https:\/\/cosmeticstoredz.com\/ar\/product\/oe-deo-spray-200ml-absolute-fresh\/","title":{"rendered":"OE DEO SPRAY 200ML ABSOLUTE FRESH"},"content":{"rendered":"<p>D\u00e9odorants fra\u00eecheur \u00e0 l&rsquo;efficacit\u00e9 48h. Tout au long de la journ\u00e9e, les d\u00e9odorants Fra\u00eecheur Parfum\u00e9e vous procurent une agr\u00e9able sensation de fra\u00eecheur et de bien-\u00eatre. D\u00e9couvrez leurs parfums d\u00e9velopp\u00e9s par des parfumeurs fran\u00e7ais. Sans sels d&rsquo;aluminium. A\u00e9rosol de 200ML.<\/p>","protected":false},"excerpt":{"rendered":"<p>D\u00e9odorants fra\u00eecheur \u00e0 l&rsquo;efficacit\u00e9 48h. Tout au long de la journ\u00e9e, les d\u00e9odorants Fra\u00eecheur Parfum\u00e9e vous procurent une agr\u00e9able sensation<\/p>","protected":false},"featured_media":2874,"comment_status":"open","ping_status":"closed","template":"","meta":[],"product_brand":[],"product_cat":[79,75,246,78],"product_tag":[90],"class_list":{"0":"post-2805","1":"product","2":"type-product","3":"status-publish","4":"has-post-thumbnail","6":"product_cat-deodorant-f","7":"product_cat-femme","8":"product_cat-oe","9":"product_cat-parfum-f","10":"product_tag-made-in-algeria","12":"first","13":"outofstock","14":"shipping-taxable","15":"purchasable","16":"product-type-simple"},"_links":{"self":[{"href":"https:\/\/cosmeticstoredz.com\/ar\/wp-json\/wp\/v2\/product\/2805","targetHints":{"allow":["GET"]}}],"collection":[{"href":"https:\/\/cosmeticstoredz.com\/ar\/wp-json\/wp\/v2\/product"}],"about":[{"href":"https:\/\/cosmeticstoredz.com\/ar\/wp-json\/wp\/v2\/types\/product"}],"replies":[{"embeddable":true,"href":"https:\/\/cosmeticstoredz.com\/ar\/wp-json\/wp\/v2\/comments?post=2805"}],"version-history":[{"count":1,"href":"https:\/\/cosmeticstoredz.com\/ar\/wp-json\/wp\/v2\/product\/2805\/revisions"}],"predecessor-version":[{"id":2875,"href":"https:\/\/cosmeticstoredz.com\/ar\/wp-json\/wp\/v2\/product\/2805\/revisions\/2875"}],"wp:featuredmedia":[{"embeddable":true,"href":"https:\/\/cosmeticstoredz.com\/ar\/wp-json\/wp\/v2\/media\/2874"}],"wp:attachment":[{"href":"https:\/\/cosmeticstoredz.com\/ar\/wp-json\/wp\/v2\/media?parent=2805"}],"wp:term":[{"taxonomy":"product_brand","embeddable":true,"href":"https:\/\/cosmeticstoredz.com\/ar\/wp-json\/wp\/v2\/product_brand?post=2805"},{"taxonomy":"product_cat","embeddable":true,"href":"https:\/\/cosmeticstoredz.com\/ar\/wp-json\/wp\/v2\/product_cat?post=2805"},{"taxonomy":"product_tag","embeddable":true,"href":"https:\/\/cosmeticstoredz.com\/ar\/wp-json\/wp\/v2\/product_tag?post=2805"}],"curies":[{"name":"wp","href":"https:\/\/api.w.org\/{rel}","templated":true}]}}