{"id":2770,"date":"2026-02-16T08:59:20","date_gmt":"2026-02-16T08:59:20","guid":{"rendered":"https:\/\/test.fitnessworldgym27.com\/?post_type=product&#038;p=2770"},"modified":"2026-04-01T17:50:52","modified_gmt":"2026-04-01T17:50:52","slug":"oe-bebe-liniment","status":"publish","type":"product","link":"https:\/\/cosmeticstoredz.com\/ar\/product\/oe-bebe-liniment\/","title":{"rendered":"OE BEBE LINIMENT"},"content":{"rendered":"<p>Le liniment O\u00c9 Baby nettoie efficacement le si\u00e8ge, apaise et prot\u00e8ge la peau contre l&rsquo;apparition des rougeurs. Sa texture riche et onctueuse forme un film protecteur qui isole la peau des agressions ext\u00e9rieures. Sans parfum, \u00e0 l\u2019huile d\u2019olive, il contient 99% d\u2019ingr\u00e9dients d\u2019origine naturelle. Sp\u00e9cialement d\u00e9velopp\u00e9 pour la peau d\u00e9licate de b\u00e9b\u00e9. Hypoallerg\u00e9nique*, sans parabens**, test\u00e9 cliniquement. *Formul\u00e9 pour minimiser les risques d\u2019allergies, **Conserv\u00e9 sans parabens.<\/p>\n<p><strong>Ingredients :<\/strong><\/p>\n<p>Aqua (Water), Olea Europaea (Olive) Fruit Oil, Cyclopentasiloxane, Disteardimonium Hectorite, Propylene Carbonate, Calcium Hydroxide.<\/p>\n<p><strong>Conseils :<\/strong><\/p>\n<p>Bien agiter le flacon avant emploi. A chaque change, appliquer sur peau saine \u00e0 l\u2019aide d\u2019un coton et nettoyer d\u00e9licatement. Ne pas mettre en contact avec les yeux. Ne pas laisser \u00e0 la port\u00e9e des enfants. Ne pas rincer.<\/p>","protected":false},"excerpt":{"rendered":"<p>Le liniment O\u00c9 Baby nettoie efficacement le si\u00e8ge, apaise et prot\u00e8ge la peau contre l&rsquo;apparition des rougeurs.<\/p>","protected":false},"featured_media":2856,"comment_status":"open","ping_status":"closed","template":"","meta":[],"product_brand":[],"product_cat":[97,248,246],"product_tag":[125],"class_list":{"0":"post-2770","1":"product","2":"type-product","3":"status-publish","4":"has-post-thumbnail","6":"product_cat-bebe","7":"product_cat-creme-de-change","8":"product_cat-oe","9":"product_tag-made-in-france","11":"first","12":"instock","13":"shipping-taxable","14":"purchasable","15":"product-type-simple"},"_links":{"self":[{"href":"https:\/\/cosmeticstoredz.com\/ar\/wp-json\/wp\/v2\/product\/2770","targetHints":{"allow":["GET"]}}],"collection":[{"href":"https:\/\/cosmeticstoredz.com\/ar\/wp-json\/wp\/v2\/product"}],"about":[{"href":"https:\/\/cosmeticstoredz.com\/ar\/wp-json\/wp\/v2\/types\/product"}],"replies":[{"embeddable":true,"href":"https:\/\/cosmeticstoredz.com\/ar\/wp-json\/wp\/v2\/comments?post=2770"}],"version-history":[{"count":1,"href":"https:\/\/cosmeticstoredz.com\/ar\/wp-json\/wp\/v2\/product\/2770\/revisions"}],"predecessor-version":[{"id":2857,"href":"https:\/\/cosmeticstoredz.com\/ar\/wp-json\/wp\/v2\/product\/2770\/revisions\/2857"}],"wp:featuredmedia":[{"embeddable":true,"href":"https:\/\/cosmeticstoredz.com\/ar\/wp-json\/wp\/v2\/media\/2856"}],"wp:attachment":[{"href":"https:\/\/cosmeticstoredz.com\/ar\/wp-json\/wp\/v2\/media?parent=2770"}],"wp:term":[{"taxonomy":"product_brand","embeddable":true,"href":"https:\/\/cosmeticstoredz.com\/ar\/wp-json\/wp\/v2\/product_brand?post=2770"},{"taxonomy":"product_cat","embeddable":true,"href":"https:\/\/cosmeticstoredz.com\/ar\/wp-json\/wp\/v2\/product_cat?post=2770"},{"taxonomy":"product_tag","embeddable":true,"href":"https:\/\/cosmeticstoredz.com\/ar\/wp-json\/wp\/v2\/product_tag?post=2770"}],"curies":[{"name":"wp","href":"https:\/\/api.w.org\/{rel}","templated":true}]}}